{"id":8235,"date":"2025-11-05T12:49:51","date_gmt":"2025-11-05T12:49:51","guid":{"rendered":"https:\/\/www.merck.ca\/fr\/?page_id=8235"},"modified":"2025-11-05T15:24:40","modified_gmt":"2025-11-05T15:24:40","slug":"le-quebec-etend-le-financement-public-a-capvaxive","status":"publish","type":"page","link":"https:\/\/www.merck.ca\/fr\/newsroom-fr\/le-quebec-etend-le-financement-public-a-capvaxive\/","title":{"rendered":"Le Qu\u00e9bec \u00e9tend le financement public \u00e0 CAPVAXIVE\u00ae"},"content":{"rendered":"\n<h1 class=\"wp-block-heading\"><strong><strong><strong> <strong>Le Qu\u00e9bec \u00e9tend le financement public \u00e0 CAPVAXIVE<sup>\u00ae <\/sup><\/strong><sup> <\/sup><\/strong><\/strong><\/strong><\/h1>\n\n\n\n<p class=\"has-text-align-right\"><a href=\"https:\/\/www.merck.ca\/fr\/wp-content\/uploads\/sites\/83\/2025\/11\/News-release-to-announce-CAPVAXIVE-public-programs-FR_CLEAN.pdf\" rel=\"noreferrer noopener\"><svg xmlns=\"http:\/\/www.w3.org\/2000\/svg\" width=\"16\" height=\"16\" viewBox=\"0 0 16 16\">     <path fill=\"#00857C\" d=\"M2.556 3.894v9.326h10.888V3.894H15v9.326c0 .863-.7 1.555-1.556 1.555H2.556A1.555 1.555 0 0 1 1 13.22V3.894h1.556zM8.924.775v8.59L10.9 7.391l1.1 1.1-3.85 3.85-3.85-3.85 1.1-1.1 1.974 1.974V.775h1.551z\"> <\/path><\/svg> Download<\/a><\/p>\n\n\n\n<hr class=\"wp-block-separator has-css-opacity is-style-wide\"\/>\n\n\n\n<p class=\"has-text-align-center\"><\/p>\n\n\n\n<p>KIRKLAND (Qu\u00e9bec), le 5\u00a0novembre.\u00a0\u2013 Merck (NYSE\u00a0: MRK), connue sous le nom de MSD \u00e0 l\u2019ext\u00e9rieur des \u00c9tats-Unis et du Canada, a annonc\u00e9 aujourd\u2019hui que le Qu\u00e9bec a ajout\u00e9 CAPVAXIVE<sup>\u00ae<\/sup>, un vaccin antipneumococcique 21-valent conjugu\u00e9, \u00e0 leur programme d\u2019immunisation pour les adultes financ\u00e9s par les fonds publics. Gr\u00e2ce \u00e0 cet ajout, le vaccin est offert aux r\u00e9sidents admissibles selon les crit\u00e8res d\u00e9finis par la province, ce qui accro\u00eet l\u2019acc\u00e8s \u00e0 la vaccination antipneumococcique<sup>1<\/sup>.\u00a0\u00a0 \u00a0<\/p>\n\n\n\n<p>CAPVAXIVE<sup>\u00ae<\/sup> est approuv\u00e9 par Sant\u00e9&nbsp;Canada chez les adultes de 18&nbsp;ans ou plus pour l\u2019immunisation active pour pr\u00e9venir les pneumococcies invasives (y compris la sepsie, la m\u00e9ningite, la pneumonie bact\u00e9ri\u00e9mique, l\u2019empy\u00e8me pleural et la bact\u00e9ri\u00e9mie) caus\u00e9es par des s\u00e9rotypes de <em>Streptococcus pneumoniae<\/em> (3, 6A, 6C, 7F, 8, 9N, 10A, 11A, 12F, 15A, 15B, 15C, 16F, 17F, 19A, 20A, 22F, 23A, 23B, 24F, 31, 33F et 35B). Selon les donn\u00e9es de surveillance de l\u2019Agence de la sant\u00e9 publique du Canada (total combin\u00e9 pour la p\u00e9riode&nbsp;2019-2023), les s\u00e9rotypes inclus dans CAPVAXIVE<sup>\u00ae<\/sup> ont repr\u00e9sent\u00e9 les pourcentages suivants de cas de pneumococcies invasives chez les adultes&nbsp;:<\/p>\n\n\n\n<ul class=\"wp-block-list\">\n<li>~&nbsp;65&nbsp;% des sujets \u00e2g\u00e9s de 18 \u00e0 49&nbsp;ans;<\/li>\n\n\n\n<li>~&nbsp;74&nbsp;% des sujets \u00e2g\u00e9s de 50 \u00e0 64&nbsp;ans;<\/li>\n\n\n\n<li>~&nbsp;80&nbsp;% des sujets \u00e2g\u00e9s de \u2265&nbsp;65&nbsp;ans.<\/li>\n<\/ul>\n\n\n\n<p>Ces valeurs reposaient sur des donn\u00e9es de surveillance et ne refl\u00e8tent pas l\u2019efficacit\u00e9 de CAPVAXIVE<sup>\u00ae<\/sup>.<\/p>\n\n\n\n<p>\u00ab&nbsp;L\u2019am\u00e9lioration de l\u2019acc\u00e8s aux vaccins est au c\u0153ur de notre mission&nbsp;\u00bb, a d\u00e9clar\u00e9 Matthew&nbsp;Thornhill, directeur ex\u00e9cutif du groupe commercial Vaccins chez Merck&nbsp;Canada. \u00ab&nbsp;Nous saluons le leadership dont a fait preuve le Qu\u00e9bec en mettant \u00e0 jour son programme financ\u00e9 par les fonds publics avec CAPVAXIVE<sup>\u00ae<\/sup>. Nous continuerons \u00e0 travailler avec les partenaires provinciaux de la sant\u00e9 publique, les cliniciens et les associations de patients pour appuyer le d\u00e9ploiement, la sensibilisation et l\u2019acc\u00e8s \u00e9quitable \u00e0 la vaccination&nbsp;\u00bb.<\/p>\n\n\n\n<p>La d\u00e9cision de financer CAPVAXIVE<sup>\u00ae<\/sup> par les fonds publics fait suite aux recommandations du Comit\u00e9 consultatif national de l\u2019immunisation (CCNI), publi\u00e9es en novembre&nbsp;2024, d\u2019inclure ce vaccin comme option dans les programmes de vaccination antipneumococcique pour tous les adultes de 65&nbsp;ans ou plus et les adultes de moins de 65&nbsp;ans \u00e0 risque accru de pneumococcie invasive. Les personnes qui pourraient faire partie des groupes admissibles selon les crit\u00e8res d\u2019admissibilit\u00e9 de la province devraient consulter leur professionnel de la sant\u00e9 ou le bureau de sant\u00e9 publique de leur r\u00e9gion pour en savoir davantage.<\/p>\n\n\n\n<p><strong>Au sujet des pneumococcies<\/strong><\/p>\n\n\n\n<p>Les pneumococcies sont caus\u00e9es par un type de bact\u00e9rie appel\u00e9 <em>Streptococcus pneumoniae<\/em>, qui peut entra\u00eener tout un \u00e9ventail de maladies, allant des infections b\u00e9nignes touchant les oreilles, les sinus et les poumons aux maladies plus graves appel\u00e9es pneumococcies invasives. Ces derni\u00e8res surviennent lorsque des bact\u00e9ries p\u00e9n\u00e8trent dans la circulation sanguine (bact\u00e9ri\u00e9mie) ou dans le syst\u00e8me nerveux central, provoquant une m\u00e9ningite. Au Canada, on d\u00e9clare environ 3&nbsp;000&nbsp;cas de pneumococcies invasives chaque ann\u00e9e. Bien que tout le monde puisse contracter une pneumococcie invasive, celle-ci est plus fr\u00e9quente chez les enfants de moins de 5&nbsp;ans, chez les adultes de plus de 65&nbsp;ans et chez les personnes vivant avec certains probl\u00e8mes m\u00e9dicaux ou d\u2019autres facteurs de risque.<\/p>\n\n\n\n<p><strong>\u00c0 propos de CAPVAXIVE<sup>\u00ae<\/sup><\/strong><\/p>\n\n\n\n<p>CAPVAXIVE<sup>\u00ae<\/sup>, un vaccin antipneumococcique 21-valent conjugu\u00e9, est indiqu\u00e9 pour l\u2019immunisation active pour pr\u00e9venir les pneumococcies invasives (y compris la sepsie, la m\u00e9ningite, la pneumonie bact\u00e9ri\u00e9mique, l\u2019empy\u00e8me pleural et la bact\u00e9ri\u00e9mie) caus\u00e9es par des s\u00e9rotypes de <em>Streptococcus&nbsp;pneumoniae<\/em> (3, 6A, 6C, 7F, 8, 9N, 10A, 11A, 12F, 15A, 15B, 15C, 16F, 17F, 19A, 20A, 22F, 23A, 23B, 24F, 31, 33F et&nbsp;35B) chez les adultes \u00e2g\u00e9s de 18&nbsp;ans ou plus.<\/p>\n\n\n\n<p><strong>\u00c0 propos de Merck<\/strong><\/p>\n\n\n\n<p>Chez Merck, aussi connue sous le nom de MSD \u00e0 l\u2019ext\u00e9rieur des \u00c9tats-Unis et du Canada, nous unissons nos forces dans un seul but&nbsp;: nous utilisons le pouvoir de la science moderne pour sauver et am\u00e9liorer des vies dans le monde entier. Nous apportons de l\u2019espoir \u00e0 l\u2019humanit\u00e9 par le biais du d\u00e9veloppement de m\u00e9dicaments et de vaccins importants depuis plus de 130&nbsp;ans. Nous aspirons \u00e0 devenir le chef de file dans le domaine de la recherche biopharmaceutique \u00e0 travers la plan\u00e8te. Les solutions novatrices en mati\u00e8re de sant\u00e9, que nous apportons de nos jours, sont d\u2019ailleurs \u00e0 la fine pointe de la recherche, permettant ainsi de faire avancer les techniques utilis\u00e9es en pr\u00e9vention et d\u2019am\u00e9liorer les traitements des maladies chez l\u2019homme et l\u2019animal. Nous encourageons l\u2019emploi d\u2019une main-d\u2019\u0153uvre diversifi\u00e9e et inclusive \u00e0 l\u2019\u00e9chelle mondiale, et nous op\u00e9rons de fa\u00e7on responsable chaque jour pour assurer un avenir s\u00e9curitaire, durable et sain aux personnes et aux communaut\u00e9s.&nbsp;Pour en savoir plus sur nos activit\u00e9s au Canada, visitez le <a href=\"http:\/\/www.merck.ca\/fr\">www.merck.ca<\/a> ou suivez-nous sur <a href=\"https:\/\/www.linkedin.com\/company\/merck-canada\" target=\"_blank\" rel=\"noreferrer noopener\">LinkedIn<\/a> @MerckCanada.<\/p>\n\n\n\n<p><strong>D\u00e9clarations prospectives de Merck&nbsp;&amp;&nbsp;Co., Inc., Rahway, NJ, \u00c9.-U.<\/strong><\/p>\n\n\n\n<p>Ce communiqu\u00e9 de Merck&nbsp;&amp;&nbsp;Co., Inc., Rahway, NJ, \u00c9.-U. et ses soci\u00e9t\u00e9s affili\u00e9es (\u00ab&nbsp;la Soci\u00e9t\u00e9&nbsp;\u00bb) comprend des d\u00e9clarations prospectives au sens des dispositions lib\u00e9ratoires de la <em>Private Securities Litigation Reform Act<\/em> de&nbsp;1995 des \u00c9tats-Unis. Ces d\u00e9clarations sont fond\u00e9es sur les convictions et les pr\u00e9visions actuelles de la direction de la Soci\u00e9t\u00e9 et sont soumises \u00e0 de nombreux risques et incertitudes. Rien ne garantit l\u2019obtention des approbations r\u00e9glementaires n\u00e9cessaires \u00e0 l\u2019homologation ou \u00e0 l\u2019\u00e9ventuel succ\u00e8s commercial des m\u00e9dicaments candidats en d\u00e9veloppement. Si les hypoth\u00e8ses sous-jacentes se r\u00e9v\u00e8lent inexactes ou si les risques et incertitudes se concr\u00e9tisent, les r\u00e9sultats r\u00e9els pourraient \u00eatre consid\u00e9rablement diff\u00e9rents de ceux annonc\u00e9s dans les d\u00e9clarations prospectives. <\/p>\n\n\n\n<p>Ces risques et incertitudes comprennent, sans s\u2019y limiter, les conditions g\u00e9n\u00e9rales du secteur et la concurrence, les facteurs \u00e9conomiques g\u00e9n\u00e9raux, incluant les fluctuations des taux d\u2019int\u00e9r\u00eat et des taux de change; les effets de la r\u00e9glementation du secteur pharmaceutique ou des lois concernant les soins de la sant\u00e9 aux \u00c9tats-Unis et dans le monde; les tendances mondiales \u00e0 l\u2019\u00e9gard de la limitation des co\u00fbts des soins de sant\u00e9; les avanc\u00e9es technologiques et les nouveaux produits et brevets des concurrents; les d\u00e9fis li\u00e9s \u00e0 l\u2019\u00e9laboration d\u2019un nouveau produit, ce qui inclut l\u2019obtention de l\u2019approbation r\u00e9glementaire; la capacit\u00e9 de la Soci\u00e9t\u00e9 \u00e0 pr\u00e9dire pr\u00e9cis\u00e9ment les conditions de march\u00e9 futures; les difficult\u00e9s ou les retards de fabrication; l\u2019instabilit\u00e9 financi\u00e8re des \u00e9conomies mondiales et le risque de souverainet\u00e9; la d\u00e9pendance \u00e0 l\u2019\u00e9gard de l\u2019efficacit\u00e9 des brevets de la Soci\u00e9t\u00e9 et des autres protections relatives aux produits innovants; et le risque de faire l\u2019objet d\u2019actions judiciaires ou de mesures r\u00e9glementaires.<\/p>\n\n\n\n<p>La Soci\u00e9t\u00e9 ne s\u2019engage aucunement \u00e0 publier des mises \u00e0 jour de ses d\u00e9clarations prospectives \u00e0 la suite de nouvelles informations, d\u2019\u00e9v\u00e9nements futurs ou de quelque fait que ce soit. D\u2019autres facteurs susceptibles d\u2019entra\u00eener une diff\u00e9rence notable entre les r\u00e9sultats r\u00e9els et les r\u00e9sultats d\u00e9crits dans les d\u00e9clarations prospectives sont \u00e9nonc\u00e9s dans le rapport annuel de la Soci\u00e9t\u00e9 pour l\u2019exercice clos le 31&nbsp;d\u00e9cembre&nbsp;2023 \u00e9tabli sur le formulaire&nbsp;10-K et dans les autres documents d\u00e9pos\u00e9s par la Soci\u00e9t\u00e9 aupr\u00e8s de la Securities and Exchange Commission (SEC) des \u00c9tats-Unis et accessibles sur le site Internet de cette derni\u00e8re (<a href=\"http:\/\/www.sec.gov\" target=\"_blank\" rel=\"noreferrer noopener\">www.sec.gov<\/a>).<\/p>\n\n\n\n<p style=\"font-size:12px\"><sup>\u00ae<\/sup>&nbsp;Merck Sharp&nbsp;&amp;&nbsp;Dohme&nbsp;B.V. utilis\u00e9e sous licence.<br>\u00a9&nbsp;2025&nbsp;Merck&nbsp;&amp;&nbsp;Co.,&nbsp;Inc., Rahway, NJ, \u00c9.-U. et ses soci\u00e9t\u00e9s affili\u00e9es. Tous droits r\u00e9serv\u00e9s.<\/p>\n\n\n\n<p class=\"has-text-align-center\"><strong>###<\/strong><\/p>\n","protected":false},"excerpt":{"rendered":"<p>Le Qu\u00e9bec \u00e9tend le financement public \u00e0 CAPVAXIVE\u00ae Download KIRKLAND (Qu\u00e9bec), le 5\u00a0novembre.\u00a0\u2013 Merck (NYSE\u00a0: MRK), connue sous le nom de MSD \u00e0 l\u2019ext\u00e9rieur des \u00c9tats-Unis et du Canada, a annonc\u00e9 aujourd\u2019hui que le Qu\u00e9bec a ajout\u00e9 CAPVAXIVE\u00ae, un vaccin antipneumococcique 21-valent conjugu\u00e9, \u00e0 leur programme d\u2019immunisation pour les adultes financ\u00e9s par les fonds publics. [&hellip;]<\/p>\n","protected":false},"author":1277,"featured_media":0,"parent":4239,"menu_order":0,"comment_status":"closed","ping_status":"closed","template":"","meta":{"_acf_changed":false,"bdl_company_name":[],"bdl_item_external_link":[],"editor_notices":[],"footnotes":""},"class_list":["post-8235","page","type-page","status-publish","hentry"],"yoast_head":"<!-- This site is optimized with the Yoast SEO plugin v21.9.1 - https:\/\/yoast.com\/wordpress\/plugins\/seo\/ -->\n<title>Le Qu\u00e9bec \u00e9tend le financement public \u00e0 CAPVAXIVE\u00ae - MCC Canada French<\/title>\n<meta name=\"robots\" content=\"index, follow, max-snippet:-1, max-image-preview:large, max-video-preview:-1\" \/>\n<link rel=\"canonical\" href=\"https:\/\/www.merck.ca\/fr\/newsroom-fr\/le-quebec-etend-le-financement-public-a-capvaxive\/\" \/>\n<meta property=\"og:locale\" content=\"en_US\" \/>\n<meta property=\"og:type\" content=\"article\" \/>\n<meta property=\"og:title\" content=\"Le Qu\u00e9bec \u00e9tend le financement public \u00e0 CAPVAXIVE\u00ae - MCC Canada French\" \/>\n<meta property=\"og:description\" content=\"Le Qu\u00e9bec \u00e9tend le financement public \u00e0 CAPVAXIVE\u00ae Download KIRKLAND (Qu\u00e9bec), le 5\u00a0novembre.\u00a0\u2013 Merck (NYSE\u00a0: MRK), connue sous le nom de MSD \u00e0 l\u2019ext\u00e9rieur des \u00c9tats-Unis et du Canada, a annonc\u00e9 aujourd\u2019hui que le Qu\u00e9bec a ajout\u00e9 CAPVAXIVE\u00ae, un vaccin antipneumococcique 21-valent conjugu\u00e9, \u00e0 leur programme d\u2019immunisation pour les adultes financ\u00e9s par les fonds publics. [&hellip;]\" \/>\n<meta property=\"og:url\" content=\"https:\/\/www.merck.ca\/fr\/newsroom-fr\/le-quebec-etend-le-financement-public-a-capvaxive\/\" \/>\n<meta property=\"og:site_name\" content=\"MCC Canada French\" \/>\n<meta property=\"article:modified_time\" content=\"2025-11-05T15:24:40+00:00\" \/>\n<meta name=\"twitter:card\" content=\"summary_large_image\" \/>\n<meta name=\"twitter:label1\" content=\"Est. reading time\" \/>\n\t<meta name=\"twitter:data1\" content=\"6 minutes\" \/>\n<script type=\"application\/ld+json\" class=\"yoast-schema-graph\">{\"@context\":\"https:\/\/schema.org\",\"@graph\":[{\"@type\":\"WebPage\",\"@id\":\"https:\/\/www.merck.ca\/fr\/newsroom-fr\/le-quebec-etend-le-financement-public-a-capvaxive\/\",\"url\":\"https:\/\/www.merck.ca\/fr\/newsroom-fr\/le-quebec-etend-le-financement-public-a-capvaxive\/\",\"name\":\"Le Qu\u00e9bec \u00e9tend le financement public \u00e0 CAPVAXIVE\u00ae - MCC Canada French\",\"isPartOf\":{\"@id\":\"https:\/\/www.merck.ca\/fr\/#website\"},\"datePublished\":\"2025-11-05T12:49:51+00:00\",\"dateModified\":\"2025-11-05T15:24:40+00:00\",\"breadcrumb\":{\"@id\":\"https:\/\/www.merck.ca\/fr\/newsroom-fr\/le-quebec-etend-le-financement-public-a-capvaxive\/#breadcrumb\"},\"inLanguage\":\"en-US\",\"potentialAction\":[{\"@type\":\"ReadAction\",\"target\":[\"https:\/\/www.merck.ca\/fr\/newsroom-fr\/le-quebec-etend-le-financement-public-a-capvaxive\/\"]}]},{\"@type\":\"BreadcrumbList\",\"@id\":\"https:\/\/www.merck.ca\/fr\/newsroom-fr\/le-quebec-etend-le-financement-public-a-capvaxive\/#breadcrumb\",\"itemListElement\":[{\"@type\":\"ListItem\",\"position\":1,\"name\":\"Newsroom fr\",\"item\":\"https:\/\/www.merck.ca\/fr\/newsroom-fr\/\"},{\"@type\":\"ListItem\",\"position\":2,\"name\":\"Le Qu\u00e9bec \u00e9tend le financement public \u00e0 CAPVAXIVE\u00ae\"}]},{\"@type\":\"WebSite\",\"@id\":\"https:\/\/www.merck.ca\/fr\/#website\",\"url\":\"https:\/\/www.merck.ca\/fr\/\",\"name\":\"MCC Canada French\",\"description\":\"Merck.ca\",\"potentialAction\":[{\"@type\":\"SearchAction\",\"target\":{\"@type\":\"EntryPoint\",\"urlTemplate\":\"https:\/\/www.merck.ca\/fr\/?s={search_term_string}\"},\"query-input\":\"required name=search_term_string\"}],\"inLanguage\":\"en-US\"}]}<\/script>\n<!-- \/ Yoast SEO plugin. -->","yoast_head_json":{"title":"Le Qu\u00e9bec \u00e9tend le financement public \u00e0 CAPVAXIVE\u00ae - MCC Canada French","robots":{"index":"index","follow":"follow","max-snippet":"max-snippet:-1","max-image-preview":"max-image-preview:large","max-video-preview":"max-video-preview:-1"},"canonical":"https:\/\/www.merck.ca\/fr\/newsroom-fr\/le-quebec-etend-le-financement-public-a-capvaxive\/","og_locale":"en_US","og_type":"article","og_title":"Le Qu\u00e9bec \u00e9tend le financement public \u00e0 CAPVAXIVE\u00ae - MCC Canada French","og_description":"Le Qu\u00e9bec \u00e9tend le financement public \u00e0 CAPVAXIVE\u00ae Download KIRKLAND (Qu\u00e9bec), le 5\u00a0novembre.\u00a0\u2013 Merck (NYSE\u00a0: MRK), connue sous le nom de MSD \u00e0 l\u2019ext\u00e9rieur des \u00c9tats-Unis et du Canada, a annonc\u00e9 aujourd\u2019hui que le Qu\u00e9bec a ajout\u00e9 CAPVAXIVE\u00ae, un vaccin antipneumococcique 21-valent conjugu\u00e9, \u00e0 leur programme d\u2019immunisation pour les adultes financ\u00e9s par les fonds publics. [&hellip;]","og_url":"https:\/\/www.merck.ca\/fr\/newsroom-fr\/le-quebec-etend-le-financement-public-a-capvaxive\/","og_site_name":"MCC Canada French","article_modified_time":"2025-11-05T15:24:40+00:00","twitter_card":"summary_large_image","twitter_misc":{"Est. reading time":"6 minutes"},"schema":{"@context":"https:\/\/schema.org","@graph":[{"@type":"WebPage","@id":"https:\/\/www.merck.ca\/fr\/newsroom-fr\/le-quebec-etend-le-financement-public-a-capvaxive\/","url":"https:\/\/www.merck.ca\/fr\/newsroom-fr\/le-quebec-etend-le-financement-public-a-capvaxive\/","name":"Le Qu\u00e9bec \u00e9tend le financement public \u00e0 CAPVAXIVE\u00ae - MCC Canada French","isPartOf":{"@id":"https:\/\/www.merck.ca\/fr\/#website"},"datePublished":"2025-11-05T12:49:51+00:00","dateModified":"2025-11-05T15:24:40+00:00","breadcrumb":{"@id":"https:\/\/www.merck.ca\/fr\/newsroom-fr\/le-quebec-etend-le-financement-public-a-capvaxive\/#breadcrumb"},"inLanguage":"en-US","potentialAction":[{"@type":"ReadAction","target":["https:\/\/www.merck.ca\/fr\/newsroom-fr\/le-quebec-etend-le-financement-public-a-capvaxive\/"]}]},{"@type":"BreadcrumbList","@id":"https:\/\/www.merck.ca\/fr\/newsroom-fr\/le-quebec-etend-le-financement-public-a-capvaxive\/#breadcrumb","itemListElement":[{"@type":"ListItem","position":1,"name":"Newsroom fr","item":"https:\/\/www.merck.ca\/fr\/newsroom-fr\/"},{"@type":"ListItem","position":2,"name":"Le Qu\u00e9bec \u00e9tend le financement public \u00e0 CAPVAXIVE\u00ae"}]},{"@type":"WebSite","@id":"https:\/\/www.merck.ca\/fr\/#website","url":"https:\/\/www.merck.ca\/fr\/","name":"MCC Canada French","description":"Merck.ca","potentialAction":[{"@type":"SearchAction","target":{"@type":"EntryPoint","urlTemplate":"https:\/\/www.merck.ca\/fr\/?s={search_term_string}"},"query-input":"required name=search_term_string"}],"inLanguage":"en-US"}]}},"acf":[],"_links":{"self":[{"href":"https:\/\/www.merck.ca\/fr\/wp-json\/wp\/v2\/pages\/8235","targetHints":{"allow":["GET"]}}],"collection":[{"href":"https:\/\/www.merck.ca\/fr\/wp-json\/wp\/v2\/pages"}],"about":[{"href":"https:\/\/www.merck.ca\/fr\/wp-json\/wp\/v2\/types\/page"}],"author":[{"embeddable":true,"href":"https:\/\/www.merck.ca\/fr\/wp-json\/wp\/v2\/users\/1277"}],"replies":[{"embeddable":true,"href":"https:\/\/www.merck.ca\/fr\/wp-json\/wp\/v2\/comments?post=8235"}],"version-history":[{"count":8,"href":"https:\/\/www.merck.ca\/fr\/wp-json\/wp\/v2\/pages\/8235\/revisions"}],"predecessor-version":[{"id":8249,"href":"https:\/\/www.merck.ca\/fr\/wp-json\/wp\/v2\/pages\/8235\/revisions\/8249"}],"up":[{"embeddable":true,"href":"https:\/\/www.merck.ca\/fr\/wp-json\/wp\/v2\/pages\/4239"}],"wp:attachment":[{"href":"https:\/\/www.merck.ca\/fr\/wp-json\/wp\/v2\/media?parent=8235"}],"curies":[{"name":"wp","href":"https:\/\/api.w.org\/{rel}","templated":true}]}}