{"id":8145,"date":"2025-09-30T11:26:18","date_gmt":"2025-09-30T11:26:18","guid":{"rendered":"https:\/\/www.merck.ca\/fr\/?page_id=8145"},"modified":"2026-03-05T17:44:59","modified_gmt":"2026-03-05T17:44:59","slug":"leigh-shultz","status":"publish","type":"page","link":"https:\/\/www.merck.ca\/fr\/apercu-de-lentreprise\/equipe-de-direction\/leigh-shultz\/","title":{"rendered":"Leigh Shultz"},"content":{"rendered":"\n<div id=\"mco-b2-hero-block-block_7fe56210e144a0c0433ab518deabe518\" class=\"mco-b2-hero-block full mccberg-block\">\n    <div class=\"mco-b2-hero-block-wrapper\">\n        <div class=\"mco-b2-hero-block-image-section \">\n                            <div class=\"mco-b2-hero-block-image-container \">\n                    <picture >\n\t<source media=\"(max-width: 767px)\" data-srcset=\"https:\/\/www.merck.ca\/fr\/wp-content\/uploads\/sites\/83\/2026\/03\/LEIGH_1_f57581.png?w=768\" srcset=\"https:\/\/www.merck.ca\/fr\/wp-content\/uploads\/sites\/83\/2026\/03\/LEIGH_1_f57581.png?w=768\" >\n<source media=\"(min-width: 768px) and (max-width: 1199px)\" data-srcset=\"https:\/\/www.merck.ca\/fr\/wp-content\/uploads\/sites\/83\/2026\/03\/LEIGH_1_f57581.png?h=768\" srcset=\"https:\/\/www.merck.ca\/fr\/wp-content\/uploads\/sites\/83\/2026\/03\/LEIGH_1_f57581.png?h=768\" >\n<source media=\"(min-width: 1200px) and (max-width: 1919px)\" data-srcset=\"https:\/\/www.merck.ca\/fr\/wp-content\/uploads\/sites\/83\/2026\/03\/LEIGH_1_f57581.png?w=1200\" srcset=\"https:\/\/www.merck.ca\/fr\/wp-content\/uploads\/sites\/83\/2026\/03\/LEIGH_1_f57581.png?w=1200\" >\n<source media=\"(min-width: 1920px)\" data-srcset=\"https:\/\/www.merck.ca\/fr\/wp-content\/uploads\/sites\/83\/2026\/03\/LEIGH_1_f57581.png?w=1920\" srcset=\"https:\/\/www.merck.ca\/fr\/wp-content\/uploads\/sites\/83\/2026\/03\/LEIGH_1_f57581.png?w=1920\" >\n\t<img data-src=\"https:\/\/www.merck.ca\/fr\/wp-content\/uploads\/sites\/83\/2026\/03\/LEIGH_1_f57581.png?w=1920\" alt=\"Leigh Shultz\" class=\"eager \" loading=\"eager\" \/>\n<\/picture>                                    <\/div>\n                        <div class=\"mco-b2-hero-block-image-container-two\">\n                            <\/div>\n        <\/div>\n\n        <div class=\"mco-b2-hero-block-content-section\">\n            <nav class=\"breadcrumbs wrapper text-descriptive\"aria-label=\"Breadcrumbs\"><\/nav>            \n                            <h1>Leigh Shultz<\/h1>\n            \n                            <div class=\"mco-b2-hero-block-description\"><p><em>Directrice ex\u00e9cutive, Excellence Commerciale<\/em><\/p>\n<\/div>\n            \n                    <\/div>\n    <\/div>\n\n    \n<\/div>\n\n\n\n<p>Lorsque sa grand-m\u00e8re a re\u00e7u un diagnostic de cancer, Leigh Shultz a choisi de devenir scientifique afin d\u2019aider \u00e0 trouver de nouveaux traitements permettant aux personnes de passer plus de temps avec leurs proches. Elle d\u00e9tient un baccalaur\u00e9at en chimie (B.S.) de l\u2019Universit\u00e9 de Floride et un doctorat en chimie inorganique de l\u2019Universit\u00e9 de la Caroline du Nord \u00e0 Chapel Hill.<\/p>\n\n\n\n<p>Apr\u00e8s ses \u00e9tudes, Leigh a estim\u00e9 que Merck \u00e9tait l\u2019endroit id\u00e9al pour contribuer \u00e0 l\u2019innovation au service des patients tout en poursuivant sa passion pour l\u2019apprentissage. Elle a commenc\u00e9 comme chercheuse au laboratoire, travaillant sur des formulations et contribuant au d\u00e9veloppement d\u2019un m\u00e9dicament cl\u00e9 contre le diab\u00e8te. Forte de plus de 24 ans chez Merck, Leigh est une dirigeante chevronn\u00e9e des op\u00e9rations de sant\u00e9 mondiale, ayant occup\u00e9 divers postes en gestion de projets de R&amp;D, en leadership op\u00e9rationnel et en r\u00e9ponse aux crises. Plus r\u00e9cemment, elle supervisait la strat\u00e9gie des canaux commerciaux dans les march\u00e9s internationaux de l\u2019entreprise tout en obtenant son MBA \u00e0 l\u2019Universit\u00e9 de la Caroline du Nord \u00e0 Chapel Hill. Pendant la pand\u00e9mie de COVID-19, elle a fait partie de l\u2019\u00e9quipe de crise de la haute direction de Merck. Elle dirige actuellement l\u2019unit\u00e9 d\u2019Excellence commerciale chez Merck Canada. \u00c0 ce titre, elle et son \u00e9quipe travaillent \u00e0 am\u00e9liorer la relation et l\u2019engagement client, \u00e0 promouvoir des solutions innovantes locales et mondiales, et \u00e0 soutenir la vision strat\u00e9gique de l\u2019entreprise par l\u2019optimisation des processus et la conformit\u00e9.<\/p>\n\n\n\n<p>Leigh aime aussi apprendre en dehors du travail, ce qui se traduit par une passion pour les voyages et la lecture. Elle combine cela avec la d\u00e9couverte de nouveaux restaurants et caf\u00e9s tout en revenant souvent \u00e0 ses favoris, et aime partager toutes ces exp\u00e9riences avec ses deux fils.<\/p>\n","protected":false},"excerpt":{"rendered":"<p>Lorsque sa grand-m\u00e8re a re\u00e7u un diagnostic de cancer, Leigh Shultz a choisi de devenir scientifique afin d\u2019aider \u00e0 trouver de nouveaux traitements permettant aux personnes de passer plus de temps avec leurs proches. Elle d\u00e9tient un baccalaur\u00e9at en chimie (B.S.) de l\u2019Universit\u00e9 de Floride et un doctorat en chimie inorganique de l\u2019Universit\u00e9 de la [&hellip;]<\/p>\n","protected":false},"author":1049,"featured_media":0,"parent":5961,"menu_order":0,"comment_status":"closed","ping_status":"closed","template":"","meta":{"_acf_changed":false,"bdl_company_name":[],"bdl_item_external_link":[],"editor_notices":[],"footnotes":""},"class_list":["post-8145","page","type-page","status-publish","hentry"],"yoast_head":"<!-- This site is optimized with the Yoast SEO plugin v21.9.1 - https:\/\/yoast.com\/wordpress\/plugins\/seo\/ -->\n<title>Leigh Shultz - MCC Canada French<\/title>\n<meta name=\"robots\" content=\"index, follow, max-snippet:-1, max-image-preview:large, max-video-preview:-1\" \/>\n<link rel=\"canonical\" href=\"https:\/\/www.merck.ca\/fr\/apercu-de-lentreprise\/equipe-de-direction\/leigh-shultz\/\" \/>\n<meta property=\"og:locale\" content=\"en_US\" \/>\n<meta property=\"og:type\" content=\"article\" \/>\n<meta property=\"og:title\" content=\"Leigh Shultz - MCC Canada French\" \/>\n<meta property=\"og:description\" content=\"Lorsque sa grand-m\u00e8re a re\u00e7u un diagnostic de cancer, Leigh Shultz a choisi de devenir scientifique afin d\u2019aider \u00e0 trouver de nouveaux traitements permettant aux personnes de passer plus de temps avec leurs proches. Elle d\u00e9tient un baccalaur\u00e9at en chimie (B.S.) de l\u2019Universit\u00e9 de Floride et un doctorat en chimie inorganique de l\u2019Universit\u00e9 de la [&hellip;]\" \/>\n<meta property=\"og:url\" content=\"https:\/\/www.merck.ca\/fr\/apercu-de-lentreprise\/equipe-de-direction\/leigh-shultz\/\" \/>\n<meta property=\"og:site_name\" content=\"MCC Canada French\" \/>\n<meta property=\"article:modified_time\" content=\"2026-03-05T17:44:59+00:00\" \/>\n<meta name=\"twitter:card\" content=\"summary_large_image\" \/>\n<meta name=\"twitter:label1\" content=\"Est. reading time\" \/>\n\t<meta name=\"twitter:data1\" content=\"2 minutes\" \/>\n<script type=\"application\/ld+json\" class=\"yoast-schema-graph\">{\"@context\":\"https:\/\/schema.org\",\"@graph\":[{\"@type\":\"WebPage\",\"@id\":\"https:\/\/www.merck.ca\/fr\/apercu-de-lentreprise\/equipe-de-direction\/leigh-shultz\/\",\"url\":\"https:\/\/www.merck.ca\/fr\/apercu-de-lentreprise\/equipe-de-direction\/leigh-shultz\/\",\"name\":\"Leigh Shultz - MCC Canada French\",\"isPartOf\":{\"@id\":\"https:\/\/www.merck.ca\/fr\/#website\"},\"datePublished\":\"2025-09-30T11:26:18+00:00\",\"dateModified\":\"2026-03-05T17:44:59+00:00\",\"breadcrumb\":{\"@id\":\"https:\/\/www.merck.ca\/fr\/apercu-de-lentreprise\/equipe-de-direction\/leigh-shultz\/#breadcrumb\"},\"inLanguage\":\"en-US\",\"potentialAction\":[{\"@type\":\"ReadAction\",\"target\":[\"https:\/\/www.merck.ca\/fr\/apercu-de-lentreprise\/equipe-de-direction\/leigh-shultz\/\"]}]},{\"@type\":\"BreadcrumbList\",\"@id\":\"https:\/\/www.merck.ca\/fr\/apercu-de-lentreprise\/equipe-de-direction\/leigh-shultz\/#breadcrumb\",\"itemListElement\":[{\"@type\":\"ListItem\",\"position\":1,\"name\":\"Aper\u00e7u de l\u2019entreprise\",\"item\":\"https:\/\/www.merck.ca\/fr\/apercu-de-lentreprise\/\"},{\"@type\":\"ListItem\",\"position\":2,\"name\":\"\u00c9quipe de direction\",\"item\":\"https:\/\/www.merck.ca\/fr\/apercu-de-lentreprise\/equipe-de-direction\/\"},{\"@type\":\"ListItem\",\"position\":3,\"name\":\"Leigh Shultz\"}]},{\"@type\":\"WebSite\",\"@id\":\"https:\/\/www.merck.ca\/fr\/#website\",\"url\":\"https:\/\/www.merck.ca\/fr\/\",\"name\":\"MCC Canada French\",\"description\":\"Merck.ca\",\"potentialAction\":[{\"@type\":\"SearchAction\",\"target\":{\"@type\":\"EntryPoint\",\"urlTemplate\":\"https:\/\/www.merck.ca\/fr\/?s={search_term_string}\"},\"query-input\":\"required name=search_term_string\"}],\"inLanguage\":\"en-US\"}]}<\/script>\n<!-- \/ Yoast SEO plugin. -->","yoast_head_json":{"title":"Leigh Shultz - MCC Canada French","robots":{"index":"index","follow":"follow","max-snippet":"max-snippet:-1","max-image-preview":"max-image-preview:large","max-video-preview":"max-video-preview:-1"},"canonical":"https:\/\/www.merck.ca\/fr\/apercu-de-lentreprise\/equipe-de-direction\/leigh-shultz\/","og_locale":"en_US","og_type":"article","og_title":"Leigh Shultz - MCC Canada French","og_description":"Lorsque sa grand-m\u00e8re a re\u00e7u un diagnostic de cancer, Leigh Shultz a choisi de devenir scientifique afin d\u2019aider \u00e0 trouver de nouveaux traitements permettant aux personnes de passer plus de temps avec leurs proches. Elle d\u00e9tient un baccalaur\u00e9at en chimie (B.S.) de l\u2019Universit\u00e9 de Floride et un doctorat en chimie inorganique de l\u2019Universit\u00e9 de la [&hellip;]","og_url":"https:\/\/www.merck.ca\/fr\/apercu-de-lentreprise\/equipe-de-direction\/leigh-shultz\/","og_site_name":"MCC Canada French","article_modified_time":"2026-03-05T17:44:59+00:00","twitter_card":"summary_large_image","twitter_misc":{"Est. reading time":"2 minutes"},"schema":{"@context":"https:\/\/schema.org","@graph":[{"@type":"WebPage","@id":"https:\/\/www.merck.ca\/fr\/apercu-de-lentreprise\/equipe-de-direction\/leigh-shultz\/","url":"https:\/\/www.merck.ca\/fr\/apercu-de-lentreprise\/equipe-de-direction\/leigh-shultz\/","name":"Leigh Shultz - MCC Canada French","isPartOf":{"@id":"https:\/\/www.merck.ca\/fr\/#website"},"datePublished":"2025-09-30T11:26:18+00:00","dateModified":"2026-03-05T17:44:59+00:00","breadcrumb":{"@id":"https:\/\/www.merck.ca\/fr\/apercu-de-lentreprise\/equipe-de-direction\/leigh-shultz\/#breadcrumb"},"inLanguage":"en-US","potentialAction":[{"@type":"ReadAction","target":["https:\/\/www.merck.ca\/fr\/apercu-de-lentreprise\/equipe-de-direction\/leigh-shultz\/"]}]},{"@type":"BreadcrumbList","@id":"https:\/\/www.merck.ca\/fr\/apercu-de-lentreprise\/equipe-de-direction\/leigh-shultz\/#breadcrumb","itemListElement":[{"@type":"ListItem","position":1,"name":"Aper\u00e7u de l\u2019entreprise","item":"https:\/\/www.merck.ca\/fr\/apercu-de-lentreprise\/"},{"@type":"ListItem","position":2,"name":"\u00c9quipe de direction","item":"https:\/\/www.merck.ca\/fr\/apercu-de-lentreprise\/equipe-de-direction\/"},{"@type":"ListItem","position":3,"name":"Leigh Shultz"}]},{"@type":"WebSite","@id":"https:\/\/www.merck.ca\/fr\/#website","url":"https:\/\/www.merck.ca\/fr\/","name":"MCC Canada French","description":"Merck.ca","potentialAction":[{"@type":"SearchAction","target":{"@type":"EntryPoint","urlTemplate":"https:\/\/www.merck.ca\/fr\/?s={search_term_string}"},"query-input":"required name=search_term_string"}],"inLanguage":"en-US"}]}},"acf":[],"_links":{"self":[{"href":"https:\/\/www.merck.ca\/fr\/wp-json\/wp\/v2\/pages\/8145","targetHints":{"allow":["GET"]}}],"collection":[{"href":"https:\/\/www.merck.ca\/fr\/wp-json\/wp\/v2\/pages"}],"about":[{"href":"https:\/\/www.merck.ca\/fr\/wp-json\/wp\/v2\/types\/page"}],"author":[{"embeddable":true,"href":"https:\/\/www.merck.ca\/fr\/wp-json\/wp\/v2\/users\/1049"}],"replies":[{"embeddable":true,"href":"https:\/\/www.merck.ca\/fr\/wp-json\/wp\/v2\/comments?post=8145"}],"version-history":[{"count":6,"href":"https:\/\/www.merck.ca\/fr\/wp-json\/wp\/v2\/pages\/8145\/revisions"}],"predecessor-version":[{"id":8542,"href":"https:\/\/www.merck.ca\/fr\/wp-json\/wp\/v2\/pages\/8145\/revisions\/8542"}],"up":[{"embeddable":true,"href":"https:\/\/www.merck.ca\/fr\/wp-json\/wp\/v2\/pages\/5961"}],"wp:attachment":[{"href":"https:\/\/www.merck.ca\/fr\/wp-json\/wp\/v2\/media?parent=8145"}],"curies":[{"name":"wp","href":"https:\/\/api.w.org\/{rel}","templated":true}]}}