{"id":7804,"date":"2025-06-20T16:51:28","date_gmt":"2025-06-20T16:51:28","guid":{"rendered":"https:\/\/www.merck.ca\/fr\/?page_id=7804"},"modified":"2025-06-20T16:51:29","modified_gmt":"2025-06-20T16:51:29","slug":"le-merck-digital-sciences-studio-ouvre-ses-portes-au-canada-pour-accelerer-linnovation-biopharmaceutique","status":"publish","type":"page","link":"https:\/\/www.merck.ca\/fr\/newsroom-fr\/le-merck-digital-sciences-studio-ouvre-ses-portes-au-canada-pour-accelerer-linnovation-biopharmaceutique\/","title":{"rendered":"Le Merck Digital Sciences Studio ouvre ses portes au Canada pour acc\u00e9l\u00e9rer l\u2019innovation biopharmaceutique"},"content":{"rendered":"\n<h1 class=\"wp-block-heading\"><strong><strong><strong>Le Merck Digital Sciences Studio ouvre ses portes au Canada pour acc\u00e9l\u00e9rer l\u2019innovation biopharmaceutique<\/strong><\/strong><\/strong><\/h1>\n\n\n\n<p class=\"has-text-align-center\"><strong><strong><strong>Nouveau programme d\u2019acc\u00e9l\u00e9ration visant \u00e0 soutenir les entreprises technologiques innovantes avec des financements, du mentorat et des ressources technologiques<\/strong><\/strong><\/strong><\/p>\n\n\n\n<p class=\"has-text-align-right\"><a href=\"https:\/\/www.merck.ca\/fr\/wp-content\/uploads\/sites\/83\/2025\/06\/Press-Release-Launch-of-MDSS-in-Canada_French.pdf\" rel=\"noreferrer noopener\"><svg xmlns=\"http:\/\/www.w3.org\/2000\/svg\" width=\"16\" height=\"16\" viewBox=\"0 0 16 16\">     <path fill=\"#00857C\" d=\"M2.556 3.894v9.326h10.888V3.894H15v9.326c0 .863-.7 1.555-1.556 1.555H2.556A1.555 1.555 0 0 1 1 13.22V3.894h1.556zM8.924.775v8.59L10.9 7.391l1.1 1.1-3.85 3.85-3.85-3.85 1.1-1.1 1.974 1.974V.775h1.551z\"> <\/path><\/svg> Download<\/a><\/p>\n\n\n\n<hr class=\"wp-block-separator has-css-opacity is-style-wide\"\/>\n\n\n\n<p class=\"has-text-align-center\"><\/p>\n\n\n\n<p>KIRKLAND, QC., le 20&nbsp;juin&nbsp;2025 \u2013 Merck, connu sous le nom de MSD hors des \u00c9tats-Unis et du Canada, est fi\u00e8re d\u2019annoncer l\u2019ouverture du Merck Digital Sciences Studio (MDSS) \u00e0&nbsp;Montr\u00e9al, au Canada, un programme d\u2019acc\u00e9l\u00e9ration collaboratif d\u2019entreprises en d\u00e9marrage d\u00e9di\u00e9 \u00e0 l\u2019investissement, au soutien et au mentorat de startups biopharmaceutiques ax\u00e9es sur le&nbsp;d\u00e9veloppement de technologies num\u00e9riques de pointe. Le MDSS ciblera sp\u00e9cifiquement les innovations en mati\u00e8re de sant\u00e9 pr\u00e9ventive, de plateformes de recherche et d\u00e9veloppement (R&amp;D) de m\u00e9dicaments biologiques et de mod\u00e8les de maladies translationnelles 3D.<\/p>\n\n\n\n<p>Con\u00e7u pour les startups constitu\u00e9es au Qu\u00e9bec ou au Canada et visant \u00e0 entrer en activit\u00e9 en juillet&nbsp;2025, ce programme d\u2019acc\u00e9l\u00e9ration de six mois offrira \u00e0 <a href=\"https:\/\/www.mds.studio\/fr\/companies\">sept entreprises en d\u00e9marrage s\u00e9lectionn\u00e9es<\/a> un acc\u00e8s \u00e0 un mentorat par des experts de Merck et de Centech. Chaque startup s\u00e9lectionn\u00e9e recevra un financement par l\u2019entremise soit du Merck Global Health Innovation Fund et du CQDM ou de Merck Canada. Les participants s\u00e9lectionn\u00e9s b\u00e9n\u00e9ficieront \u00e9galement de conseils personnalis\u00e9s, de s\u00e9ances sp\u00e9cialis\u00e9es avec des chefs de file de l\u2019industrie et d\u2019une exposition accrue aux d\u00e9cideurs de Merck, ce qui ouvrira la voie \u00e0 des collaborations \u00e0 long terme.<\/p>\n\n\n\n<p>Les startups s\u00e9lectionn\u00e9es qui se joindront au programme d\u2019acc\u00e9l\u00e9ration de six mois \u00e0 Montr\u00e9al comprennent<sup>1<\/sup>\u00a0:<\/p>\n\n\n\n<ul class=\"wp-block-list\">\n<li><strong>Nanofacile<\/strong> \u2013 Acc\u00e9l\u00e9ration du d\u00e9veloppement de th\u00e9rapies \u00e0 ARN pour le secteur biotechnologique et pharmaceutique et les soci\u00e9t\u00e9s de recherche sous contrat, en offrant la plateforme technologique \u00ab&nbsp;Nanomedicine in a Box&nbsp;\u00bb de premier ordre, intuitive et conviviale.<\/li>\n\n\n\n<li><strong>Simmunome<\/strong> \u2013 \u00c9tablissement d\u2019une infrastructure de validation par IA pour des algorithmes de soins de sant\u00e9 bas\u00e9s sur l\u2019IA robustes, s\u00fbrs et \u00e9quitables qui contribuent \u00e0&nbsp;am\u00e9liorer la pr\u00e9visibilit\u00e9 du d\u00e9veloppement clinique de m\u00e9dicaments pour pr\u00e9venir les \u00e9checs \u00e0 un stade avanc\u00e9.<\/li>\n\n\n\n<li><strong>Misochip<\/strong> \u2013 Diminution du taux d\u2019\u00e9chec des essais cliniques sur le cancer d\u00fb \u00e0 une faible efficacit\u00e9 gr\u00e2ce \u00e0 la m\u00e9decine de pr\u00e9cision fonctionnelle pour des solutions pr\u00e9cliniques qui permettent des tests ex vivo sur des mod\u00e8les tumoraux pertinents pour l\u2019\u00eatre humain afin d\u2019identifier de puissants moteurs d\u2019efficacit\u00e9 ou de r\u00e9sistance.<\/li>\n\n\n\n<li><strong>9Bio<\/strong> \u2013 Pleine exploitation du potentiel des th\u00e9rapies cibl\u00e9es en guidant les anticorps au bon endroit et en acc\u00e9l\u00e9rant la d\u00e9couverte de th\u00e9rapies cibl\u00e9es conditionnellement actives gr\u00e2ce \u00e0 une m\u00e9thodologie int\u00e9gr\u00e9e.<\/li>\n\n\n\n<li><strong>Rime Therapeutics<\/strong><a> \u2013<\/a> Possibilit\u00e9 de th\u00e9rapies de pr\u00e9cision reposant sur une compr\u00e9hension approfondie de la biologie de l\u2019inflammation, gr\u00e2ce \u00e0 une plateforme exclusive de d\u00e9couverte de \u00ab&nbsp;hits&nbsp;\u00bb et de cibles m\u00e9dicamenteuses ax\u00e9e sur la fonction, permettant de r\u00e9v\u00e9ler les interactions prot\u00e9ine-prot\u00e9ine (PPI).<\/li>\n\n\n\n<li><strong>Stereo Bio<\/strong> \u2013 Prise en compte de l\u2019h\u00e9t\u00e9rog\u00e9n\u00e9it\u00e9 cellulaire de la maladie avec des traitements sur mesure multisp\u00e9cifiques ciblant le pMHC, en commen\u00e7ant par les tumeurs solides.<\/li>\n\n\n\n<li><strong>PCare+<\/strong> \u2013 Transformation des directives m\u00e9dicales complexes en formats num\u00e9riques exploitables \u00e0 l\u2019aide de l\u2019IA en combinant de grands mod\u00e8les de langage (LLM) avec des syst\u00e8mes experts pour extraire des recommandations de d\u00e9pistage, des syst\u00e8mes de notation et une logique de d\u00e9cision \u00e0 partir des directives.<\/li>\n<\/ul>\n\n\n\n<hr class=\"wp-block-separator has-alpha-channel-opacity\"\/>\n\n\n\n<p><sup>1 <\/sup><em>*Remarque&nbsp;: L\u2019acc\u00e8s \u00e0 certains avantages peuvent varier entre certaines startups.<\/em><\/p>\n\n\n\n<p>Le gouvernement du Qu\u00e9bec a accord\u00e9 900&nbsp;000&nbsp;$ \u00e0 cette initiative par l\u2019entremise de la Strat\u00e9gie qu\u00e9b\u00e9coise des sciences de la vie&nbsp;2022-2025.<\/p>\n\n\n\n<p>\u00ab&nbsp;On doit plus que jamais miser sur l\u2019innovation collaborative pour d\u00e9velopper des technologies d\u2019avenir qui vont permettre au Qu\u00e9bec de maintenir sa comp\u00e9titivit\u00e9 ici comme \u00e0 l\u2019international. Je f\u00e9licite Merck, le Centech et le CQDM pour cette collaboration prometteuse, gr\u00e2ce \u00e0 laquelle ces sept jeunes entreprises pourront contribuer \u00e0 l\u2019\u00e9laboration de nouvelles solutions th\u00e9rapeutiques&nbsp;\u00bb, souligne M.&nbsp;Christopher&nbsp;Skeete, ministre d\u00e9l\u00e9gu\u00e9 \u00e0 l\u2019\u00c9conomie, ministre responsable de la Lutte contre le racisme et ministre responsable de la r\u00e9gion de Laval.<\/p>\n\n\n\n<p>\u00ab&nbsp;Nous sommes ravis d\u2019\u00e9tendre notre programme d\u2019acc\u00e9l\u00e9ration \u00e0 l\u2019\u00e9chelle mondiale, au moment o\u00f9 un nombre croissant de startups de sant\u00e9 num\u00e9rique continuent de proposer de nouvelles solutions pour les patients&nbsp;\u00bb, d\u00e9clare David Rubin, directeur g\u00e9n\u00e9ral du Merck Global Health Innovation Fund. \u00ab&nbsp;Le r\u00f4le de la bioinformatique d\u00e9passe les outils comme l\u2019apprentissage automatique pour inclure de nouveaux mod\u00e8les d\u2019apprentissage automatique du langage et les r\u00e9seaux neuronaux, et \u00eatre \u00e0 l\u2019avant-garde de cette \u00e9volution dans toutes les r\u00e9gions peut avoir un impact positif sur la mise au point de m\u00e9dicaments pour l\u2019industrie pharmaceutique.&nbsp;\u00bb<\/p>\n\n\n\n<p>\u00ab&nbsp;En accueillant le Merck Digital Sciences Studio \u00e0 Montr\u00e9al, nous reconnaissons la force et la vitalit\u00e9 de l\u2019\u00e9cosyst\u00e8me local, que nous soutenons et accompagnons fi\u00e8rement depuis plus d\u2019un si\u00e8cle. Cette initiative nous permet d\u2019accro\u00eetre notre impact \u00e0 Montr\u00e9al et au Qu\u00e9bec, en favorisant l\u2019innovation et la collaboration avec les entreprises en d\u00e9marrage locales des secteurs biopharmaceutique et de la sant\u00e9 num\u00e9rique&nbsp;\u00bb, a d\u00e9clar\u00e9 David D. Jones, directeur g\u00e9n\u00e9ral de Merck Canada.<\/p>\n\n\n\n<p>\u00ab&nbsp;Le lancement de ce studio souligne l\u2019engagement du CQDM \u00e0 b\u00e2tir des partenariats \u00e0 fort impact qui acc\u00e9l\u00e8rent l\u2019innovation, de la d\u00e9couverte initiale \u00e0 la transformation num\u00e9rique&nbsp;\u00bb, a d\u00e9clar\u00e9 V\u00e9ronique Dugas, PDG du CQDM. \u00ab&nbsp;Nous sommes fiers de collaborer avec Merck, un partenaire pr\u00e9cieux depuis plus de 16&nbsp;ans, sur une initiative qui met \u00e0 profit les atouts de calibre mondial du Canada, et plus particuli\u00e8rement du Qu\u00e9bec, en intelligence artificielle et en recherche biopharmaceutique. Ce partenariat renforce le r\u00f4le du CQDM dans l\u2019avancement des sciences de la vie et soutient le d\u00e9veloppement de l\u2019\u00e9cosyst\u00e8me d\u2019innovation canadien.&nbsp;\u00bb<\/p>\n\n\n\n<p>\u00ab Ce partenariat avec Merck renforce notre engagement \u00e0 soutenir la prochaine g\u00e9n\u00e9ration d\u2019entrepreneurs en technologies profondes au Canada \u00bb, a d\u00e9clar\u00e9 Marjorick Foisy, directrice g\u00e9n\u00e9rale du Centech. \u00ab En combinant l\u2019expertise du Centech en innovation ouverte au leadership mondial de Merck en sciences de la vie, le Merck Digital Sciences Studio contribuera \u00e0 favoriser les innovations r\u00e9volutionnaires et \u00e0 renforcer l\u2019\u00e9cosyst\u00e8me canadien de la sant\u00e9 num\u00e9rique. \u00bb<\/p>\n\n\n\n<p><strong><strong><strong><strong><strong><strong><strong><strong>\u00c0 propos de Merck Digital Science Studio<\/strong><\/strong><\/strong><\/strong><\/strong><\/strong><\/strong><\/strong><\/p>\n\n\n\n<p>Le Merck Digital Sciences Studio (MDS Studio ou MDSS) est un programme d\u2019acc\u00e9l\u00e9ration offrant du mentorat, de l\u2019encadrement, de la formation, du soutien, de la communaut\u00e9 et des investissements afin d\u2019ouvrir la voie \u00e0 la prochaine g\u00e9n\u00e9ration de technologies novatrices en vue de la d\u00e9couverte et de la mise au point de m\u00e9dicaments. Nous investissons dans des startups perturbatrices et novatrices dans le domaine de la biopharmacie num\u00e9rique par l\u2019entremise d\u2019un SAFE (Accord simple pour des actions futures). La conception et le r\u00e9seau uniques du MDS Studio permettent aux entreprises en d\u00e9marrage de s\u2019engager avec des partenaires de premier plan de l\u2019industrie, qui jouent un r\u00f4le actif dans le d\u00e9veloppement. Pour en savoir plus, visitez <a href=\"https:\/\/www.mds.studio\">www.mds.studio<\/a>.<\/p>\n\n\n\n<p><strong><strong><strong><strong><strong>\u00c0 propos de Merck <\/strong><\/strong><\/strong><\/strong><\/strong><\/p>\n\n\n\n<p>Chez Merck, connue sous le nom de MSD \u00e0 l\u2019ext\u00e9rieur des \u00c9tats-Unis et du Canada, nous unissons nos forces autour de notre raison d\u2019\u00eatre&nbsp;: nous utilisons la puissance des m\u00e9thodes scientifiques de pointe pour sauver des vies et en am\u00e9liorer partout dans le monde. Depuis plus de 130&nbsp;ans, nous donnons espoir \u00e0 l\u2019humanit\u00e9 en mettant au point des m\u00e9dicaments et des vaccins importants. Nous aspirons \u00e0 devenir la premi\u00e8re soci\u00e9t\u00e9 biopharmaceutique de recherche intensive au monde&nbsp;\u2013 et nous sommes aujourd\u2019hui \u00e0 l\u2019avant-garde de la recherche, offrant des solutions de sant\u00e9 innovatrices qui font progresser la pr\u00e9vention et le traitement des maladies chez les humains et les animaux. Nous encourageons la diversit\u00e9 et l\u2019inclusivit\u00e9 de notre main-d\u2019\u0153uvre au niveau mondial et agissons de mani\u00e8re responsable chaque jour pour permettre un avenir s\u00fbr, durable et&nbsp;sain pour toutes les personnes et toutes les communaut\u00e9s. Pour plus d\u2019informations sur nos activit\u00e9s au Canada, visitez&nbsp;<a href=\"http:\/\/www.merck.ca\/\">www.merck.ca<\/a>&nbsp;et rejoignez-nous sur&nbsp;<a href=\"https:\/\/www.linkedin.com\/company\/merck-canada\/\">LinkedIn<\/a> @MerckCanada.<\/p>\n\n\n\n<p><strong>\u00c0 propos du CQDM<\/strong><br><em>Facilitateur d\u2019innovation biopharma<\/em><\/p>\n\n\n\n<p>Le CQDM est un consortium de recherche biopharmaceutique \u00e0 but non lucratif dont la mission est de soutenir et de faciliter la recherche et d\u00e9veloppement collaborative multipartite visant \u00e0 acc\u00e9l\u00e9rer la translation ou la transformation de technologies innovantes en solutions r\u00e9pondant \u00e0 des besoins m\u00e9dicaux non satisfaits, tout en g\u00e9n\u00e9rant des retomb\u00e9es significatives pour l\u2019\u00e9conomie qu\u00e9b\u00e9coise et canadienne. Pour plus d\u2019informations, consultez le site web <a href=\"http:\/\/www.cqdm.org\">www.cqdm.org<\/a> et rejoignez-nous sur <a href=\"https:\/\/www.linkedin.com\/company\/cqdm\/\">LinkedIn<\/a>.<\/p>\n\n\n\n<p><strong><strong><strong><strong><strong><strong>D\u00e9claration prospective de Merck &amp; Co., Inc., Rahway, NJ, \u00c9tats-Unis<\/strong><\/strong><\/strong><\/strong><\/strong><\/strong><\/p>\n\n\n\n<p>Ce communiqu\u00e9 de presse de Merck &amp; Co., Inc., Rahway, NJ, \u00c9tats-Unis (la \u00ab\u00a0soci\u00e9t\u00e9\u00a0\u00bb) contient des \u00ab\u00a0d\u00e9clarations prospectives\u00a0\u00bb, au sens des dispositions lib\u00e9ratoires de la Private Securities Litigation Reform Act of 1995 des \u00c9tats-Unis. Ces d\u00e9clarations sont fond\u00e9es sur les convictions et les pr\u00e9visions actuelles de la direction de la soci\u00e9t\u00e9 et sont soumises \u00e0 bon nombre de risques et d\u2019incertitudes. Rien ne garantit que les produits en d\u00e9veloppement recevront les approbations n\u00e9cessaires des organismes de r\u00e9glementation ou qu\u2019ils auront un succ\u00e8s commercial. Si les hypoth\u00e8ses sous-jacentes se r\u00e9v\u00e8lent inexactes ou si les risques et incertitudes se concr\u00e9tisent, les r\u00e9sultats r\u00e9els pourraient \u00eatre consid\u00e9rablement diff\u00e9rents de ceux annonc\u00e9s dans les d\u00e9clarations prospectives.<\/p>\n\n\n\n<p>Ces risques et incertitudes comprennent, sans s\u2019y limiter, les conditions g\u00e9n\u00e9rales de l\u2019industrie et la concurrence; les facteurs \u00e9conomiques g\u00e9n\u00e9raux, y compris les fluctuations des taux d\u2019int\u00e9r\u00eat et des taux de change; les effets de la r\u00e9glementation de l\u2019industrie pharmaceutique ou des lois concernant les soins de la sant\u00e9 aux \u00c9tats-Unis et \u00e0 l\u2019\u00e9chelle mondiale; les tendances mondiales \u00e0 l\u2019\u00e9gard de la limitation des co\u00fbts des soins de sant\u00e9; les avanc\u00e9es technologiques et les nouveaux produits et brevets des concurrents; les d\u00e9fis li\u00e9s \u00e0 l\u2019\u00e9laboration d\u2019un nouveau produit, ce qui inclut l\u2019obtention de l\u2019approbation r\u00e9glementaire; la capacit\u00e9 de l\u2019entreprise \u00e0 pr\u00e9dire pr\u00e9cis\u00e9ment les conditions de march\u00e9 futures; les difficult\u00e9s ou les retards de fabrication; l\u2019instabilit\u00e9 financi\u00e8re des \u00e9conomies mondiales et le risque de souverainet\u00e9; la d\u00e9pendance \u00e0 l\u2019\u00e9gard de l\u2019efficacit\u00e9 des brevets de l\u2019entreprise et des autres protections relatives aux produits innovants; et le risque de faire l\u2019objet d\u2019actions judiciaires, y compris des litiges li\u00e9s aux brevets, ou\u00a0de mesures r\u00e9glementaires.<\/p>\n\n\n\n<p>La Soci\u00e9t\u00e9 n\u2019est aucunement tenue de publier des mises \u00e0 jour de ses d\u00e9clarations prospectives \u00e0 la suite de nouveaux renseignements, d\u2019\u00e9v\u00e9nements futurs ou de quelque fait que ce soit. D\u2019autres facteurs susceptibles d\u2019entra\u00eener une diff\u00e9rence notable entre les r\u00e9sultats r\u00e9els et les r\u00e9sultats d\u00e9crits dans les d\u00e9clarations prospectives sont \u00e9nonc\u00e9s dans le rapport annuel de la soci\u00e9t\u00e9 \u00e9tabli sur le formulaire\u00a010-K pour l\u2019exercice cl\u00f4tur\u00e9 le 31\u00a0d\u00e9cembre\u00a02024 et dans les autres documents d\u00e9pos\u00e9s par la soci\u00e9t\u00e9 aupr\u00e8s de la Securities and Exchange Commission (SEC) des \u00c9tats-Unis et accessibles sur le site Internet de cette derni\u00e8re (<a href=\"http:\/\/www.sec.gov\">www.sec.gov<\/a>).<\/p>\n\n\n\n<p class=\"has-text-align-center\"><strong>###<\/strong><\/p>\n\n\n\n<p style=\"font-size:12px\">\u00a9 2025 Merck &amp; Co., Inc., Rahway, NJ, \u00c9tats-Unis et ses soci\u00e9t\u00e9s affili\u00e9es. Tous droits r\u00e9serv\u00e9s.<\/p>\n","protected":false},"excerpt":{"rendered":"<p>Le Merck Digital Sciences Studio ouvre ses portes au Canada pour acc\u00e9l\u00e9rer l\u2019innovation biopharmaceutique Nouveau programme d\u2019acc\u00e9l\u00e9ration visant \u00e0 soutenir les entreprises technologiques innovantes avec des financements, du mentorat et des ressources technologiques Download KIRKLAND, QC., le 20&nbsp;juin&nbsp;2025 \u2013 Merck, connu sous le nom de MSD hors des \u00c9tats-Unis et du Canada, est fi\u00e8re d\u2019annoncer [&hellip;]<\/p>\n","protected":false},"author":1049,"featured_media":0,"parent":4239,"menu_order":0,"comment_status":"closed","ping_status":"closed","template":"","meta":{"_acf_changed":false,"bdl_company_name":[],"bdl_item_external_link":[],"editor_notices":[],"footnotes":""},"class_list":["post-7804","page","type-page","status-publish","hentry"],"yoast_head":"<!-- This site is optimized with the Yoast SEO plugin v21.9.1 - https:\/\/yoast.com\/wordpress\/plugins\/seo\/ -->\n<title>Le Merck Digital Sciences Studio ouvre ses portes au Canada pour acc\u00e9l\u00e9rer l\u2019innovation biopharmaceutique - MCC Canada French<\/title>\n<meta name=\"robots\" content=\"index, follow, max-snippet:-1, max-image-preview:large, max-video-preview:-1\" \/>\n<link rel=\"canonical\" href=\"https:\/\/www.merck.ca\/fr\/newsroom-fr\/le-merck-digital-sciences-studio-ouvre-ses-portes-au-canada-pour-accelerer-linnovation-biopharmaceutique\/\" \/>\n<meta property=\"og:locale\" content=\"en_US\" \/>\n<meta property=\"og:type\" content=\"article\" \/>\n<meta property=\"og:title\" content=\"Le Merck Digital Sciences Studio ouvre ses portes au Canada pour acc\u00e9l\u00e9rer l\u2019innovation biopharmaceutique - MCC Canada French\" \/>\n<meta property=\"og:description\" content=\"Le Merck Digital Sciences Studio ouvre ses portes au Canada pour acc\u00e9l\u00e9rer l\u2019innovation biopharmaceutique Nouveau programme d\u2019acc\u00e9l\u00e9ration visant \u00e0 soutenir les entreprises technologiques innovantes avec des financements, du mentorat et des ressources technologiques Download KIRKLAND, QC., le 20&nbsp;juin&nbsp;2025 \u2013 Merck, connu sous le nom de MSD hors des \u00c9tats-Unis et du Canada, est fi\u00e8re d\u2019annoncer [&hellip;]\" \/>\n<meta property=\"og:url\" content=\"https:\/\/www.merck.ca\/fr\/newsroom-fr\/le-merck-digital-sciences-studio-ouvre-ses-portes-au-canada-pour-accelerer-linnovation-biopharmaceutique\/\" \/>\n<meta property=\"og:site_name\" content=\"MCC Canada French\" \/>\n<meta property=\"article:modified_time\" content=\"2025-06-20T16:51:29+00:00\" \/>\n<meta name=\"twitter:card\" content=\"summary_large_image\" \/>\n<meta name=\"twitter:label1\" content=\"Est. reading time\" \/>\n\t<meta name=\"twitter:data1\" content=\"8 minutes\" \/>\n<script type=\"application\/ld+json\" class=\"yoast-schema-graph\">{\"@context\":\"https:\/\/schema.org\",\"@graph\":[{\"@type\":\"WebPage\",\"@id\":\"https:\/\/www.merck.ca\/fr\/newsroom-fr\/le-merck-digital-sciences-studio-ouvre-ses-portes-au-canada-pour-accelerer-linnovation-biopharmaceutique\/\",\"url\":\"https:\/\/www.merck.ca\/fr\/newsroom-fr\/le-merck-digital-sciences-studio-ouvre-ses-portes-au-canada-pour-accelerer-linnovation-biopharmaceutique\/\",\"name\":\"Le Merck Digital Sciences Studio ouvre ses portes au Canada pour acc\u00e9l\u00e9rer l\u2019innovation biopharmaceutique - MCC Canada French\",\"isPartOf\":{\"@id\":\"https:\/\/www.merck.ca\/fr\/#website\"},\"datePublished\":\"2025-06-20T16:51:28+00:00\",\"dateModified\":\"2025-06-20T16:51:29+00:00\",\"breadcrumb\":{\"@id\":\"https:\/\/www.merck.ca\/fr\/newsroom-fr\/le-merck-digital-sciences-studio-ouvre-ses-portes-au-canada-pour-accelerer-linnovation-biopharmaceutique\/#breadcrumb\"},\"inLanguage\":\"en-US\",\"potentialAction\":[{\"@type\":\"ReadAction\",\"target\":[\"https:\/\/www.merck.ca\/fr\/newsroom-fr\/le-merck-digital-sciences-studio-ouvre-ses-portes-au-canada-pour-accelerer-linnovation-biopharmaceutique\/\"]}]},{\"@type\":\"BreadcrumbList\",\"@id\":\"https:\/\/www.merck.ca\/fr\/newsroom-fr\/le-merck-digital-sciences-studio-ouvre-ses-portes-au-canada-pour-accelerer-linnovation-biopharmaceutique\/#breadcrumb\",\"itemListElement\":[{\"@type\":\"ListItem\",\"position\":1,\"name\":\"Newsroom fr\",\"item\":\"https:\/\/www.merck.ca\/fr\/newsroom-fr\/\"},{\"@type\":\"ListItem\",\"position\":2,\"name\":\"Le Merck Digital Sciences Studio ouvre ses portes au Canada pour acc\u00e9l\u00e9rer l\u2019innovation biopharmaceutique\"}]},{\"@type\":\"WebSite\",\"@id\":\"https:\/\/www.merck.ca\/fr\/#website\",\"url\":\"https:\/\/www.merck.ca\/fr\/\",\"name\":\"MCC Canada French\",\"description\":\"Merck.ca\",\"potentialAction\":[{\"@type\":\"SearchAction\",\"target\":{\"@type\":\"EntryPoint\",\"urlTemplate\":\"https:\/\/www.merck.ca\/fr\/?s={search_term_string}\"},\"query-input\":\"required name=search_term_string\"}],\"inLanguage\":\"en-US\"}]}<\/script>\n<!-- \/ Yoast SEO plugin. -->","yoast_head_json":{"title":"Le Merck Digital Sciences Studio ouvre ses portes au Canada pour acc\u00e9l\u00e9rer l\u2019innovation biopharmaceutique - MCC Canada French","robots":{"index":"index","follow":"follow","max-snippet":"max-snippet:-1","max-image-preview":"max-image-preview:large","max-video-preview":"max-video-preview:-1"},"canonical":"https:\/\/www.merck.ca\/fr\/newsroom-fr\/le-merck-digital-sciences-studio-ouvre-ses-portes-au-canada-pour-accelerer-linnovation-biopharmaceutique\/","og_locale":"en_US","og_type":"article","og_title":"Le Merck Digital Sciences Studio ouvre ses portes au Canada pour acc\u00e9l\u00e9rer l\u2019innovation biopharmaceutique - MCC Canada French","og_description":"Le Merck Digital Sciences Studio ouvre ses portes au Canada pour acc\u00e9l\u00e9rer l\u2019innovation biopharmaceutique Nouveau programme d\u2019acc\u00e9l\u00e9ration visant \u00e0 soutenir les entreprises technologiques innovantes avec des financements, du mentorat et des ressources technologiques Download KIRKLAND, QC., le 20&nbsp;juin&nbsp;2025 \u2013 Merck, connu sous le nom de MSD hors des \u00c9tats-Unis et du Canada, est fi\u00e8re d\u2019annoncer [&hellip;]","og_url":"https:\/\/www.merck.ca\/fr\/newsroom-fr\/le-merck-digital-sciences-studio-ouvre-ses-portes-au-canada-pour-accelerer-linnovation-biopharmaceutique\/","og_site_name":"MCC Canada French","article_modified_time":"2025-06-20T16:51:29+00:00","twitter_card":"summary_large_image","twitter_misc":{"Est. reading time":"8 minutes"},"schema":{"@context":"https:\/\/schema.org","@graph":[{"@type":"WebPage","@id":"https:\/\/www.merck.ca\/fr\/newsroom-fr\/le-merck-digital-sciences-studio-ouvre-ses-portes-au-canada-pour-accelerer-linnovation-biopharmaceutique\/","url":"https:\/\/www.merck.ca\/fr\/newsroom-fr\/le-merck-digital-sciences-studio-ouvre-ses-portes-au-canada-pour-accelerer-linnovation-biopharmaceutique\/","name":"Le Merck Digital Sciences Studio ouvre ses portes au Canada pour acc\u00e9l\u00e9rer l\u2019innovation biopharmaceutique - MCC Canada French","isPartOf":{"@id":"https:\/\/www.merck.ca\/fr\/#website"},"datePublished":"2025-06-20T16:51:28+00:00","dateModified":"2025-06-20T16:51:29+00:00","breadcrumb":{"@id":"https:\/\/www.merck.ca\/fr\/newsroom-fr\/le-merck-digital-sciences-studio-ouvre-ses-portes-au-canada-pour-accelerer-linnovation-biopharmaceutique\/#breadcrumb"},"inLanguage":"en-US","potentialAction":[{"@type":"ReadAction","target":["https:\/\/www.merck.ca\/fr\/newsroom-fr\/le-merck-digital-sciences-studio-ouvre-ses-portes-au-canada-pour-accelerer-linnovation-biopharmaceutique\/"]}]},{"@type":"BreadcrumbList","@id":"https:\/\/www.merck.ca\/fr\/newsroom-fr\/le-merck-digital-sciences-studio-ouvre-ses-portes-au-canada-pour-accelerer-linnovation-biopharmaceutique\/#breadcrumb","itemListElement":[{"@type":"ListItem","position":1,"name":"Newsroom fr","item":"https:\/\/www.merck.ca\/fr\/newsroom-fr\/"},{"@type":"ListItem","position":2,"name":"Le Merck Digital Sciences Studio ouvre ses portes au Canada pour acc\u00e9l\u00e9rer l\u2019innovation biopharmaceutique"}]},{"@type":"WebSite","@id":"https:\/\/www.merck.ca\/fr\/#website","url":"https:\/\/www.merck.ca\/fr\/","name":"MCC Canada French","description":"Merck.ca","potentialAction":[{"@type":"SearchAction","target":{"@type":"EntryPoint","urlTemplate":"https:\/\/www.merck.ca\/fr\/?s={search_term_string}"},"query-input":"required name=search_term_string"}],"inLanguage":"en-US"}]}},"acf":[],"_links":{"self":[{"href":"https:\/\/www.merck.ca\/fr\/wp-json\/wp\/v2\/pages\/7804","targetHints":{"allow":["GET"]}}],"collection":[{"href":"https:\/\/www.merck.ca\/fr\/wp-json\/wp\/v2\/pages"}],"about":[{"href":"https:\/\/www.merck.ca\/fr\/wp-json\/wp\/v2\/types\/page"}],"author":[{"embeddable":true,"href":"https:\/\/www.merck.ca\/fr\/wp-json\/wp\/v2\/users\/1049"}],"replies":[{"embeddable":true,"href":"https:\/\/www.merck.ca\/fr\/wp-json\/wp\/v2\/comments?post=7804"}],"version-history":[{"count":8,"href":"https:\/\/www.merck.ca\/fr\/wp-json\/wp\/v2\/pages\/7804\/revisions"}],"predecessor-version":[{"id":7813,"href":"https:\/\/www.merck.ca\/fr\/wp-json\/wp\/v2\/pages\/7804\/revisions\/7813"}],"up":[{"embeddable":true,"href":"https:\/\/www.merck.ca\/fr\/wp-json\/wp\/v2\/pages\/4239"}],"wp:attachment":[{"href":"https:\/\/www.merck.ca\/fr\/wp-json\/wp\/v2\/media?parent=7804"}],"curies":[{"name":"wp","href":"https:\/\/api.w.org\/{rel}","templated":true}]}}