{"id":6490,"date":"2023-11-21T17:28:28","date_gmt":"2023-11-21T17:28:28","guid":{"rendered":"https:\/\/www.merck.ca\/fr\/?page_id=6490"},"modified":"2026-03-27T15:28:56","modified_gmt":"2026-03-27T15:28:56","slug":"oncologie","status":"publish","type":"page","link":"https:\/\/www.merck.ca\/fr\/recherche-et-produits\/domaines-dinteret\/oncologie\/","title":{"rendered":"Oncologie"},"content":{"rendered":"<nav class=\"is-responsive full wp-block-navigation is-layout-flex wp-block-navigation-is-layout-flex\" aria-label=\"Navigation 4\" \n\t\t data-wp-interactive=\"core\/navigation\" data-wp-context='{\"overlayOpenedBy\":{\"click\":false,\"hover\":false,\"focus\":false},\"type\":\"overlay\",\"roleAttribute\":\"\",\"ariaLabel\":\"Menu\"}'><button aria-haspopup=\"dialog\" aria-label=\"Open menu\" class=\"wp-block-navigation__responsive-container-open\" \n\t\t\t\tdata-wp-on-async--click=\"actions.openMenuOnClick\"\n\t\t\t\tdata-wp-on--keydown=\"actions.handleMenuKeydown\"\n\t\t\t><svg width=\"24\" height=\"24\" xmlns=\"http:\/\/www.w3.org\/2000\/svg\" viewBox=\"0 0 24 24\" aria-hidden=\"true\" focusable=\"false\"><rect x=\"4\" y=\"7.5\" width=\"16\" height=\"1.5\" \/><rect x=\"4\" y=\"15\" width=\"16\" height=\"1.5\" \/><\/svg><\/button>\n\t\t\t\t<div class=\"wp-block-navigation__responsive-container\"  id=\"modal-1\" \n\t\t\t\tdata-wp-class--has-modal-open=\"state.isMenuOpen\"\n\t\t\t\tdata-wp-class--is-menu-open=\"state.isMenuOpen\"\n\t\t\t\tdata-wp-watch=\"callbacks.initMenu\"\n\t\t\t\tdata-wp-on--keydown=\"actions.handleMenuKeydown\"\n\t\t\t\tdata-wp-on-async--focusout=\"actions.handleMenuFocusout\"\n\t\t\t\ttabindex=\"-1\"\n\t\t\t>\n\t\t\t\t\t<div class=\"wp-block-navigation__responsive-close\" tabindex=\"-1\">\n\t\t\t\t\t\t<div class=\"wp-block-navigation__responsive-dialog\" \n\t\t\t\tdata-wp-bind--aria-modal=\"state.ariaModal\"\n\t\t\t\tdata-wp-bind--aria-label=\"state.ariaLabel\"\n\t\t\t\tdata-wp-bind--role=\"state.roleAttribute\"\n\t\t\t>\n\t\t\t\t\t\t\t<button aria-label=\"Close menu\" class=\"wp-block-navigation__responsive-container-close\" \n\t\t\t\tdata-wp-on-async--click=\"actions.closeMenuOnClick\"\n\t\t\t><svg xmlns=\"http:\/\/www.w3.org\/2000\/svg\" viewBox=\"0 0 24 24\" width=\"24\" height=\"24\" aria-hidden=\"true\" focusable=\"false\"><path d=\"m13.06 12 6.47-6.47-1.06-1.06L12 10.94 5.53 4.47 4.47 5.53 10.94 12l-6.47 6.47 1.06 1.06L12 13.06l6.47 6.47 1.06-1.06L13.06 12Z\"><\/path><\/svg><\/button>\n\t\t\t\t\t\t\t<div class=\"wp-block-navigation__responsive-container-content\" \n\t\t\t\tdata-wp-watch=\"callbacks.focusFirstElement\"\n\t\t\t id=\"modal-1-content\">\n\t\t\t\t\t\t\t\t<ul class=\"wp-block-navigation__container is-responsive full wp-block-navigation\"><li class=\" wp-block-navigation-item wp-block-navigation-link\"><a class=\"wp-block-navigation-item__content\"  href=\"https:\/\/www.merck.ca\/fr\/recherche-et-produits\/domaines-dinteret\/oncologie\/\"><span class=\"wp-block-navigation-item__label\">Oncologie<\/span><\/a><\/li><li class=\" wp-block-navigation-item wp-block-navigation-link\"><a class=\"wp-block-navigation-item__content\"  href=\"https:\/\/www.merck.ca\/fr\/recherche-et-produits\/domaines-dinteret\/oncologie\/innovation\/\"><span class=\"wp-block-navigation-item__label\">Innovation<\/span><\/a><\/li><li class=\" wp-block-navigation-item wp-block-navigation-link\"><a class=\"wp-block-navigation-item__content\"  href=\"https:\/\/www.merck.ca\/fr\/recherche-et-produits\/domaines-dinteret\/oncologie\/partenariats\/\"><span class=\"wp-block-navigation-item__label\">Partenariats<\/span><\/a><\/li><li class=\" wp-block-navigation-item wp-block-navigation-link\"><a class=\"wp-block-navigation-item__content\"  href=\"https:\/\/www.merck.ca\/fr\/recherche-et-produits\/domaines-dinteret\/oncologie\/recherche\/\"><span class=\"wp-block-navigation-item__label\">Recherche<\/span><\/a><\/li><\/ul>\n\t\t\t\t\t\t\t<\/div>\n\t\t\t\t\t\t<\/div>\n\t\t\t\t\t<\/div>\n\t\t\t\t<\/div><\/nav>\n\n\n<style>\n.green { background: rgba(0,133,124,1); color: white; }\n.teal { background: rgba(0,133,124,0.1); }\n.mcteal { color: rgba(0,133,124,1); }\n.stat-block .stat-block-content .stat-block-statistic { color: white !important; }\n.stat-block { margin-bottom: 0.5rem !important; }\n.mx-auto { margin-left: auto !important; margin-right: auto !important; }\n.stats { padding: 1rem 0 !important; }\n.white { background: white; }\n.mccberg-block { margin-top: 0 !important; }\n.wp-block-navigation__container,\nul.wp-block-navigation__container li { min-height: 52px !important; padding-right: 1rem; }\n\/* ul.wp-block-navigation__container li:first-child,\nul.wp-block-navigation__container li:first-child::before,\nul.wp-block-navigation__container li:first-child a { background: rgba(0,133,124,1); color: white !important; } *\/\n.current-menu-item.wp-block-navigation-link { background: rgba(0,133,124,1); color: white;}\n.current-menu-item.wp-block-navigation-link::before { color:  #fff !important; }\n@media (min-width: 1280px) {\n.mccberg-block .mccberg-related-link-expanded {\nbottom: -14px !important;\n}}\n\n@media (max-width: 600px) {\n.wp-block-navigation__responsive-container.is-menu-open .wp-block-navigation__responsive-container-content .wp-block-navigation-item { justify-content: center;}\n.current-menu-item.wp-block-navigation-link::before { color: inherit !important; }\n}\n<\/style>\n\n\n\n<div id=\"mco-b2-hero-block-block_9712bb1903d2e045295561b2f831f174\" class=\"mco-b2-hero-block full mccberg-block\">\n    <div class=\"mco-b2-hero-block-wrapper\">\n        <div class=\"mco-b2-hero-block-image-section \">\n                            <div class=\"mco-b2-hero-block-image-container \">\n                    <picture >\n\t<source media=\"(max-width: 767px)\" data-srcset=\"https:\/\/www.merck.ca\/fr\/wp-content\/uploads\/sites\/83\/2022\/04\/oncology.jpg?w=768\" srcset=\"https:\/\/www.merck.ca\/fr\/wp-content\/uploads\/sites\/83\/2022\/04\/oncology.jpg?w=768\" >\n<source media=\"(min-width: 768px) and (max-width: 1199px)\" data-srcset=\"https:\/\/www.merck.ca\/fr\/wp-content\/uploads\/sites\/83\/2022\/04\/oncology.jpg?h=768\" srcset=\"https:\/\/www.merck.ca\/fr\/wp-content\/uploads\/sites\/83\/2022\/04\/oncology.jpg?h=768\" >\n<source media=\"(min-width: 1200px) and (max-width: 1919px)\" data-srcset=\"https:\/\/www.merck.ca\/fr\/wp-content\/uploads\/sites\/83\/2022\/04\/oncology.jpg?w=1200\" srcset=\"https:\/\/www.merck.ca\/fr\/wp-content\/uploads\/sites\/83\/2022\/04\/oncology.jpg?w=1200\" >\n<source media=\"(min-width: 1920px)\" data-srcset=\"https:\/\/www.merck.ca\/fr\/wp-content\/uploads\/sites\/83\/2022\/04\/oncology.jpg?w=1920\" srcset=\"https:\/\/www.merck.ca\/fr\/wp-content\/uploads\/sites\/83\/2022\/04\/oncology.jpg?w=1920\" >\n\t<img data-src=\"https:\/\/www.merck.ca\/fr\/wp-content\/uploads\/sites\/83\/2022\/04\/oncology.jpg?w=1920\" alt=\"\" class=\"eager \" loading=\"eager\" \/>\n<\/picture>                                    <\/div>\n                        <div class=\"mco-b2-hero-block-image-container-two\">\n                            <\/div>\n        <\/div>\n\n        <div class=\"mco-b2-hero-block-content-section\">\n            <nav class=\"breadcrumbs wrapper text-descriptive\"aria-label=\"Breadcrumbs\"><\/nav>            \n                            <h1>Oncologie<\/h1>\n            \n                            <div class=\"mco-b2-hero-block-description\"><h3 class=\"mcteal\">Innover pour un avenir o\u00f9 les patients craignent moins de recevoir un diagnostic de cancer<\/h3>\n<\/div>\n            \n                    <\/div>\n    <\/div>\n\n    \n<\/div>\n\n\n\n<h4 class=\"wp-block-heading has-text-align-center\">En faisant progresser la recherche innovante, en visant l\u2019excellence et en collaborant avec la communaut\u00e9 de l\u2019oncologie pour am\u00e9liorer l\u2019acc\u00e8s aux soins, nous sommes r\u00e9solument tourn\u00e9s vers l\u2019avenir. Nous sommes convaincus que nous avons ce qu\u2019il faut pour contribuer \u00e0 changer le cours du cancer.&nbsp;&nbsp;<\/h4>\n\n\n\n<div style=\"height:3rem\" aria-hidden=\"true\" class=\"wp-block-spacer\"><\/div>\n\n\n\n<div style=\"height:2rem\" aria-hidden=\"true\" class=\"wp-block-spacer\"><\/div>\n\n\n<link rel='stylesheet' id='mccberg-related-links-module-css-css' href='https:\/\/www.merck.ca\/fr\/wp-content\/themes\/cex-wpvip-mhh-mhh2-mcc-theme\/blocks\/mccberg\/related-links\/css\/style.min.css?ver=1767614750' media='all' \/>\n\n<div class=\"mccberg-block wp-block-mccberg-related-links mccberg-related-link\"><div class=\"coporateberg-related-link-header-container\"><h2 class=\"mccberg-related-link-header\"><strong>Nous connaissons tous quelqu\u2019un qui a \u00e9t\u00e9 touch\u00e9 par le cancer<\/strong><\/h2><p class=\"mccberg-related-link-description\">M\u00eame si d\u2019importantes avanc\u00e9es ont \u00e9t\u00e9 r\u00e9alis\u00e9es pour faire progresser le traitement contre le cancer, il nous reste encore du chemin \u00e0 parcourir. C\u2019est pourquoi nous nous sommes donn\u00e9 comme mission d\u2019am\u00e9liorer la vie des Canadiens et de leur permettre de vivre plus longtemps.<\/p><p class=\"mccberg-related-link-cta\"><a class=\"btn\"><\/a><\/p><\/div><div class=\"mccberg-related-link-content-container\"><div class=\"mccberg-related-link-container-wrapper\"><div class=\"mccberg-related-link-container first-link\"><h4>Innovation<\/h4><i class=\"mccberg-related-link-closed\"><\/i><i class=\"mccberg-related-link-opened\"><\/i><\/div><div class=\"mccberg-related-link-expanded\"><picture><source media=\"(max-width: 767px)\" data-srcset=\"https:\/\/www.merck.ca\/fr\/wp-content\/uploads\/sites\/83\/2025\/08\/Scientists-SSF-Biology-006-1-HI.jpg?resize=321,214\"\/><source media=\"(min-width: 768px) and (max-width: 1279px)\" data-srcset=\"https:\/\/www.merck.ca\/fr\/wp-content\/uploads\/sites\/83\/2025\/08\/Scientists-SSF-Biology-006-1-HI.jpg?resize=656,437\"\/><source media=\"(min-width: 1280px)\" data-srcset=\"https:\/\/www.merck.ca\/fr\/wp-content\/uploads\/sites\/83\/2025\/08\/Scientists-SSF-Biology-006-1-HI.jpg?resize=778,519\"\/><img data-src=\"https:\/\/www.merck.ca\/fr\/wp-content\/uploads\/sites\/83\/2025\/08\/Scientists-SSF-Biology-006-1-HI.jpg?resize=778,519\" class=\"mccberg-related-link-link-image lazyload\" loading=\"lazy\" alt=\"Innovation\"\/><\/picture><h4>Toujours repousser les limites du possible<\/h4><p>Notre vision est audacieuse et notre mission, aussi complexe que le cancer. Nous voyons au-del\u00e0 des limites scientifiques que les autres s\u2019imposent pour faire de grands bonds en avant, car c\u2019est ce que les esprits novateurs font. Le cancer ne s\u2019arr\u00eate jamais et nous non plus.<\/p><p><a class=\"btn secondary\" href=\"https:\/\/www.merck.ca\/fr\/recherche-et-produits\/domaines-dinteret\/oncologie\/innovation\/\" title=\"\" rel=\"noopener noreferrer\" target=\"\">D\u00e9couvrir notre engagement en mati\u00e8re d\u2019innovation<\/a><\/p><\/div><\/div><div class=\"mccberg-related-link-container-wrapper\"><div class=\"mccberg-related-link-container \"><h4>Partenariats<\/h4><i class=\"mccberg-related-link-closed\"><\/i><i class=\"mccberg-related-link-opened\"><\/i><\/div><div class=\"mccberg-related-link-expanded\"><picture><source media=\"(max-width: 767px)\" data-srcset=\"https:\/\/www.merck.ca\/fr\/wp-content\/uploads\/sites\/83\/2025\/08\/AdobeStock_560072776.jpeg?resize=321,214\"\/><source media=\"(min-width: 768px) and (max-width: 1279px)\" data-srcset=\"https:\/\/www.merck.ca\/fr\/wp-content\/uploads\/sites\/83\/2025\/08\/AdobeStock_560072776.jpeg?resize=656,437\"\/><source media=\"(min-width: 1280px)\" data-srcset=\"https:\/\/www.merck.ca\/fr\/wp-content\/uploads\/sites\/83\/2025\/08\/AdobeStock_560072776.jpeg?resize=778,519\"\/><img data-src=\"https:\/\/www.merck.ca\/fr\/wp-content\/uploads\/sites\/83\/2025\/08\/AdobeStock_560072776.jpeg?resize=778,519\" class=\"mccberg-related-link-link-image lazyload\" loading=\"lazy\" alt=\"Partenariats\"\/><\/picture><h4>Une communaut\u00e9 d\u00e9termin\u00e9e \u00e0 faire avancer les soins contre le cancer<\/h4><p>C&#8217;est en collaborant avec les leaders de la recherche et les communaut\u00e9s de patients que nous maximisons notre impact dans le domaine de l&#8217;oncologie. Nous savons qu&#8217;il est important de bien s&#8217;entourer, c&#8217;est pourquoi nous unissons nos forces avec des alli\u00e9s pour acc\u00e9l\u00e9rer la prise en charge du cancer \u00e0 chaque \u00e9tape du parcours du patient.<\/p><p><a class=\"btn secondary\" href=\"https:\/\/www.merck.ca\/fr\/recherche-et-produits\/domaines-dinteret\/oncologie\/partenariats\/\" title=\"\" rel=\"noopener noreferrer\" target=\"\">D\u00e9couvrir nos initiatives et nos partenariats<\/a><\/p><\/div><\/div><div class=\"mccberg-related-link-container-wrapper\"><div class=\"mccberg-related-link-container \"><h4>Recherche<\/h4><i class=\"mccberg-related-link-closed\"><\/i><i class=\"mccberg-related-link-opened\"><\/i><\/div><div class=\"mccberg-related-link-expanded\"><picture><source media=\"(max-width: 767px)\" data-srcset=\"https:\/\/www.merck.ca\/fr\/wp-content\/uploads\/sites\/83\/2025\/08\/AdobeStock_735719564.jpeg?resize=321,214\"\/><source media=\"(min-width: 768px) and (max-width: 1279px)\" data-srcset=\"https:\/\/www.merck.ca\/fr\/wp-content\/uploads\/sites\/83\/2025\/08\/AdobeStock_735719564.jpeg?resize=656,437\"\/><source media=\"(min-width: 1280px)\" data-srcset=\"https:\/\/www.merck.ca\/fr\/wp-content\/uploads\/sites\/83\/2025\/08\/AdobeStock_735719564.jpeg?resize=778,519\"\/><img data-src=\"https:\/\/www.merck.ca\/fr\/wp-content\/uploads\/sites\/83\/2025\/08\/AdobeStock_735719564.jpeg?resize=778,519\" class=\"mccberg-related-link-link-image lazyload\" loading=\"lazy\" alt=\"Recherche\"\/><\/picture><h4>La science qui rend ces d\u00e9couvertes possibles<\/h4><p>Le cancer peut \u00eatre invalidant, tant pour les patients que pour la famille et les survivants. C\u2019est la raison pour laquelle nous sommes d\u00e9termin\u00e9s \u00e0 am\u00e9liorer la norme de soins pour les Canadiens.<\/p><p><a class=\"btn secondary\" href=\"https:\/\/www.merck.ca\/fr\/recherche-et-produits\/domaines-dinteret\/oncologie\/recherche\/\" title=\"\" rel=\"noopener noreferrer\" target=\"\">En savoir plus sur nos travaux de recherche<\/a><\/p><\/div><\/div><\/div><div class=\"mccberg-related-link-image-container\"><picture><source media=\"(max-width: 767px)\" data-srcset=\"https:\/\/www.merck.ca\/en\/wp-content\/uploads\/sites\/20\/2023\/04\/iStock-1327073519.jpg?resize=321,214\"\/><source media=\"(min-width: 768px) and (max-width: 1279px)\" data-srcset=\"https:\/\/www.merck.ca\/en\/wp-content\/uploads\/sites\/20\/2023\/04\/iStock-1327073519.jpg?resize=656,437\"\/><source media=\"(min-width: 1280px)\" data-srcset=\"https:\/\/www.merck.ca\/en\/wp-content\/uploads\/sites\/20\/2023\/04\/iStock-1327073519.jpg?resize=778,519\"\/><img data-src=\"https:\/\/www.merck.ca\/en\/wp-content\/uploads\/sites\/20\/2023\/04\/iStock-1327073519.jpg?resize=778,519\" class=\"mccberg-related-link-image\" alt=\"Innovation\"\/><\/picture><span class=\"mccberg-general-image-url\">https:\/\/www.merck.ca\/en\/wp-content\/uploads\/sites\/20\/2023\/04\/iStock-1327073519.jpg<\/span><\/div><\/div>\n\n\n\n<style>\n@media (min-width: 768px) and (max-width: 1280px) {\n.stat-block .stat-block-content .stat-block-statistic {\n font-size:2rem !important;\n}\n}\n<\/style>\n","protected":false},"excerpt":{"rendered":"<p>En faisant progresser la recherche innovante, en visant l\u2019excellence et en collaborant avec la communaut\u00e9 de l\u2019oncologie pour am\u00e9liorer l\u2019acc\u00e8s aux soins, nous sommes r\u00e9solument tourn\u00e9s vers l\u2019avenir. Nous sommes convaincus que nous avons ce qu\u2019il faut pour contribuer \u00e0 changer le cours du cancer.&nbsp;&nbsp;<\/p>\n","protected":false},"author":175,"featured_media":0,"parent":6495,"menu_order":0,"comment_status":"closed","ping_status":"closed","template":"","meta":{"_acf_changed":false,"bdl_company_name":[],"bdl_item_external_link":[],"editor_notices":[],"footnotes":""},"class_list":["post-6490","page","type-page","status-publish","hentry"],"yoast_head":"<!-- This site is optimized with the Yoast SEO plugin v21.9.1 - https:\/\/yoast.com\/wordpress\/plugins\/seo\/ -->\n<title>Oncologie - MCC Canada French<\/title>\n<meta name=\"robots\" content=\"index, follow, max-snippet:-1, max-image-preview:large, max-video-preview:-1\" \/>\n<link rel=\"canonical\" href=\"https:\/\/www.merck.ca\/fr\/recherche-et-produits\/domaines-dinteret\/oncologie\/\" \/>\n<meta property=\"og:locale\" content=\"en_US\" \/>\n<meta property=\"og:type\" content=\"article\" \/>\n<meta property=\"og:title\" content=\"Oncologie - MCC Canada French\" \/>\n<meta property=\"og:description\" content=\"En faisant progresser la recherche innovante, en visant l\u2019excellence et en collaborant avec la communaut\u00e9 de l\u2019oncologie pour am\u00e9liorer l\u2019acc\u00e8s aux soins, nous sommes r\u00e9solument tourn\u00e9s vers l\u2019avenir. Nous sommes convaincus que nous avons ce qu\u2019il faut pour contribuer \u00e0 changer le cours du cancer.&nbsp;&nbsp;\" \/>\n<meta property=\"og:url\" content=\"https:\/\/www.merck.ca\/fr\/recherche-et-produits\/domaines-dinteret\/oncologie\/\" \/>\n<meta property=\"og:site_name\" content=\"MCC Canada French\" \/>\n<meta property=\"article:modified_time\" content=\"2026-03-27T15:28:56+00:00\" \/>\n<meta property=\"og:image\" content=\"https:\/\/www.merck.ca\/fr\/wp-content\/uploads\/sites\/83\/2025\/08\/Scientists-SSF-Biology-006-1-HI.jpg?resize=778,519\" \/>\n<meta name=\"twitter:card\" content=\"summary_large_image\" \/>\n<meta name=\"twitter:label1\" content=\"Est. reading time\" \/>\n\t<meta name=\"twitter:data1\" content=\"3 minutes\" \/>\n<script type=\"application\/ld+json\" class=\"yoast-schema-graph\">{\"@context\":\"https:\/\/schema.org\",\"@graph\":[{\"@type\":\"WebPage\",\"@id\":\"https:\/\/www.merck.ca\/fr\/recherche-et-produits\/domaines-dinteret\/oncologie\/\",\"url\":\"https:\/\/www.merck.ca\/fr\/recherche-et-produits\/domaines-dinteret\/oncologie\/\",\"name\":\"Oncologie - MCC Canada French\",\"isPartOf\":{\"@id\":\"https:\/\/www.merck.ca\/fr\/#website\"},\"datePublished\":\"2023-11-21T17:28:28+00:00\",\"dateModified\":\"2026-03-27T15:28:56+00:00\",\"breadcrumb\":{\"@id\":\"https:\/\/www.merck.ca\/fr\/recherche-et-produits\/domaines-dinteret\/oncologie\/#breadcrumb\"},\"inLanguage\":\"en-US\",\"potentialAction\":[{\"@type\":\"ReadAction\",\"target\":[\"https:\/\/www.merck.ca\/fr\/recherche-et-produits\/domaines-dinteret\/oncologie\/\"]}]},{\"@type\":\"BreadcrumbList\",\"@id\":\"https:\/\/www.merck.ca\/fr\/recherche-et-produits\/domaines-dinteret\/oncologie\/#breadcrumb\",\"itemListElement\":[{\"@type\":\"ListItem\",\"position\":1,\"name\":\"Recherche et produits\",\"item\":\"https:\/\/www.merck.ca\/fr\/recherche-et-produits\/\"},{\"@type\":\"ListItem\",\"position\":2,\"name\":\"Domaines d&#8217;int\u00e9r\u00eat\",\"item\":\"https:\/\/www.merck.ca\/fr\/recherche-et-produits\/domaines-dinteret\/\"},{\"@type\":\"ListItem\",\"position\":3,\"name\":\"Oncologie\"}]},{\"@type\":\"WebSite\",\"@id\":\"https:\/\/www.merck.ca\/fr\/#website\",\"url\":\"https:\/\/www.merck.ca\/fr\/\",\"name\":\"MCC Canada French\",\"description\":\"Merck.ca\",\"potentialAction\":[{\"@type\":\"SearchAction\",\"target\":{\"@type\":\"EntryPoint\",\"urlTemplate\":\"https:\/\/www.merck.ca\/fr\/?s={search_term_string}\"},\"query-input\":\"required name=search_term_string\"}],\"inLanguage\":\"en-US\"}]}<\/script>\n<!-- \/ Yoast SEO plugin. -->","yoast_head_json":{"title":"Oncologie - MCC Canada French","robots":{"index":"index","follow":"follow","max-snippet":"max-snippet:-1","max-image-preview":"max-image-preview:large","max-video-preview":"max-video-preview:-1"},"canonical":"https:\/\/www.merck.ca\/fr\/recherche-et-produits\/domaines-dinteret\/oncologie\/","og_locale":"en_US","og_type":"article","og_title":"Oncologie - MCC Canada French","og_description":"En faisant progresser la recherche innovante, en visant l\u2019excellence et en collaborant avec la communaut\u00e9 de l\u2019oncologie pour am\u00e9liorer l\u2019acc\u00e8s aux soins, nous sommes r\u00e9solument tourn\u00e9s vers l\u2019avenir. Nous sommes convaincus que nous avons ce qu\u2019il faut pour contribuer \u00e0 changer le cours du cancer.&nbsp;&nbsp;","og_url":"https:\/\/www.merck.ca\/fr\/recherche-et-produits\/domaines-dinteret\/oncologie\/","og_site_name":"MCC Canada French","article_modified_time":"2026-03-27T15:28:56+00:00","og_image":[{"url":"https:\/\/www.merck.ca\/fr\/wp-content\/uploads\/sites\/83\/2025\/08\/Scientists-SSF-Biology-006-1-HI.jpg?resize=778,519"}],"twitter_card":"summary_large_image","twitter_misc":{"Est. reading time":"3 minutes"},"schema":{"@context":"https:\/\/schema.org","@graph":[{"@type":"WebPage","@id":"https:\/\/www.merck.ca\/fr\/recherche-et-produits\/domaines-dinteret\/oncologie\/","url":"https:\/\/www.merck.ca\/fr\/recherche-et-produits\/domaines-dinteret\/oncologie\/","name":"Oncologie - MCC Canada French","isPartOf":{"@id":"https:\/\/www.merck.ca\/fr\/#website"},"datePublished":"2023-11-21T17:28:28+00:00","dateModified":"2026-03-27T15:28:56+00:00","breadcrumb":{"@id":"https:\/\/www.merck.ca\/fr\/recherche-et-produits\/domaines-dinteret\/oncologie\/#breadcrumb"},"inLanguage":"en-US","potentialAction":[{"@type":"ReadAction","target":["https:\/\/www.merck.ca\/fr\/recherche-et-produits\/domaines-dinteret\/oncologie\/"]}]},{"@type":"BreadcrumbList","@id":"https:\/\/www.merck.ca\/fr\/recherche-et-produits\/domaines-dinteret\/oncologie\/#breadcrumb","itemListElement":[{"@type":"ListItem","position":1,"name":"Recherche et produits","item":"https:\/\/www.merck.ca\/fr\/recherche-et-produits\/"},{"@type":"ListItem","position":2,"name":"Domaines d&#8217;int\u00e9r\u00eat","item":"https:\/\/www.merck.ca\/fr\/recherche-et-produits\/domaines-dinteret\/"},{"@type":"ListItem","position":3,"name":"Oncologie"}]},{"@type":"WebSite","@id":"https:\/\/www.merck.ca\/fr\/#website","url":"https:\/\/www.merck.ca\/fr\/","name":"MCC Canada French","description":"Merck.ca","potentialAction":[{"@type":"SearchAction","target":{"@type":"EntryPoint","urlTemplate":"https:\/\/www.merck.ca\/fr\/?s={search_term_string}"},"query-input":"required name=search_term_string"}],"inLanguage":"en-US"}]}},"acf":[],"_links":{"self":[{"href":"https:\/\/www.merck.ca\/fr\/wp-json\/wp\/v2\/pages\/6490","targetHints":{"allow":["GET"]}}],"collection":[{"href":"https:\/\/www.merck.ca\/fr\/wp-json\/wp\/v2\/pages"}],"about":[{"href":"https:\/\/www.merck.ca\/fr\/wp-json\/wp\/v2\/types\/page"}],"author":[{"embeddable":true,"href":"https:\/\/www.merck.ca\/fr\/wp-json\/wp\/v2\/users\/175"}],"replies":[{"embeddable":true,"href":"https:\/\/www.merck.ca\/fr\/wp-json\/wp\/v2\/comments?post=6490"}],"version-history":[{"count":29,"href":"https:\/\/www.merck.ca\/fr\/wp-json\/wp\/v2\/pages\/6490\/revisions"}],"predecessor-version":[{"id":8591,"href":"https:\/\/www.merck.ca\/fr\/wp-json\/wp\/v2\/pages\/6490\/revisions\/8591"}],"up":[{"embeddable":true,"href":"https:\/\/www.merck.ca\/fr\/wp-json\/wp\/v2\/pages\/6495"}],"wp:attachment":[{"href":"https:\/\/www.merck.ca\/fr\/wp-json\/wp\/v2\/media?parent=6490"}],"curies":[{"name":"wp","href":"https:\/\/api.w.org\/{rel}","templated":true}]}}