{"id":6135,"date":"2023-10-11T15:57:22","date_gmt":"2023-10-11T15:57:22","guid":{"rendered":"https:\/\/www.merck.ca\/fr\/?page_id=6135"},"modified":"2025-12-24T16:58:36","modified_gmt":"2025-12-24T16:58:36","slug":"fournisseurs","status":"publish","type":"page","link":"https:\/\/www.merck.ca\/fr\/apercu-de-lentreprise\/fournisseurs\/","title":{"rendered":"Fournisseurs"},"content":{"rendered":"\n<div id=\"mco-b2-hero-block-block_797a4217b4376a009f4064759c688ed3\" class=\"mco-b2-hero-block full mccberg-block\">\n    <div class=\"mco-b2-hero-block-wrapper\">\n        <div class=\"mco-b2-hero-block-image-section \">\n\n                            <div class=\"mco-b2-hero-block-image-container \">\n                    <picture >\n\t<source media=\"(max-width: 767px)\" data-srcset=\"https:\/\/www.merck.ca\/fr\/wp-content\/uploads\/sites\/83\/2025\/08\/AdobeStock_601928805_36b148.jpeg?w=768\" srcset=\"https:\/\/www.merck.ca\/fr\/wp-content\/uploads\/sites\/83\/2025\/08\/AdobeStock_601928805_36b148.jpeg?w=768\" >\n<source media=\"(min-width: 768px) and (max-width: 1199px)\" data-srcset=\"https:\/\/www.merck.ca\/fr\/wp-content\/uploads\/sites\/83\/2025\/08\/AdobeStock_601928805_36b148.jpeg?h=768\" srcset=\"https:\/\/www.merck.ca\/fr\/wp-content\/uploads\/sites\/83\/2025\/08\/AdobeStock_601928805_36b148.jpeg?h=768\" >\n<source media=\"(min-width: 1200px) and (max-width: 1919px)\" data-srcset=\"https:\/\/www.merck.ca\/fr\/wp-content\/uploads\/sites\/83\/2025\/08\/AdobeStock_601928805_36b148.jpeg?w=1200\" srcset=\"https:\/\/www.merck.ca\/fr\/wp-content\/uploads\/sites\/83\/2025\/08\/AdobeStock_601928805_36b148.jpeg?w=1200\" >\n<source media=\"(min-width: 1920px)\" data-srcset=\"https:\/\/www.merck.ca\/fr\/wp-content\/uploads\/sites\/83\/2025\/08\/AdobeStock_601928805_36b148.jpeg?w=1920\" srcset=\"https:\/\/www.merck.ca\/fr\/wp-content\/uploads\/sites\/83\/2025\/08\/AdobeStock_601928805_36b148.jpeg?w=1920\" >\n\t<img data-src=\"https:\/\/www.merck.ca\/fr\/wp-content\/uploads\/sites\/83\/2025\/08\/AdobeStock_601928805_36b148.jpeg?w=1920\" alt=\"\" class=\"eager \" loading=\"eager\" \/>\n<\/picture>                                    <\/div>\n                        <div class=\"mco-b2-hero-block-image-container-two\">\n                            <\/div>\n        <\/div>\n\n        <div class=\"mco-b2-hero-block-content-section\">\n            <nav class=\"breadcrumbs wrapper text-descriptive\"aria-label=\"Breadcrumbs\"><\/nav>            \n                            <h1>Fournisseurs<\/h1>\n            \n                            <div class=\"mco-b2-hero-block-description\"><p class=\"p1\">Nous nous associons \u00e0 des fournisseurs qualifi\u00e9s pour faire la diff\u00e9rence dans la vie des patients en fournissant des solutions, des produits et des services innovants.<\/p>\n<\/div>\n            \n                    <\/div>\n    <\/div>\n\n    \n<\/div>\n\n\n\n<style>\n.teal { background: rgba(0,133,124,0.1); }\n.mx-auto { margin-left: auto; margin-right: auto; }\n.mb0 { margin-bottom: 0; }\n@media (min-width: 1120px) {\n#footerMain {\n    margin-top: 3rem;\n} }\n<\/style>\n\n\n\n<div class=\"wp-block-columns are-vertically-aligned-center full is-layout-flex wp-container-core-columns-is-layout-9d6595d7 wp-block-columns-is-layout-flex\">\n<div class=\"wp-block-column full teal is-layout-flow wp-block-column-is-layout-flow\">\n<div class=\"wp-block-columns are-vertically-aligned-center wrapper mb0 is-layout-flex wp-container-core-columns-is-layout-9d6595d7 wp-block-columns-is-layout-flex\">\n<div class=\"wp-block-column is-vertically-aligned-center is-layout-flow wp-block-column-is-layout-flow\" style=\"flex-basis:66.66%\">\n<h3 class=\"wp-block-heading\">Rapport de Merck Canada sur la lutte contre le travail forc\u00e9<\/h3>\n<\/div>\n\n\n\n<div class=\"wp-block-column is-vertically-aligned-center is-layout-flow wp-block-column-is-layout-flow\" style=\"flex-basis:33.33%\">\n    <div id=\"mcc-cta-block-block_4529612a4f48da301e7511dbda998341\" class=\"mcc-cta-block mccberg-block positive\">\n                    <a\n                    class=\"mcc-cta-block-cta-btn btn primary\"\n                    href=\"https:\/\/www.merck.ca\/fr\/merck-canada_fighting-against-forced-labour_report_fr\"\n                    title=\"Consultez le rapport 2024\"\n                    target=\"_blank\"\n\t                            >Consultez le rapport 2024<\/a>\n        \n            <\/div>\n\n<\/div>\n<\/div>\n<\/div>\n<\/div>\n\n\n\n<div style=\"height:50px\" aria-hidden=\"true\" class=\"wp-block-spacer\"><\/div>\n\n\n\n<h2 class=\"wp-block-heading has-text-align-center\"><strong><strong>Cr\u00e9er une autonomisation \u00e9conomique gr\u00e2ce \u00e0 la diversit\u00e9 et \u00e0 l\u2019inclusion<\/strong><\/strong><\/h2>\n\n\n\n<p class=\"has-text-align-center\">L\u2019inclusion \u00e9conomique et la diversit\u00e9 des fournisseurs sont au c\u0153ur de nos pratiques d\u2019approvisionnement diversifi\u00e9es et inclusives. Nos investissements et le d\u00e9veloppement d\u2019entreprises appartenant \u00e0 des personnes issues de la diversit\u00e9 ont des retomb\u00e9es \u00e9conomiques, favorisent la cr\u00e9ation d\u2019emplois et peuvent mener \u00e0 des produits de pointe en acc\u00e9l\u00e9rant la croissance, l\u2019innovation et l\u2019avantage concurrentiel.<\/p>\n\n\n<div id=\"mco-two-column-content-block-block_85af48e9d6d46ff595a481b2b2008216\"\n     class=\"mco-two-column-content-block mccberg-block\">\n\n\t\n    <div class=\"mco-two-column-content-columns-container\">\n\n        <div class=\"mco-two-column-content-column \">\n\t\t\t\t\t\t\t                <div class=\"mco-two-column-content-col-img-container\">\n                                    <div class=\"mco-two-column-content-col-img \">\n                        <picture>\n                            <source media=\"(max-width: 767px)\"\n                                    data-srcset=\"https:\/\/www.merck.ca\/fr\/wp-content\/uploads\/sites\/83\/2025\/08\/Our-employees_standing-discussion-in-office_hi_300dpi.jpg?resize=321,196\">\n                            <source media=\"(min-width: 768px) and (max-width: 1199px)\"\n                                    data-srcset=\"https:\/\/www.merck.ca\/fr\/wp-content\/uploads\/sites\/83\/2025\/08\/Our-employees_standing-discussion-in-office_hi_300dpi.jpg?resize=314,396\">\n                            <source media=\"(min-width: 1200px)\"\n                                    data-srcset=\"https:\/\/www.merck.ca\/fr\/wp-content\/uploads\/sites\/83\/2025\/08\/Our-employees_standing-discussion-in-office_hi_300dpi.jpg?resize=628,269\">\n                            <img\n                                    data-src=\"https:\/\/www.merck.ca\/fr\/wp-content\/uploads\/sites\/83\/2025\/08\/Our-employees_standing-discussion-in-office_hi_300dpi.jpg?resize=628,269\"\n                                    alt=\"\"\n                                    class=\"lazyload\"\n                                    loading=\"lazy\"\n                            \/>\n                        <\/picture>\n\t\t\t\t\t\t                    <\/div>\n                                    <\/div>\n\t\t\t\n\n            <div class=\"mco-two-column-content-col-content-container\">\n\t\t\t\t\n\t\t\t\t                    <div class=\"mco-two-column-content-col-headline\"><h4>Programme de diversit\u00e9 des fournisseurs<\/h4><\/div>\n\t\t\t\t\n\t\t\t\t\n\t\t\t\t                    <div class=\"mco-two-column-content-col-wysiwyg\"><p><span style=\"font-weight: 400\">Nous cr\u00e9ons des d\u00e9bouch\u00e9s \u00e9conomiques pour les communaut\u00e9s sous-repr\u00e9sent\u00e9es en achetant des produits et des services aupr\u00e8s de petites entreprises appartenant \u00e0 des minorit\u00e9s, \u00e0 des femmes, \u00e0 des lesbiennes, \u00e0 des gays, \u00e0 des bisexuels et \u00e0 des personnes transgenres (LGBT), ainsi qu\u2019\u00e0 des personnes handicap\u00e9es.<\/span><\/p>\n<\/div>\n\t\t\t\t\n                <div class=\"mco-two-column-content-col-cta-container\">\n\t\t\t\t\t\n\t\t\t\t\t                <\/div>\n            <\/div>\n        <\/div>\n\n        <div class=\"mco-two-column-content-column \">\n\t\t\t\t\t\t\t                <div class=\"mco-two-column-content-col-img-container\">\n                                    <div class=\"mco-two-column-content-col-img \">\n                        <picture>\n                            <source media=\"(max-width: 767px)\"\n                                    data-srcset=\"https:\/\/www.merck.ca\/fr\/wp-content\/uploads\/sites\/83\/2025\/08\/Team-meeting-in-conference-room_HI.jpg?resize=321,196\">\n                            <source media=\"(min-width: 768px) and (max-width: 1199px)\"\n                                    data-srcset=\"https:\/\/www.merck.ca\/fr\/wp-content\/uploads\/sites\/83\/2025\/08\/Team-meeting-in-conference-room_HI.jpg?resize=314,396\">\n                            <source media=\"(min-width: 1200px)\"\n                                    data-srcset=\"https:\/\/www.merck.ca\/fr\/wp-content\/uploads\/sites\/83\/2025\/08\/Team-meeting-in-conference-room_HI.jpg?resize=628,269\">\n                            <img\n                                    data-src=\"https:\/\/www.merck.ca\/fr\/wp-content\/uploads\/sites\/83\/2025\/08\/Team-meeting-in-conference-room_HI.jpg?resize=628,269\"\n                                    alt=\"\"\n                                    class=\"lazyload\"\n                                    loading=\"lazy\"\n                            \/>\n                        <\/picture>\n\t\t\t\t\t\t                    <\/div>\n                                    <\/div>\n\t\t\t\n            <div class=\"mco-two-column-content-col-content-container\">\n\t\t\t\t\n\t\t\t\t                    <div class=\"mco-two-column-content-col-headline\"><h4>Notre politique<\/h4><\/div>\n\t\t\t\t\n\t\t\t\t\n\t\t\t\t                    <div class=\"mco-two-column-content-col-wysiwyg\"><p><span style=\"font-weight: 400\">Notre politique consiste \u00e0 offrir \u00e0 ses fournisseurs diversifi\u00e9s les meilleures occasions pratiques de fournir \u00e0 l\u2019entreprise des biens et des services dans le cadre de son processus d\u2019approvisionnement. Le recours \u00e0 des fournisseurs diversifi\u00e9s fait partie int\u00e9grante de nos proc\u00e9dures d\u2019achat, au m\u00eame titre que l\u2019\u00e9galit\u00e9 d\u2019acc\u00e8s \u00e0 l\u2019emploi est au c\u0153ur de nos politiques et proc\u00e9dures en mati\u00e8re de personnel. <\/span><\/p>\n<\/div>\n\t\t\t\t\n                <div class=\"mco-two-column-content-col-cta-container\">\n\t\t\t\t\t\n\t\t\t\t\t                <\/div>\n            <\/div>\n        <\/div>\n\n    <\/div>\n        <\/div>\n\n\n\n<div class=\"wp-block-columns are-vertically-aligned-center full is-layout-flex wp-container-core-columns-is-layout-9d6595d7 wp-block-columns-is-layout-flex\">\n<div class=\"wp-block-column full teal is-layout-flow wp-block-column-is-layout-flow\">\n<div class=\"wp-block-columns are-vertically-aligned-center wrapper mb0 is-layout-flex wp-container-core-columns-is-layout-9d6595d7 wp-block-columns-is-layout-flex\">\n<div class=\"wp-block-column is-vertically-aligned-center is-layout-flow wp-block-column-is-layout-flow\" style=\"flex-basis:66.66%\">\n<h3 class=\"wp-block-heading\">Des questions sur la diversit\u00e9 des fournisseurs chez Merck?<\/h3>\n<\/div>\n\n\n\n<div class=\"wp-block-column is-vertically-aligned-center is-layout-flow wp-block-column-is-layout-flow\" style=\"flex-basis:33.33%\">\n    <div id=\"mcc-cta-block-block_d7baf39807c836e0a4635cd1bb13dd75\" class=\"mcc-cta-block mccberg-block positive\">\n                    <a\n                    class=\"mcc-cta-block-cta-btn btn primary\"\n                    href=\"mailto:Supplier_diversity@merck.com\"\n                    title=\"En savoir plus\"\n                    target=\"_blank\"\n\t                            >En savoir plus<\/a>\n        \n            <\/div>\n\n<\/div>\n<\/div>\n<\/div>\n<\/div>\n\n\n\n<div id=\"mco-three-column-content-block-block_fbd4f07d157a425c95a5eff7ec214d39\"\n     class=\"mco-three-column-content-block mccberg-block\">\n\n\t        <div class=\"mco-three-column-content-heading-container\">\n            <h2>Liens connexes<\/h2>\n\n\t\t\t        <\/div>\n\t\n    <div class=\"mco-three-column-content-columns-container\">\n\n                <div class=\"mco-three-column-content-column\"\n             role=\"link\" data-href=\"https:\/\/www.merck.ca\/fr\/apercu-de-lentreprise\/\" data-target=\"\" style=\"cursor: pointer;\" title=\"https:\/\/www.merck.ca\/fr\/apercu-de-lentreprise\/\"        >\n                        <div class=\"mco-three-column-content-col-img-container\">\n            <div class=\"mco-three-column-content-col-img\">\n                <picture>\n                    <source media=\"(max-width: 767px)\"\n                            data-srcset=\"https:\/\/www.merck.ca\/fr\/wp-content\/uploads\/sites\/83\/2023\/10\/Screenshot-2023-07-14-at-12.32.39.png?resize=767,469\">\n                    <source media=\"(min-width: 768px) and (max-width: 1199px)\"\n                            data-srcset=\"https:\/\/www.merck.ca\/fr\/wp-content\/uploads\/sites\/83\/2023\/10\/Screenshot-2023-07-14-at-12.32.39.png?resize=314,280\">\n                    <source media=\"(min-width: 1200px)\"\n                            data-srcset=\"https:\/\/www.merck.ca\/fr\/wp-content\/uploads\/sites\/83\/2023\/10\/Screenshot-2023-07-14-at-12.32.39.png?resize=404,268\">\n                    <img\n                        data-src=\"https:\/\/www.merck.ca\/fr\/wp-content\/uploads\/sites\/83\/2023\/10\/Screenshot-2023-07-14-at-12.32.39.png?resize=404,268\"\n                        class=\"lazyload\"\n                        loading=\"lazy\"\n                        alt=\"Scientifique en blouse et lunettes observant attentivement du mat\u00e9riel de laboratoire pendant une exp\u00e9rience\"\n                            \/>\n                <\/picture>\n            <\/div>\n        <\/div>\n\n                            <div class=\"mco-three-column-content-col-content-container\">\n            \n                            <h3>\u00c0 propos de nous<\/h3>\n            \n            \n                    <\/div>\n                <\/div>\n    \n                <div class=\"mco-three-column-content-column\"\n             role=\"link\" data-href=\"https:\/\/www.merck.com\/company-overview\/history\/\" data-target=\"_blank\" style=\"cursor: pointer;\" title=\"https:\/\/www.merck.com\/company-overview\/history\/\"        >\n                        <div class=\"mco-three-column-content-col-img-container\">\n            <div class=\"mco-three-column-content-col-img\">\n                <picture>\n                    <source media=\"(max-width: 767px)\"\n                            data-srcset=\"https:\/\/www.merck.ca\/fr\/wp-content\/uploads\/sites\/83\/2023\/10\/B5-Our-past-and-our-future-Large-1.png?resize=767,469\">\n                    <source media=\"(min-width: 768px) and (max-width: 1199px)\"\n                            data-srcset=\"https:\/\/www.merck.ca\/fr\/wp-content\/uploads\/sites\/83\/2023\/10\/B5-Our-past-and-our-future-Large-1.png?resize=314,280\">\n                    <source media=\"(min-width: 1200px)\"\n                            data-srcset=\"https:\/\/www.merck.ca\/fr\/wp-content\/uploads\/sites\/83\/2023\/10\/B5-Our-past-and-our-future-Large-1.png?resize=404,268\">\n                    <img\n                        data-src=\"https:\/\/www.merck.ca\/fr\/wp-content\/uploads\/sites\/83\/2023\/10\/B5-Our-past-and-our-future-Large-1.png?resize=404,268\"\n                        class=\"lazyload\"\n                        loading=\"lazy\"\n                        alt=\"Portrait en noir et blanc d\u2019un homme s\u00e9rieux en costume et cravate, face \u00e0 l\u2019objectif\"\n                            \/>\n                <\/picture>\n            <\/div>\n        <\/div>\n\n                            <div class=\"mco-three-column-content-col-content-container\">\n            \n                            <h3>Notre histoire<\/h3>\n            \n            \n                    <\/div>\n                <\/div>\n    \n                <div class=\"mco-three-column-content-column\"\n             role=\"link\" data-href=\"https:\/\/www.merck.ca\/fr\/carrieres\/\" data-target=\"\" style=\"cursor: pointer;\" title=\"https:\/\/www.merck.ca\/fr\/carrieres\/\"        >\n                        <div class=\"mco-three-column-content-col-img-container\">\n            <div class=\"mco-three-column-content-col-img\">\n                <picture>\n                    <source media=\"(max-width: 767px)\"\n                            data-srcset=\"https:\/\/www.merck.ca\/fr\/wp-content\/uploads\/sites\/83\/2023\/10\/Screenshot-2023-07-14-at-12.34.54.png?resize=767,469\">\n                    <source media=\"(min-width: 768px) and (max-width: 1199px)\"\n                            data-srcset=\"https:\/\/www.merck.ca\/fr\/wp-content\/uploads\/sites\/83\/2023\/10\/Screenshot-2023-07-14-at-12.34.54.png?resize=314,280\">\n                    <source media=\"(min-width: 1200px)\"\n                            data-srcset=\"https:\/\/www.merck.ca\/fr\/wp-content\/uploads\/sites\/83\/2023\/10\/Screenshot-2023-07-14-at-12.34.54.png?resize=404,268\">\n                    <img\n                        data-src=\"https:\/\/www.merck.ca\/fr\/wp-content\/uploads\/sites\/83\/2023\/10\/Screenshot-2023-07-14-at-12.34.54.png?resize=404,268\"\n                        class=\"lazyload\"\n                        loading=\"lazy\"\n                        alt=\"Deux femmes discutant de carri\u00e8re \u00e0 un bureau avec un ordinateur portable\"\n                            \/>\n                <\/picture>\n            <\/div>\n        <\/div>\n\n                            <div class=\"mco-three-column-content-col-content-container\">\n            \n                            <h3>Carri\u00e8res<\/h3>\n            \n            \n                    <\/div>\n                <\/div>\n    \n\n    <\/div>\n<\/div>\n","protected":false},"excerpt":{"rendered":"<p>Rapport de Merck Canada sur la lutte contre le travail forc\u00e9 Cr\u00e9er une autonomisation \u00e9conomique gr\u00e2ce \u00e0 la diversit\u00e9 et \u00e0 l\u2019inclusion L\u2019inclusion \u00e9conomique et la diversit\u00e9 des fournisseurs sont au c\u0153ur de nos pratiques d\u2019approvisionnement diversifi\u00e9es et inclusives. Nos investissements et le d\u00e9veloppement d\u2019entreprises appartenant \u00e0 des personnes issues de la diversit\u00e9 ont des [&hellip;]<\/p>\n","protected":false},"author":175,"featured_media":0,"parent":5923,"menu_order":0,"comment_status":"closed","ping_status":"closed","template":"","meta":{"_acf_changed":false,"bdl_company_name":[],"bdl_item_external_link":[],"editor_notices":[],"footnotes":""},"class_list":["post-6135","page","type-page","status-publish","hentry"],"yoast_head":"<!-- This site is optimized with the Yoast SEO plugin v21.9.1 - https:\/\/yoast.com\/wordpress\/plugins\/seo\/ -->\n<title>Fournisseurs | Merck Canada<\/title>\n<meta name=\"description\" content=\"Nous nous associons \u00e0 des fournisseurs qualifi\u00e9s pour faire la diff\u00e9rence dans la vie des patients en fournissant des solutions, des produits et des services innovants.\" \/>\n<meta name=\"robots\" content=\"index, follow, max-snippet:-1, max-image-preview:large, max-video-preview:-1\" \/>\n<link rel=\"canonical\" href=\"https:\/\/www.merck.ca\/fr\/apercu-de-lentreprise\/fournisseurs\/\" \/>\n<meta property=\"og:locale\" content=\"en_US\" \/>\n<meta property=\"og:type\" content=\"article\" \/>\n<meta property=\"og:title\" content=\"Fournisseurs | Merck Canada\" \/>\n<meta property=\"og:description\" content=\"Nous nous associons \u00e0 des fournisseurs qualifi\u00e9s pour faire la diff\u00e9rence dans la vie des patients en fournissant des solutions, des produits et des services innovants.\" \/>\n<meta property=\"og:url\" content=\"https:\/\/www.merck.ca\/fr\/apercu-de-lentreprise\/fournisseurs\/\" \/>\n<meta property=\"og:site_name\" content=\"MCC Canada French\" \/>\n<meta property=\"article:modified_time\" content=\"2025-12-24T16:58:36+00:00\" \/>\n<meta name=\"twitter:card\" content=\"summary_large_image\" \/>\n<meta name=\"twitter:label1\" content=\"Est. reading time\" \/>\n\t<meta name=\"twitter:data1\" content=\"1 minute\" \/>\n<script type=\"application\/ld+json\" class=\"yoast-schema-graph\">{\"@context\":\"https:\/\/schema.org\",\"@graph\":[{\"@type\":\"WebPage\",\"@id\":\"https:\/\/www.merck.ca\/fr\/apercu-de-lentreprise\/fournisseurs\/\",\"url\":\"https:\/\/www.merck.ca\/fr\/apercu-de-lentreprise\/fournisseurs\/\",\"name\":\"Fournisseurs | Merck Canada\",\"isPartOf\":{\"@id\":\"https:\/\/www.merck.ca\/fr\/#website\"},\"datePublished\":\"2023-10-11T15:57:22+00:00\",\"dateModified\":\"2025-12-24T16:58:36+00:00\",\"description\":\"Nous nous associons \u00e0 des fournisseurs qualifi\u00e9s pour faire la diff\u00e9rence dans la vie des patients en fournissant des solutions, des produits et des services innovants.\",\"breadcrumb\":{\"@id\":\"https:\/\/www.merck.ca\/fr\/apercu-de-lentreprise\/fournisseurs\/#breadcrumb\"},\"inLanguage\":\"en-US\",\"potentialAction\":[{\"@type\":\"ReadAction\",\"target\":[\"https:\/\/www.merck.ca\/fr\/apercu-de-lentreprise\/fournisseurs\/\"]}]},{\"@type\":\"BreadcrumbList\",\"@id\":\"https:\/\/www.merck.ca\/fr\/apercu-de-lentreprise\/fournisseurs\/#breadcrumb\",\"itemListElement\":[{\"@type\":\"ListItem\",\"position\":1,\"name\":\"Aper\u00e7u de l\u2019entreprise\",\"item\":\"https:\/\/www.merck.ca\/fr\/apercu-de-lentreprise\/\"},{\"@type\":\"ListItem\",\"position\":2,\"name\":\"Fournisseurs\"}]},{\"@type\":\"WebSite\",\"@id\":\"https:\/\/www.merck.ca\/fr\/#website\",\"url\":\"https:\/\/www.merck.ca\/fr\/\",\"name\":\"MCC Canada French\",\"description\":\"Merck.ca\",\"potentialAction\":[{\"@type\":\"SearchAction\",\"target\":{\"@type\":\"EntryPoint\",\"urlTemplate\":\"https:\/\/www.merck.ca\/fr\/?s={search_term_string}\"},\"query-input\":\"required name=search_term_string\"}],\"inLanguage\":\"en-US\"}]}<\/script>\n<!-- \/ Yoast SEO plugin. -->","yoast_head_json":{"title":"Fournisseurs | Merck Canada","description":"Nous nous associons \u00e0 des fournisseurs qualifi\u00e9s pour faire la diff\u00e9rence dans la vie des patients en fournissant des solutions, des produits et des services innovants.","robots":{"index":"index","follow":"follow","max-snippet":"max-snippet:-1","max-image-preview":"max-image-preview:large","max-video-preview":"max-video-preview:-1"},"canonical":"https:\/\/www.merck.ca\/fr\/apercu-de-lentreprise\/fournisseurs\/","og_locale":"en_US","og_type":"article","og_title":"Fournisseurs | Merck Canada","og_description":"Nous nous associons \u00e0 des fournisseurs qualifi\u00e9s pour faire la diff\u00e9rence dans la vie des patients en fournissant des solutions, des produits et des services innovants.","og_url":"https:\/\/www.merck.ca\/fr\/apercu-de-lentreprise\/fournisseurs\/","og_site_name":"MCC Canada French","article_modified_time":"2025-12-24T16:58:36+00:00","twitter_card":"summary_large_image","twitter_misc":{"Est. reading time":"1 minute"},"schema":{"@context":"https:\/\/schema.org","@graph":[{"@type":"WebPage","@id":"https:\/\/www.merck.ca\/fr\/apercu-de-lentreprise\/fournisseurs\/","url":"https:\/\/www.merck.ca\/fr\/apercu-de-lentreprise\/fournisseurs\/","name":"Fournisseurs | Merck Canada","isPartOf":{"@id":"https:\/\/www.merck.ca\/fr\/#website"},"datePublished":"2023-10-11T15:57:22+00:00","dateModified":"2025-12-24T16:58:36+00:00","description":"Nous nous associons \u00e0 des fournisseurs qualifi\u00e9s pour faire la diff\u00e9rence dans la vie des patients en fournissant des solutions, des produits et des services innovants.","breadcrumb":{"@id":"https:\/\/www.merck.ca\/fr\/apercu-de-lentreprise\/fournisseurs\/#breadcrumb"},"inLanguage":"en-US","potentialAction":[{"@type":"ReadAction","target":["https:\/\/www.merck.ca\/fr\/apercu-de-lentreprise\/fournisseurs\/"]}]},{"@type":"BreadcrumbList","@id":"https:\/\/www.merck.ca\/fr\/apercu-de-lentreprise\/fournisseurs\/#breadcrumb","itemListElement":[{"@type":"ListItem","position":1,"name":"Aper\u00e7u de l\u2019entreprise","item":"https:\/\/www.merck.ca\/fr\/apercu-de-lentreprise\/"},{"@type":"ListItem","position":2,"name":"Fournisseurs"}]},{"@type":"WebSite","@id":"https:\/\/www.merck.ca\/fr\/#website","url":"https:\/\/www.merck.ca\/fr\/","name":"MCC Canada French","description":"Merck.ca","potentialAction":[{"@type":"SearchAction","target":{"@type":"EntryPoint","urlTemplate":"https:\/\/www.merck.ca\/fr\/?s={search_term_string}"},"query-input":"required name=search_term_string"}],"inLanguage":"en-US"}]}},"acf":[],"_links":{"self":[{"href":"https:\/\/www.merck.ca\/fr\/wp-json\/wp\/v2\/pages\/6135","targetHints":{"allow":["GET"]}}],"collection":[{"href":"https:\/\/www.merck.ca\/fr\/wp-json\/wp\/v2\/pages"}],"about":[{"href":"https:\/\/www.merck.ca\/fr\/wp-json\/wp\/v2\/types\/page"}],"author":[{"embeddable":true,"href":"https:\/\/www.merck.ca\/fr\/wp-json\/wp\/v2\/users\/175"}],"replies":[{"embeddable":true,"href":"https:\/\/www.merck.ca\/fr\/wp-json\/wp\/v2\/comments?post=6135"}],"version-history":[{"count":27,"href":"https:\/\/www.merck.ca\/fr\/wp-json\/wp\/v2\/pages\/6135\/revisions"}],"predecessor-version":[{"id":8324,"href":"https:\/\/www.merck.ca\/fr\/wp-json\/wp\/v2\/pages\/6135\/revisions\/8324"}],"up":[{"embeddable":true,"href":"https:\/\/www.merck.ca\/fr\/wp-json\/wp\/v2\/pages\/5923"}],"wp:attachment":[{"href":"https:\/\/www.merck.ca\/fr\/wp-json\/wp\/v2\/media?parent=6135"}],"curies":[{"name":"wp","href":"https:\/\/api.w.org\/{rel}","templated":true}]}}