{"id":6073,"date":"2023-10-10T16:27:06","date_gmt":"2023-10-10T16:27:06","guid":{"rendered":"https:\/\/www.merck.ca\/fr\/?page_id=6073"},"modified":"2025-07-21T12:46:02","modified_gmt":"2025-07-21T12:46:02","slug":"heidi-waser","status":"publish","type":"page","link":"https:\/\/www.merck.ca\/fr\/apercu-de-lentreprise\/equipe-de-direction\/heidi-waser\/","title":{"rendered":"Heidi Waser"},"content":{"rendered":"\n<div id=\"mco-b2-hero-block-block_c4843ad503edaf8e923bbd916f141fbf\" class=\"mco-b2-hero-block full mccberg-block\">\n    <div class=\"mco-b2-hero-block-wrapper\">\n        <div class=\"mco-b2-hero-block-image-section \">\n\n                            <div class=\"mco-b2-hero-block-image-container \">\n                    <picture >\n\t<source media=\"(max-width: 767px)\" data-srcset=\"https:\/\/www.merck.ca\/fr\/wp-content\/uploads\/sites\/83\/2023\/10\/Heidi-Waser-e1687551646297.png?w=768\" srcset=\"https:\/\/www.merck.ca\/fr\/wp-content\/uploads\/sites\/83\/2023\/10\/Heidi-Waser-e1687551646297.png?w=768\" >\n<source media=\"(min-width: 768px) and (max-width: 1199px)\" data-srcset=\"https:\/\/www.merck.ca\/fr\/wp-content\/uploads\/sites\/83\/2023\/10\/Heidi-Waser-e1687551646297.png?h=768\" srcset=\"https:\/\/www.merck.ca\/fr\/wp-content\/uploads\/sites\/83\/2023\/10\/Heidi-Waser-e1687551646297.png?h=768\" >\n<source media=\"(min-width: 1200px) and (max-width: 1919px)\" data-srcset=\"https:\/\/www.merck.ca\/fr\/wp-content\/uploads\/sites\/83\/2023\/10\/Heidi-Waser-e1687551646297.png?w=1200\" srcset=\"https:\/\/www.merck.ca\/fr\/wp-content\/uploads\/sites\/83\/2023\/10\/Heidi-Waser-e1687551646297.png?w=1200\" >\n<source media=\"(min-width: 1920px)\" data-srcset=\"https:\/\/www.merck.ca\/fr\/wp-content\/uploads\/sites\/83\/2023\/10\/Heidi-Waser-e1687551646297.png?w=1920\" srcset=\"https:\/\/www.merck.ca\/fr\/wp-content\/uploads\/sites\/83\/2023\/10\/Heidi-Waser-e1687551646297.png?w=1920\" >\n\t<img data-src=\"https:\/\/www.merck.ca\/fr\/wp-content\/uploads\/sites\/83\/2023\/10\/Heidi-Waser-e1687551646297.png?w=1920\" alt=\"Heidi-Waser\" class=\"eager \" loading=\"eager\" \/>\n<\/picture>                                    <\/div>\n                        <div class=\"mco-b2-hero-block-image-container-two\">\n                            <\/div>\n        <\/div>\n\n        <div class=\"mco-b2-hero-block-content-section\">\n            <nav class=\"breadcrumbs wrapper text-descriptive\"aria-label=\"Breadcrumbs\"><\/nav>            \n                            <h1>Heidi Waser<\/h1>\n            \n                            <div class=\"mco-b2-hero-block-description\"><p><em>Directrice ex\u00e9cutive, Acc\u00e8s patients<\/em><\/p>\n<\/div>\n            \n                    <\/div>\n    <\/div>\n\n    \n<\/div>\n\n\n\n<p>Pour Heidi&nbsp;Waser, relever des d\u00e9fis est le meilleur moyen d\u2019apprendre, ce qui explique pourquoi elle se fixe constamment de nouveaux objectifs. Apr\u00e8s avoir obtenu son baccalaur\u00e9at en physiologie, domaine qu\u2019elle a choisi en raison de son int\u00e9r\u00eat pour les sciences et les math\u00e9matiques, Heidi s\u2019est lanc\u00e9e dans une carri\u00e8re de repr\u00e9sentante dans le domaine des outils diagnostiques, puis dans celui des produits de biotechnologie.&nbsp;<\/p>\n\n\n\n<p>Dans le but d\u2019approfondir ses connaissances en commercialisation et en strat\u00e9gie, Heidi a suivi des cours du soir et obtenu une ma\u00eetrise en administration des affaires, ce qui a propuls\u00e9 sa carri\u00e8re vers de nouveaux sommets. Depuis son embauche chez Merck en 2001, elle a pris part aux activit\u00e9s de plusieurs \u00e9quipes de l\u2019entreprise, comme Op\u00e9rations et Ventes et Commercialisation. Dans son r\u00f4le actuel de directrice ex\u00e9cutive, Acc\u00e8s pour les patients, Heidi puise dans sa riche exp\u00e9rience, sa capacit\u00e9 d\u2019apprendre et ses comp\u00e9tences en n\u00e9gociation pour aider les Canadiens \u00e0 avoir acc\u00e8s aux m\u00e9dicaments dont ils ont besoin.<\/p>\n\n\n\n<p>Comme dans son travail, Heidi aime relever des d\u00e9fis dans ses loisirs. Adepte de ski alpin et de v\u00e9lo de montagne, elle privil\u00e9gie les activit\u00e9s qui lui permettent de profiter de la nature environnante et de passer du temps avec sa famille et ses amis.<\/p>\n","protected":false},"excerpt":{"rendered":"<p>Pour Heidi&nbsp;Waser, relever des d\u00e9fis est le meilleur moyen d\u2019apprendre, ce qui explique pourquoi elle se fixe constamment de nouveaux objectifs. Apr\u00e8s avoir obtenu son baccalaur\u00e9at en physiologie, domaine qu\u2019elle a choisi en raison de son int\u00e9r\u00eat pour les sciences et les math\u00e9matiques, Heidi s\u2019est lanc\u00e9e dans une carri\u00e8re de repr\u00e9sentante dans le domaine des [&hellip;]<\/p>\n","protected":false},"author":138,"featured_media":0,"parent":5961,"menu_order":0,"comment_status":"closed","ping_status":"closed","template":"","meta":{"_acf_changed":false,"bdl_company_name":[],"bdl_item_external_link":[],"editor_notices":[],"footnotes":""},"class_list":["post-6073","page","type-page","status-publish","hentry"],"yoast_head":"<!-- This site is optimized with the Yoast SEO plugin v21.9.1 - https:\/\/yoast.com\/wordpress\/plugins\/seo\/ -->\n<title>Heidi Waser - MCC Canada French<\/title>\n<meta name=\"robots\" content=\"index, follow, max-snippet:-1, max-image-preview:large, max-video-preview:-1\" \/>\n<link rel=\"canonical\" href=\"https:\/\/www.merck.ca\/fr\/apercu-de-lentreprise\/equipe-de-direction\/heidi-waser\/\" \/>\n<meta property=\"og:locale\" content=\"en_US\" \/>\n<meta property=\"og:type\" content=\"article\" \/>\n<meta property=\"og:title\" content=\"Heidi Waser - MCC Canada French\" \/>\n<meta property=\"og:description\" content=\"Pour Heidi&nbsp;Waser, relever des d\u00e9fis est le meilleur moyen d\u2019apprendre, ce qui explique pourquoi elle se fixe constamment de nouveaux objectifs. Apr\u00e8s avoir obtenu son baccalaur\u00e9at en physiologie, domaine qu\u2019elle a choisi en raison de son int\u00e9r\u00eat pour les sciences et les math\u00e9matiques, Heidi s\u2019est lanc\u00e9e dans une carri\u00e8re de repr\u00e9sentante dans le domaine des [&hellip;]\" \/>\n<meta property=\"og:url\" content=\"https:\/\/www.merck.ca\/fr\/apercu-de-lentreprise\/equipe-de-direction\/heidi-waser\/\" \/>\n<meta property=\"og:site_name\" content=\"MCC Canada French\" \/>\n<meta property=\"article:modified_time\" content=\"2025-07-21T12:46:02+00:00\" \/>\n<meta name=\"twitter:card\" content=\"summary_large_image\" \/>\n<meta name=\"twitter:label1\" content=\"Est. reading time\" \/>\n\t<meta name=\"twitter:data1\" content=\"1 minute\" \/>\n<script type=\"application\/ld+json\" class=\"yoast-schema-graph\">{\"@context\":\"https:\/\/schema.org\",\"@graph\":[{\"@type\":\"WebPage\",\"@id\":\"https:\/\/www.merck.ca\/fr\/apercu-de-lentreprise\/equipe-de-direction\/heidi-waser\/\",\"url\":\"https:\/\/www.merck.ca\/fr\/apercu-de-lentreprise\/equipe-de-direction\/heidi-waser\/\",\"name\":\"Heidi Waser - MCC Canada French\",\"isPartOf\":{\"@id\":\"https:\/\/www.merck.ca\/fr\/#website\"},\"datePublished\":\"2023-10-10T16:27:06+00:00\",\"dateModified\":\"2025-07-21T12:46:02+00:00\",\"breadcrumb\":{\"@id\":\"https:\/\/www.merck.ca\/fr\/apercu-de-lentreprise\/equipe-de-direction\/heidi-waser\/#breadcrumb\"},\"inLanguage\":\"en-US\",\"potentialAction\":[{\"@type\":\"ReadAction\",\"target\":[\"https:\/\/www.merck.ca\/fr\/apercu-de-lentreprise\/equipe-de-direction\/heidi-waser\/\"]}]},{\"@type\":\"BreadcrumbList\",\"@id\":\"https:\/\/www.merck.ca\/fr\/apercu-de-lentreprise\/equipe-de-direction\/heidi-waser\/#breadcrumb\",\"itemListElement\":[{\"@type\":\"ListItem\",\"position\":1,\"name\":\"Aper\u00e7u de l\u2019entreprise\",\"item\":\"https:\/\/www.merck.ca\/fr\/apercu-de-lentreprise\/\"},{\"@type\":\"ListItem\",\"position\":2,\"name\":\"\u00c9quipe de direction\",\"item\":\"https:\/\/www.merck.ca\/fr\/apercu-de-lentreprise\/equipe-de-direction\/\"},{\"@type\":\"ListItem\",\"position\":3,\"name\":\"Heidi Waser\"}]},{\"@type\":\"WebSite\",\"@id\":\"https:\/\/www.merck.ca\/fr\/#website\",\"url\":\"https:\/\/www.merck.ca\/fr\/\",\"name\":\"MCC Canada French\",\"description\":\"Merck.ca\",\"potentialAction\":[{\"@type\":\"SearchAction\",\"target\":{\"@type\":\"EntryPoint\",\"urlTemplate\":\"https:\/\/www.merck.ca\/fr\/?s={search_term_string}\"},\"query-input\":\"required name=search_term_string\"}],\"inLanguage\":\"en-US\"}]}<\/script>\n<!-- \/ Yoast SEO plugin. -->","yoast_head_json":{"title":"Heidi Waser - MCC Canada French","robots":{"index":"index","follow":"follow","max-snippet":"max-snippet:-1","max-image-preview":"max-image-preview:large","max-video-preview":"max-video-preview:-1"},"canonical":"https:\/\/www.merck.ca\/fr\/apercu-de-lentreprise\/equipe-de-direction\/heidi-waser\/","og_locale":"en_US","og_type":"article","og_title":"Heidi Waser - MCC Canada French","og_description":"Pour Heidi&nbsp;Waser, relever des d\u00e9fis est le meilleur moyen d\u2019apprendre, ce qui explique pourquoi elle se fixe constamment de nouveaux objectifs. Apr\u00e8s avoir obtenu son baccalaur\u00e9at en physiologie, domaine qu\u2019elle a choisi en raison de son int\u00e9r\u00eat pour les sciences et les math\u00e9matiques, Heidi s\u2019est lanc\u00e9e dans une carri\u00e8re de repr\u00e9sentante dans le domaine des [&hellip;]","og_url":"https:\/\/www.merck.ca\/fr\/apercu-de-lentreprise\/equipe-de-direction\/heidi-waser\/","og_site_name":"MCC Canada French","article_modified_time":"2025-07-21T12:46:02+00:00","twitter_card":"summary_large_image","twitter_misc":{"Est. reading time":"1 minute"},"schema":{"@context":"https:\/\/schema.org","@graph":[{"@type":"WebPage","@id":"https:\/\/www.merck.ca\/fr\/apercu-de-lentreprise\/equipe-de-direction\/heidi-waser\/","url":"https:\/\/www.merck.ca\/fr\/apercu-de-lentreprise\/equipe-de-direction\/heidi-waser\/","name":"Heidi Waser - MCC Canada French","isPartOf":{"@id":"https:\/\/www.merck.ca\/fr\/#website"},"datePublished":"2023-10-10T16:27:06+00:00","dateModified":"2025-07-21T12:46:02+00:00","breadcrumb":{"@id":"https:\/\/www.merck.ca\/fr\/apercu-de-lentreprise\/equipe-de-direction\/heidi-waser\/#breadcrumb"},"inLanguage":"en-US","potentialAction":[{"@type":"ReadAction","target":["https:\/\/www.merck.ca\/fr\/apercu-de-lentreprise\/equipe-de-direction\/heidi-waser\/"]}]},{"@type":"BreadcrumbList","@id":"https:\/\/www.merck.ca\/fr\/apercu-de-lentreprise\/equipe-de-direction\/heidi-waser\/#breadcrumb","itemListElement":[{"@type":"ListItem","position":1,"name":"Aper\u00e7u de l\u2019entreprise","item":"https:\/\/www.merck.ca\/fr\/apercu-de-lentreprise\/"},{"@type":"ListItem","position":2,"name":"\u00c9quipe de direction","item":"https:\/\/www.merck.ca\/fr\/apercu-de-lentreprise\/equipe-de-direction\/"},{"@type":"ListItem","position":3,"name":"Heidi Waser"}]},{"@type":"WebSite","@id":"https:\/\/www.merck.ca\/fr\/#website","url":"https:\/\/www.merck.ca\/fr\/","name":"MCC Canada French","description":"Merck.ca","potentialAction":[{"@type":"SearchAction","target":{"@type":"EntryPoint","urlTemplate":"https:\/\/www.merck.ca\/fr\/?s={search_term_string}"},"query-input":"required name=search_term_string"}],"inLanguage":"en-US"}]}},"acf":[],"_links":{"self":[{"href":"https:\/\/www.merck.ca\/fr\/wp-json\/wp\/v2\/pages\/6073","targetHints":{"allow":["GET"]}}],"collection":[{"href":"https:\/\/www.merck.ca\/fr\/wp-json\/wp\/v2\/pages"}],"about":[{"href":"https:\/\/www.merck.ca\/fr\/wp-json\/wp\/v2\/types\/page"}],"author":[{"embeddable":true,"href":"https:\/\/www.merck.ca\/fr\/wp-json\/wp\/v2\/users\/138"}],"replies":[{"embeddable":true,"href":"https:\/\/www.merck.ca\/fr\/wp-json\/wp\/v2\/comments?post=6073"}],"version-history":[{"count":9,"href":"https:\/\/www.merck.ca\/fr\/wp-json\/wp\/v2\/pages\/6073\/revisions"}],"predecessor-version":[{"id":7889,"href":"https:\/\/www.merck.ca\/fr\/wp-json\/wp\/v2\/pages\/6073\/revisions\/7889"}],"up":[{"embeddable":true,"href":"https:\/\/www.merck.ca\/fr\/wp-json\/wp\/v2\/pages\/5961"}],"wp:attachment":[{"href":"https:\/\/www.merck.ca\/fr\/wp-json\/wp\/v2\/media?parent=6073"}],"curies":[{"name":"wp","href":"https:\/\/api.w.org\/{rel}","templated":true}]}}