{"id":6072,"date":"2023-10-10T16:26:10","date_gmt":"2023-10-10T16:26:10","guid":{"rendered":"https:\/\/www.merck.ca\/fr\/?page_id=6072"},"modified":"2025-07-21T12:46:16","modified_gmt":"2025-07-21T12:46:16","slug":"sandra-wainwright","status":"publish","type":"page","link":"https:\/\/www.merck.ca\/fr\/apercu-de-lentreprise\/equipe-de-direction\/sandra-wainwright\/","title":{"rendered":"Sandra Wainwright"},"content":{"rendered":"\n<div id=\"mco-b2-hero-block-block_e636fcca3701a4f2542efd5260775cab\" class=\"mco-b2-hero-block full mccberg-block\">\n    <div class=\"mco-b2-hero-block-wrapper\">\n        <div class=\"mco-b2-hero-block-image-section \">\n                            <div class=\"mco-b2-hero-block-image-container \">\n                    <picture >\n\t<source media=\"(max-width: 767px)\" data-srcset=\"https:\/\/www.merck.ca\/fr\/wp-content\/uploads\/sites\/83\/2023\/10\/Sandra-Wainwright-FINAL-e1687551495901.png?w=768\" srcset=\"https:\/\/www.merck.ca\/fr\/wp-content\/uploads\/sites\/83\/2023\/10\/Sandra-Wainwright-FINAL-e1687551495901.png?w=768\" >\n<source media=\"(min-width: 768px) and (max-width: 1199px)\" data-srcset=\"https:\/\/www.merck.ca\/fr\/wp-content\/uploads\/sites\/83\/2023\/10\/Sandra-Wainwright-FINAL-e1687551495901.png?h=768\" srcset=\"https:\/\/www.merck.ca\/fr\/wp-content\/uploads\/sites\/83\/2023\/10\/Sandra-Wainwright-FINAL-e1687551495901.png?h=768\" >\n<source media=\"(min-width: 1200px) and (max-width: 1919px)\" data-srcset=\"https:\/\/www.merck.ca\/fr\/wp-content\/uploads\/sites\/83\/2023\/10\/Sandra-Wainwright-FINAL-e1687551495901.png?w=1200\" srcset=\"https:\/\/www.merck.ca\/fr\/wp-content\/uploads\/sites\/83\/2023\/10\/Sandra-Wainwright-FINAL-e1687551495901.png?w=1200\" >\n<source media=\"(min-width: 1920px)\" data-srcset=\"https:\/\/www.merck.ca\/fr\/wp-content\/uploads\/sites\/83\/2023\/10\/Sandra-Wainwright-FINAL-e1687551495901.png?w=1920\" srcset=\"https:\/\/www.merck.ca\/fr\/wp-content\/uploads\/sites\/83\/2023\/10\/Sandra-Wainwright-FINAL-e1687551495901.png?w=1920\" >\n\t<img data-src=\"https:\/\/www.merck.ca\/fr\/wp-content\/uploads\/sites\/83\/2023\/10\/Sandra-Wainwright-FINAL-e1687551495901.png?w=1920\" alt=\"Sandra-Wainwright\" class=\"eager \" loading=\"eager\" \/>\n<\/picture>                                    <\/div>\n                        <div class=\"mco-b2-hero-block-image-container-two\">\n                            <\/div>\n        <\/div>\n\n        <div class=\"mco-b2-hero-block-content-section\">\n            <nav class=\"breadcrumbs wrapper text-descriptive\"aria-label=\"Breadcrumbs\"><\/nav>            \n                            <h1>Sandra Wainwright<\/h1>\n            \n                            <div class=\"mco-b2-hero-block-description\"><p><em>Directrice ex\u00e9cutive, Affaires r\u00e9glementaires<\/em><\/p>\n<\/div>\n            \n                    <\/div>\n    <\/div>\n\n    \n<\/div>\n\n\n\n<p>Compte tenu de son int\u00e9r\u00eat marqu\u00e9 pour la science, Sandra&nbsp;Wainwright a toujours su ce qu\u2019elle voulait \u00e9tudier. Guid\u00e9e par ses objectifs et sa motivation, elle a obtenu un baccalaur\u00e9at en physiologie et un doctorat en m\u00e9decine exp\u00e9rimentale de l\u2019Universit\u00e9 McGill avant d\u2019entreprendre des \u00e9tudes postdoctorales \u00e0 l\u2019Universit\u00e9 de Montr\u00e9al.<\/p>\n\n\n\n<p>Souhaitant tirer parti de ses connaissances en science tout en nourrissant son vif int\u00e9r\u00eat pour le droit et les politiques, Sandra a joint l\u2019\u00e9quipe des Affaires r\u00e9glementaires il y a environ 25&nbsp;ans pour ne jamais la quitter. \u00c0 titre de directrice ex\u00e9cutive, Affaires r\u00e9glementaires chez Merck&nbsp;Canada, Sandra cherche tous les jours des solutions pour assurer l\u2019acc\u00e8s des Canadiens au fruit des derni\u00e8res perc\u00e9es scientifiques, un travail qui la comble parfaitement.&nbsp;<\/p>\n\n\n\n<p>Sandra a d\u2019ailleurs transmis sa passion \u00e0 ses deux fils, qui suivent fi\u00e8rement des parcours scientifiques semblables au sien. Quand elle n\u2019est pas en train de parler de science avec sa famille, Sandra laisse libre cours \u00e0 son \u00e9ternelle curiosit\u00e9 en explorant de nouveaux paysages \u00e0 pied, en kayak et en camping.<\/p>\n","protected":false},"excerpt":{"rendered":"<p>Compte tenu de son int\u00e9r\u00eat marqu\u00e9 pour la science, Sandra&nbsp;Wainwright a toujours su ce qu\u2019elle voulait \u00e9tudier. Guid\u00e9e par ses objectifs et sa motivation, elle a obtenu un baccalaur\u00e9at en physiologie et un doctorat en m\u00e9decine exp\u00e9rimentale de l\u2019Universit\u00e9 McGill avant d\u2019entreprendre des \u00e9tudes postdoctorales \u00e0 l\u2019Universit\u00e9 de Montr\u00e9al. Souhaitant tirer parti de ses connaissances [&hellip;]<\/p>\n","protected":false},"author":138,"featured_media":0,"parent":5961,"menu_order":0,"comment_status":"closed","ping_status":"closed","template":"","meta":{"_acf_changed":false,"bdl_company_name":[],"bdl_item_external_link":[],"editor_notices":[],"footnotes":""},"class_list":["post-6072","page","type-page","status-publish","hentry"],"yoast_head":"<!-- This site is optimized with the Yoast SEO plugin v21.9.1 - https:\/\/yoast.com\/wordpress\/plugins\/seo\/ -->\n<title>Sandra Wainwright - MCC Canada French<\/title>\n<meta name=\"robots\" content=\"index, follow, max-snippet:-1, max-image-preview:large, max-video-preview:-1\" \/>\n<link rel=\"canonical\" href=\"https:\/\/www.merck.ca\/fr\/apercu-de-lentreprise\/equipe-de-direction\/sandra-wainwright\/\" \/>\n<meta property=\"og:locale\" content=\"en_US\" \/>\n<meta property=\"og:type\" content=\"article\" \/>\n<meta property=\"og:title\" content=\"Sandra Wainwright - MCC Canada French\" \/>\n<meta property=\"og:description\" content=\"Compte tenu de son int\u00e9r\u00eat marqu\u00e9 pour la science, Sandra&nbsp;Wainwright a toujours su ce qu\u2019elle voulait \u00e9tudier. Guid\u00e9e par ses objectifs et sa motivation, elle a obtenu un baccalaur\u00e9at en physiologie et un doctorat en m\u00e9decine exp\u00e9rimentale de l\u2019Universit\u00e9 McGill avant d\u2019entreprendre des \u00e9tudes postdoctorales \u00e0 l\u2019Universit\u00e9 de Montr\u00e9al. Souhaitant tirer parti de ses connaissances [&hellip;]\" \/>\n<meta property=\"og:url\" content=\"https:\/\/www.merck.ca\/fr\/apercu-de-lentreprise\/equipe-de-direction\/sandra-wainwright\/\" \/>\n<meta property=\"og:site_name\" content=\"MCC Canada French\" \/>\n<meta property=\"article:modified_time\" content=\"2025-07-21T12:46:16+00:00\" \/>\n<meta name=\"twitter:card\" content=\"summary_large_image\" \/>\n<meta name=\"twitter:label1\" content=\"Est. reading time\" \/>\n\t<meta name=\"twitter:data1\" content=\"1 minute\" \/>\n<script type=\"application\/ld+json\" class=\"yoast-schema-graph\">{\"@context\":\"https:\/\/schema.org\",\"@graph\":[{\"@type\":\"WebPage\",\"@id\":\"https:\/\/www.merck.ca\/fr\/apercu-de-lentreprise\/equipe-de-direction\/sandra-wainwright\/\",\"url\":\"https:\/\/www.merck.ca\/fr\/apercu-de-lentreprise\/equipe-de-direction\/sandra-wainwright\/\",\"name\":\"Sandra Wainwright - MCC Canada French\",\"isPartOf\":{\"@id\":\"https:\/\/www.merck.ca\/fr\/#website\"},\"datePublished\":\"2023-10-10T16:26:10+00:00\",\"dateModified\":\"2025-07-21T12:46:16+00:00\",\"breadcrumb\":{\"@id\":\"https:\/\/www.merck.ca\/fr\/apercu-de-lentreprise\/equipe-de-direction\/sandra-wainwright\/#breadcrumb\"},\"inLanguage\":\"en-US\",\"potentialAction\":[{\"@type\":\"ReadAction\",\"target\":[\"https:\/\/www.merck.ca\/fr\/apercu-de-lentreprise\/equipe-de-direction\/sandra-wainwright\/\"]}]},{\"@type\":\"BreadcrumbList\",\"@id\":\"https:\/\/www.merck.ca\/fr\/apercu-de-lentreprise\/equipe-de-direction\/sandra-wainwright\/#breadcrumb\",\"itemListElement\":[{\"@type\":\"ListItem\",\"position\":1,\"name\":\"Aper\u00e7u de l\u2019entreprise\",\"item\":\"https:\/\/www.merck.ca\/fr\/apercu-de-lentreprise\/\"},{\"@type\":\"ListItem\",\"position\":2,\"name\":\"\u00c9quipe de direction\",\"item\":\"https:\/\/www.merck.ca\/fr\/apercu-de-lentreprise\/equipe-de-direction\/\"},{\"@type\":\"ListItem\",\"position\":3,\"name\":\"Sandra Wainwright\"}]},{\"@type\":\"WebSite\",\"@id\":\"https:\/\/www.merck.ca\/fr\/#website\",\"url\":\"https:\/\/www.merck.ca\/fr\/\",\"name\":\"MCC Canada French\",\"description\":\"Merck.ca\",\"potentialAction\":[{\"@type\":\"SearchAction\",\"target\":{\"@type\":\"EntryPoint\",\"urlTemplate\":\"https:\/\/www.merck.ca\/fr\/?s={search_term_string}\"},\"query-input\":\"required name=search_term_string\"}],\"inLanguage\":\"en-US\"}]}<\/script>\n<!-- \/ Yoast SEO plugin. -->","yoast_head_json":{"title":"Sandra Wainwright - MCC Canada French","robots":{"index":"index","follow":"follow","max-snippet":"max-snippet:-1","max-image-preview":"max-image-preview:large","max-video-preview":"max-video-preview:-1"},"canonical":"https:\/\/www.merck.ca\/fr\/apercu-de-lentreprise\/equipe-de-direction\/sandra-wainwright\/","og_locale":"en_US","og_type":"article","og_title":"Sandra Wainwright - MCC Canada French","og_description":"Compte tenu de son int\u00e9r\u00eat marqu\u00e9 pour la science, Sandra&nbsp;Wainwright a toujours su ce qu\u2019elle voulait \u00e9tudier. Guid\u00e9e par ses objectifs et sa motivation, elle a obtenu un baccalaur\u00e9at en physiologie et un doctorat en m\u00e9decine exp\u00e9rimentale de l\u2019Universit\u00e9 McGill avant d\u2019entreprendre des \u00e9tudes postdoctorales \u00e0 l\u2019Universit\u00e9 de Montr\u00e9al. Souhaitant tirer parti de ses connaissances [&hellip;]","og_url":"https:\/\/www.merck.ca\/fr\/apercu-de-lentreprise\/equipe-de-direction\/sandra-wainwright\/","og_site_name":"MCC Canada French","article_modified_time":"2025-07-21T12:46:16+00:00","twitter_card":"summary_large_image","twitter_misc":{"Est. reading time":"1 minute"},"schema":{"@context":"https:\/\/schema.org","@graph":[{"@type":"WebPage","@id":"https:\/\/www.merck.ca\/fr\/apercu-de-lentreprise\/equipe-de-direction\/sandra-wainwright\/","url":"https:\/\/www.merck.ca\/fr\/apercu-de-lentreprise\/equipe-de-direction\/sandra-wainwright\/","name":"Sandra Wainwright - MCC Canada French","isPartOf":{"@id":"https:\/\/www.merck.ca\/fr\/#website"},"datePublished":"2023-10-10T16:26:10+00:00","dateModified":"2025-07-21T12:46:16+00:00","breadcrumb":{"@id":"https:\/\/www.merck.ca\/fr\/apercu-de-lentreprise\/equipe-de-direction\/sandra-wainwright\/#breadcrumb"},"inLanguage":"en-US","potentialAction":[{"@type":"ReadAction","target":["https:\/\/www.merck.ca\/fr\/apercu-de-lentreprise\/equipe-de-direction\/sandra-wainwright\/"]}]},{"@type":"BreadcrumbList","@id":"https:\/\/www.merck.ca\/fr\/apercu-de-lentreprise\/equipe-de-direction\/sandra-wainwright\/#breadcrumb","itemListElement":[{"@type":"ListItem","position":1,"name":"Aper\u00e7u de l\u2019entreprise","item":"https:\/\/www.merck.ca\/fr\/apercu-de-lentreprise\/"},{"@type":"ListItem","position":2,"name":"\u00c9quipe de direction","item":"https:\/\/www.merck.ca\/fr\/apercu-de-lentreprise\/equipe-de-direction\/"},{"@type":"ListItem","position":3,"name":"Sandra Wainwright"}]},{"@type":"WebSite","@id":"https:\/\/www.merck.ca\/fr\/#website","url":"https:\/\/www.merck.ca\/fr\/","name":"MCC Canada French","description":"Merck.ca","potentialAction":[{"@type":"SearchAction","target":{"@type":"EntryPoint","urlTemplate":"https:\/\/www.merck.ca\/fr\/?s={search_term_string}"},"query-input":"required name=search_term_string"}],"inLanguage":"en-US"}]}},"acf":[],"_links":{"self":[{"href":"https:\/\/www.merck.ca\/fr\/wp-json\/wp\/v2\/pages\/6072","targetHints":{"allow":["GET"]}}],"collection":[{"href":"https:\/\/www.merck.ca\/fr\/wp-json\/wp\/v2\/pages"}],"about":[{"href":"https:\/\/www.merck.ca\/fr\/wp-json\/wp\/v2\/types\/page"}],"author":[{"embeddable":true,"href":"https:\/\/www.merck.ca\/fr\/wp-json\/wp\/v2\/users\/138"}],"replies":[{"embeddable":true,"href":"https:\/\/www.merck.ca\/fr\/wp-json\/wp\/v2\/comments?post=6072"}],"version-history":[{"count":8,"href":"https:\/\/www.merck.ca\/fr\/wp-json\/wp\/v2\/pages\/6072\/revisions"}],"predecessor-version":[{"id":7891,"href":"https:\/\/www.merck.ca\/fr\/wp-json\/wp\/v2\/pages\/6072\/revisions\/7891"}],"up":[{"embeddable":true,"href":"https:\/\/www.merck.ca\/fr\/wp-json\/wp\/v2\/pages\/5961"}],"wp:attachment":[{"href":"https:\/\/www.merck.ca\/fr\/wp-json\/wp\/v2\/media?parent=6072"}],"curies":[{"name":"wp","href":"https:\/\/api.w.org\/{rel}","templated":true}]}}