{"id":6060,"date":"2023-10-10T16:21:07","date_gmt":"2023-10-10T16:21:07","guid":{"rendered":"https:\/\/www.merck.ca\/fr\/?page_id=6060"},"modified":"2025-09-30T15:14:28","modified_gmt":"2025-09-30T15:14:28","slug":"marie-noelle-lincourt-ethier","status":"publish","type":"page","link":"https:\/\/www.merck.ca\/fr\/apercu-de-lentreprise\/equipe-de-direction\/marie-noelle-lincourt-ethier\/","title":{"rendered":"Marie-No\u00eblle Lincourt-Ethier"},"content":{"rendered":"\n<div id=\"mco-b2-hero-block-block_545cf1819409c8c5cbdc0988607e0c0c\" class=\"mco-b2-hero-block full mccberg-block\">\n    <div class=\"mco-b2-hero-block-wrapper\">\n        <div class=\"mco-b2-hero-block-image-section \">\n                            <div class=\"mco-b2-hero-block-image-container \">\n                    <picture >\n\t<source media=\"(max-width: 767px)\" data-srcset=\"https:\/\/www.merck.ca\/fr\/wp-content\/uploads\/sites\/83\/2023\/10\/Marie-Noelle-Lincourt-Ethier-FINAL-e1687551714546.png?w=768\" srcset=\"https:\/\/www.merck.ca\/fr\/wp-content\/uploads\/sites\/83\/2023\/10\/Marie-Noelle-Lincourt-Ethier-FINAL-e1687551714546.png?w=768\" >\n<source media=\"(min-width: 768px) and (max-width: 1199px)\" data-srcset=\"https:\/\/www.merck.ca\/fr\/wp-content\/uploads\/sites\/83\/2023\/10\/Marie-Noelle-Lincourt-Ethier-FINAL-e1687551714546.png?h=768\" srcset=\"https:\/\/www.merck.ca\/fr\/wp-content\/uploads\/sites\/83\/2023\/10\/Marie-Noelle-Lincourt-Ethier-FINAL-e1687551714546.png?h=768\" >\n<source media=\"(min-width: 1200px) and (max-width: 1919px)\" data-srcset=\"https:\/\/www.merck.ca\/fr\/wp-content\/uploads\/sites\/83\/2023\/10\/Marie-Noelle-Lincourt-Ethier-FINAL-e1687551714546.png?w=1200\" srcset=\"https:\/\/www.merck.ca\/fr\/wp-content\/uploads\/sites\/83\/2023\/10\/Marie-Noelle-Lincourt-Ethier-FINAL-e1687551714546.png?w=1200\" >\n<source media=\"(min-width: 1920px)\" data-srcset=\"https:\/\/www.merck.ca\/fr\/wp-content\/uploads\/sites\/83\/2023\/10\/Marie-Noelle-Lincourt-Ethier-FINAL-e1687551714546.png?w=1920\" srcset=\"https:\/\/www.merck.ca\/fr\/wp-content\/uploads\/sites\/83\/2023\/10\/Marie-Noelle-Lincourt-Ethier-FINAL-e1687551714546.png?w=1920\" >\n\t<img data-src=\"https:\/\/www.merck.ca\/fr\/wp-content\/uploads\/sites\/83\/2023\/10\/Marie-Noelle-Lincourt-Ethier-FINAL-e1687551714546.png?w=1920\" alt=\"Marie-Noelle-Lincourt\" class=\"eager \" loading=\"eager\" \/>\n<\/picture>                                    <\/div>\n                        <div class=\"mco-b2-hero-block-image-container-two\">\n                            <\/div>\n        <\/div>\n\n        <div class=\"mco-b2-hero-block-content-section\">\n            <nav class=\"breadcrumbs wrapper text-descriptive\"aria-label=\"Breadcrumbs\"><\/nav>            \n                            <h1>Marie-No\u00eblle Lincourt-Ethier<\/h1>\n            \n                            <div class=\"mco-b2-hero-block-description\"><p><em>Directrice ex\u00e9cutive, Pharma<\/em><\/p>\n<\/div>\n            \n                    <\/div>\n    <\/div>\n\n    \n<\/div>\n\n\n\n<p>Marie-No\u00eblle&nbsp;Lincourt-Ethier s\u2019\u00e9panouit \u00e0 l\u2019ext\u00e9rieur de sa zone de confort. Son go\u00fbt pour les d\u00e9fis l\u2019a bien servie pendant ses \u00e9tudes \u00e0 l\u2019\u00e9cole Polytechnique Montr\u00e9al, o\u00f9 elle a \u00e9t\u00e9 embauch\u00e9e comme associ\u00e9e de recherche apr\u00e8s son baccalaur\u00e9at en g\u00e9nie m\u00e9canique et sa ma\u00eetrise en g\u00e9nie biom\u00e9dical.<\/p>\n\n\n\n<p>Or, Marie-No\u00eblle a bient\u00f4t voulu relever de nouveaux d\u00e9fis et s\u2019est donc jointe \u00e0 l\u2019\u00e9quipe de gestion de la cha\u00eene d\u2019approvisionnement et des fournisseurs de Bombardier&nbsp;A\u00e9ronautique avec l\u2019objectif d\u2019y occuper un jour un poste d\u2019ing\u00e9nieure. Son parcours a toutefois d\u00e9vi\u00e9&nbsp;: m\u00fbre de son exp\u00e9rience chez Bombardier, elle s\u2019est jointe \u00e0 Merck en 2016 \u00e0 titre de cheffe nationale de l\u2019Approvisionnement, encore un nouveau domaine pour Marie-No\u00eblle. Toujours dans l\u2019exploration, Marie-No\u00eblle a occup\u00e9 divers postes, notamment ceux de responsable de l\u2019ex\u00e9cution des strat\u00e9gies, de cheffe, Comptes strat\u00e9giques et de directrice ex\u00e9cutive, Excellence commerciale avant de devenir directrice ex\u00e9cutive pour l\u2019unit\u00e9 d\u2019affaires Pharma, une unit\u00e9 couvrant un large \u00e9ventail de domaines th\u00e9rapeutiques et proposant un portefeuille prometteur. Elle a le privil\u00e8ge de diriger une \u00e9quipe unie autour d\u2019une m\u00eame mission&nbsp;: contribuer \u00e0 am\u00e9liorer la vie des Canadiens, en leur assurant l\u2019acc\u00e8s aux m\u00e9dicaments dont ils ont besoin et en ouvrant la voie \u00e0 de nouveaux domaines th\u00e9rapeutiques.<\/p>\n\n\n\n<p>L\u2019\u00e9nergie qu\u2019elle d\u00e9ploie pour s\u2019exposer \u00e0 un maximum d\u2019occasions d\u2019apprentissage caract\u00e9rise \u00e9galement l\u2019\u00e9ducation de ses enfants, \u00e0 qui elle transmet le go\u00fbt de la d\u00e9couverte par le voyage, le sport et la musique.<\/p>\n","protected":false},"excerpt":{"rendered":"<p>Marie-No\u00eblle&nbsp;Lincourt-Ethier s\u2019\u00e9panouit \u00e0 l\u2019ext\u00e9rieur de sa zone de confort. Son go\u00fbt pour les d\u00e9fis l\u2019a bien servie pendant ses \u00e9tudes \u00e0 l\u2019\u00e9cole Polytechnique Montr\u00e9al, o\u00f9 elle a \u00e9t\u00e9 embauch\u00e9e comme associ\u00e9e de recherche apr\u00e8s son baccalaur\u00e9at en g\u00e9nie m\u00e9canique et sa ma\u00eetrise en g\u00e9nie biom\u00e9dical. Or, Marie-No\u00eblle a bient\u00f4t voulu relever de nouveaux d\u00e9fis et [&hellip;]<\/p>\n","protected":false},"author":138,"featured_media":0,"parent":5961,"menu_order":0,"comment_status":"closed","ping_status":"closed","template":"","meta":{"_acf_changed":false,"bdl_company_name":[],"bdl_item_external_link":[],"editor_notices":[],"footnotes":""},"class_list":["post-6060","page","type-page","status-publish","hentry"],"yoast_head":"<!-- This site is optimized with the Yoast SEO plugin v21.9.1 - https:\/\/yoast.com\/wordpress\/plugins\/seo\/ -->\n<title>Marie-No\u00eblle Lincourt-Ethier - MCC Canada French<\/title>\n<meta name=\"robots\" content=\"index, follow, max-snippet:-1, max-image-preview:large, max-video-preview:-1\" \/>\n<link rel=\"canonical\" href=\"https:\/\/www.merck.ca\/fr\/apercu-de-lentreprise\/equipe-de-direction\/marie-noelle-lincourt-ethier\/\" \/>\n<meta property=\"og:locale\" content=\"en_US\" \/>\n<meta property=\"og:type\" content=\"article\" \/>\n<meta property=\"og:title\" content=\"Marie-No\u00eblle Lincourt-Ethier - MCC Canada French\" \/>\n<meta property=\"og:description\" content=\"Marie-No\u00eblle&nbsp;Lincourt-Ethier s\u2019\u00e9panouit \u00e0 l\u2019ext\u00e9rieur de sa zone de confort. Son go\u00fbt pour les d\u00e9fis l\u2019a bien servie pendant ses \u00e9tudes \u00e0 l\u2019\u00e9cole Polytechnique Montr\u00e9al, o\u00f9 elle a \u00e9t\u00e9 embauch\u00e9e comme associ\u00e9e de recherche apr\u00e8s son baccalaur\u00e9at en g\u00e9nie m\u00e9canique et sa ma\u00eetrise en g\u00e9nie biom\u00e9dical. Or, Marie-No\u00eblle a bient\u00f4t voulu relever de nouveaux d\u00e9fis et [&hellip;]\" \/>\n<meta property=\"og:url\" content=\"https:\/\/www.merck.ca\/fr\/apercu-de-lentreprise\/equipe-de-direction\/marie-noelle-lincourt-ethier\/\" \/>\n<meta property=\"og:site_name\" content=\"MCC Canada French\" \/>\n<meta property=\"article:modified_time\" content=\"2025-09-30T15:14:28+00:00\" \/>\n<meta name=\"twitter:card\" content=\"summary_large_image\" \/>\n<meta name=\"twitter:label1\" content=\"Est. reading time\" \/>\n\t<meta name=\"twitter:data1\" content=\"2 minutes\" \/>\n<script type=\"application\/ld+json\" class=\"yoast-schema-graph\">{\"@context\":\"https:\/\/schema.org\",\"@graph\":[{\"@type\":\"WebPage\",\"@id\":\"https:\/\/www.merck.ca\/fr\/apercu-de-lentreprise\/equipe-de-direction\/marie-noelle-lincourt-ethier\/\",\"url\":\"https:\/\/www.merck.ca\/fr\/apercu-de-lentreprise\/equipe-de-direction\/marie-noelle-lincourt-ethier\/\",\"name\":\"Marie-No\u00eblle Lincourt-Ethier - MCC Canada French\",\"isPartOf\":{\"@id\":\"https:\/\/www.merck.ca\/fr\/#website\"},\"datePublished\":\"2023-10-10T16:21:07+00:00\",\"dateModified\":\"2025-09-30T15:14:28+00:00\",\"breadcrumb\":{\"@id\":\"https:\/\/www.merck.ca\/fr\/apercu-de-lentreprise\/equipe-de-direction\/marie-noelle-lincourt-ethier\/#breadcrumb\"},\"inLanguage\":\"en-US\",\"potentialAction\":[{\"@type\":\"ReadAction\",\"target\":[\"https:\/\/www.merck.ca\/fr\/apercu-de-lentreprise\/equipe-de-direction\/marie-noelle-lincourt-ethier\/\"]}]},{\"@type\":\"BreadcrumbList\",\"@id\":\"https:\/\/www.merck.ca\/fr\/apercu-de-lentreprise\/equipe-de-direction\/marie-noelle-lincourt-ethier\/#breadcrumb\",\"itemListElement\":[{\"@type\":\"ListItem\",\"position\":1,\"name\":\"Aper\u00e7u de l\u2019entreprise\",\"item\":\"https:\/\/www.merck.ca\/fr\/apercu-de-lentreprise\/\"},{\"@type\":\"ListItem\",\"position\":2,\"name\":\"\u00c9quipe de direction\",\"item\":\"https:\/\/www.merck.ca\/fr\/apercu-de-lentreprise\/equipe-de-direction\/\"},{\"@type\":\"ListItem\",\"position\":3,\"name\":\"Marie-No\u00eblle Lincourt-Ethier\"}]},{\"@type\":\"WebSite\",\"@id\":\"https:\/\/www.merck.ca\/fr\/#website\",\"url\":\"https:\/\/www.merck.ca\/fr\/\",\"name\":\"MCC Canada French\",\"description\":\"Merck.ca\",\"potentialAction\":[{\"@type\":\"SearchAction\",\"target\":{\"@type\":\"EntryPoint\",\"urlTemplate\":\"https:\/\/www.merck.ca\/fr\/?s={search_term_string}\"},\"query-input\":\"required name=search_term_string\"}],\"inLanguage\":\"en-US\"}]}<\/script>\n<!-- \/ Yoast SEO plugin. -->","yoast_head_json":{"title":"Marie-No\u00eblle Lincourt-Ethier - MCC Canada French","robots":{"index":"index","follow":"follow","max-snippet":"max-snippet:-1","max-image-preview":"max-image-preview:large","max-video-preview":"max-video-preview:-1"},"canonical":"https:\/\/www.merck.ca\/fr\/apercu-de-lentreprise\/equipe-de-direction\/marie-noelle-lincourt-ethier\/","og_locale":"en_US","og_type":"article","og_title":"Marie-No\u00eblle Lincourt-Ethier - MCC Canada French","og_description":"Marie-No\u00eblle&nbsp;Lincourt-Ethier s\u2019\u00e9panouit \u00e0 l\u2019ext\u00e9rieur de sa zone de confort. Son go\u00fbt pour les d\u00e9fis l\u2019a bien servie pendant ses \u00e9tudes \u00e0 l\u2019\u00e9cole Polytechnique Montr\u00e9al, o\u00f9 elle a \u00e9t\u00e9 embauch\u00e9e comme associ\u00e9e de recherche apr\u00e8s son baccalaur\u00e9at en g\u00e9nie m\u00e9canique et sa ma\u00eetrise en g\u00e9nie biom\u00e9dical. Or, Marie-No\u00eblle a bient\u00f4t voulu relever de nouveaux d\u00e9fis et [&hellip;]","og_url":"https:\/\/www.merck.ca\/fr\/apercu-de-lentreprise\/equipe-de-direction\/marie-noelle-lincourt-ethier\/","og_site_name":"MCC Canada French","article_modified_time":"2025-09-30T15:14:28+00:00","twitter_card":"summary_large_image","twitter_misc":{"Est. reading time":"2 minutes"},"schema":{"@context":"https:\/\/schema.org","@graph":[{"@type":"WebPage","@id":"https:\/\/www.merck.ca\/fr\/apercu-de-lentreprise\/equipe-de-direction\/marie-noelle-lincourt-ethier\/","url":"https:\/\/www.merck.ca\/fr\/apercu-de-lentreprise\/equipe-de-direction\/marie-noelle-lincourt-ethier\/","name":"Marie-No\u00eblle Lincourt-Ethier - MCC Canada French","isPartOf":{"@id":"https:\/\/www.merck.ca\/fr\/#website"},"datePublished":"2023-10-10T16:21:07+00:00","dateModified":"2025-09-30T15:14:28+00:00","breadcrumb":{"@id":"https:\/\/www.merck.ca\/fr\/apercu-de-lentreprise\/equipe-de-direction\/marie-noelle-lincourt-ethier\/#breadcrumb"},"inLanguage":"en-US","potentialAction":[{"@type":"ReadAction","target":["https:\/\/www.merck.ca\/fr\/apercu-de-lentreprise\/equipe-de-direction\/marie-noelle-lincourt-ethier\/"]}]},{"@type":"BreadcrumbList","@id":"https:\/\/www.merck.ca\/fr\/apercu-de-lentreprise\/equipe-de-direction\/marie-noelle-lincourt-ethier\/#breadcrumb","itemListElement":[{"@type":"ListItem","position":1,"name":"Aper\u00e7u de l\u2019entreprise","item":"https:\/\/www.merck.ca\/fr\/apercu-de-lentreprise\/"},{"@type":"ListItem","position":2,"name":"\u00c9quipe de direction","item":"https:\/\/www.merck.ca\/fr\/apercu-de-lentreprise\/equipe-de-direction\/"},{"@type":"ListItem","position":3,"name":"Marie-No\u00eblle Lincourt-Ethier"}]},{"@type":"WebSite","@id":"https:\/\/www.merck.ca\/fr\/#website","url":"https:\/\/www.merck.ca\/fr\/","name":"MCC Canada French","description":"Merck.ca","potentialAction":[{"@type":"SearchAction","target":{"@type":"EntryPoint","urlTemplate":"https:\/\/www.merck.ca\/fr\/?s={search_term_string}"},"query-input":"required name=search_term_string"}],"inLanguage":"en-US"}]}},"acf":[],"_links":{"self":[{"href":"https:\/\/www.merck.ca\/fr\/wp-json\/wp\/v2\/pages\/6060","targetHints":{"allow":["GET"]}}],"collection":[{"href":"https:\/\/www.merck.ca\/fr\/wp-json\/wp\/v2\/pages"}],"about":[{"href":"https:\/\/www.merck.ca\/fr\/wp-json\/wp\/v2\/types\/page"}],"author":[{"embeddable":true,"href":"https:\/\/www.merck.ca\/fr\/wp-json\/wp\/v2\/users\/138"}],"replies":[{"embeddable":true,"href":"https:\/\/www.merck.ca\/fr\/wp-json\/wp\/v2\/comments?post=6060"}],"version-history":[{"count":13,"href":"https:\/\/www.merck.ca\/fr\/wp-json\/wp\/v2\/pages\/6060\/revisions"}],"predecessor-version":[{"id":8164,"href":"https:\/\/www.merck.ca\/fr\/wp-json\/wp\/v2\/pages\/6060\/revisions\/8164"}],"up":[{"embeddable":true,"href":"https:\/\/www.merck.ca\/fr\/wp-json\/wp\/v2\/pages\/5961"}],"wp:attachment":[{"href":"https:\/\/www.merck.ca\/fr\/wp-json\/wp\/v2\/media?parent=6060"}],"curies":[{"name":"wp","href":"https:\/\/api.w.org\/{rel}","templated":true}]}}