{"id":6045,"date":"2023-10-10T16:17:30","date_gmt":"2023-10-10T16:17:30","guid":{"rendered":"https:\/\/www.merck.ca\/fr\/?page_id=6045"},"modified":"2025-09-30T15:14:47","modified_gmt":"2025-09-30T15:14:47","slug":"philippe-houle","status":"publish","type":"page","link":"https:\/\/www.merck.ca\/fr\/apercu-de-lentreprise\/equipe-de-direction\/philippe-houle\/","title":{"rendered":"Philippe Houle"},"content":{"rendered":"\n<div id=\"mco-b2-hero-block-block_8068a55e04f6717a05fe513017547385\" class=\"mco-b2-hero-block full mccberg-block\">\n    <div class=\"mco-b2-hero-block-wrapper\">\n        <div class=\"mco-b2-hero-block-image-section \">\n                            <div class=\"mco-b2-hero-block-image-container \">\n                    <picture >\n\t<source media=\"(max-width: 767px)\" data-srcset=\"https:\/\/www.merck.ca\/fr\/wp-content\/uploads\/sites\/83\/2025\/07\/Phil.jpg?w=768\" srcset=\"https:\/\/www.merck.ca\/fr\/wp-content\/uploads\/sites\/83\/2025\/07\/Phil.jpg?w=768\" >\n<source media=\"(min-width: 768px) and (max-width: 1199px)\" data-srcset=\"https:\/\/www.merck.ca\/fr\/wp-content\/uploads\/sites\/83\/2025\/07\/Phil.jpg?h=768\" srcset=\"https:\/\/www.merck.ca\/fr\/wp-content\/uploads\/sites\/83\/2025\/07\/Phil.jpg?h=768\" >\n<source media=\"(min-width: 1200px) and (max-width: 1919px)\" data-srcset=\"https:\/\/www.merck.ca\/fr\/wp-content\/uploads\/sites\/83\/2025\/07\/Phil.jpg?w=1200\" srcset=\"https:\/\/www.merck.ca\/fr\/wp-content\/uploads\/sites\/83\/2025\/07\/Phil.jpg?w=1200\" >\n<source media=\"(min-width: 1920px)\" data-srcset=\"https:\/\/www.merck.ca\/fr\/wp-content\/uploads\/sites\/83\/2025\/07\/Phil.jpg?w=1920\" srcset=\"https:\/\/www.merck.ca\/fr\/wp-content\/uploads\/sites\/83\/2025\/07\/Phil.jpg?w=1920\" >\n\t<img data-src=\"https:\/\/www.merck.ca\/fr\/wp-content\/uploads\/sites\/83\/2025\/07\/Phil.jpg?w=1920\" alt=\"\" class=\"eager \" loading=\"eager\" \/>\n<\/picture>                                    <\/div>\n                        <div class=\"mco-b2-hero-block-image-container-two\">\n                            <\/div>\n        <\/div>\n\n        <div class=\"mco-b2-hero-block-content-section\">\n            <nav class=\"breadcrumbs wrapper text-descriptive\"aria-label=\"Breadcrumbs\"><\/nav>            \n                            <h1>Philippe Houle<\/h1>\n            \n                            <div class=\"mco-b2-hero-block-description\"><p><em>Directeur ex\u00e9cutif et vice-pr\u00e9sident, Politique provinciale et affaires gouvernementales<\/em><\/p>\n<\/div>\n            \n                    <\/div>\n    <\/div>\n\n    \n<\/div>\n\n\n\n<p>L\u2019entraide, la sant\u00e9 et le bien-\u00eatre ont toujours \u00e9t\u00e9 au c\u0153ur de tout ce qu\u2019entreprend Philippe&nbsp;Houle. Apr\u00e8s avoir obtenu un baccalaur\u00e9at en kin\u00e9siologie, Philippe a commenc\u00e9 sa carri\u00e8re en pr\u00e9vention des blessures, en conditionnement physique et en r\u00e9adaptation, amor\u00e7ant ainsi son parcours dans le continuum des soins de sant\u00e9.&nbsp;<\/p>\n\n\n\n<p>C\u2019est son int\u00e9r\u00eat marqu\u00e9 pour la sant\u00e9 et la pr\u00e9vention qui est \u00e0 l\u2019origine de son choix de carri\u00e8re dans le secteur pharmaceutique, o\u00f9 il pourrait continuer \u00e0 avoir une influence positive sur la vie des gens. D\u2019abord repr\u00e9sentant, Philippe a \u00e9galement travaill\u00e9 en marketing et en communication, ainsi que dans plusieurs domaines th\u00e9rapeutiques, avant de diriger des \u00e9quipes performantes dans les unit\u00e9s d\u2019affaires Vaccins, puis Pharma en tant que directeur ex\u00e9cutif. Apr\u00e8s plus de 20 ans dans le secteur, dont 14&nbsp;chez Merck&nbsp;Canada, Philippe est maintenant directeur ex\u00e9cutif et vice-pr\u00e9sident, Politiques provinciales et affaires gouvernementales. \u00c0 ce titre, il a le privil\u00e8ge de diriger une \u00e9quipe d\u2019experts en politiques et de collaborer avec les \u00e9quipes de la filiale pour assurer aux Canadiens l\u2019acc\u00e8s aux vaccins et aux m\u00e9dicaments dont ils ont besoin, aujourd\u2019hui et demain.<\/p>\n\n\n\n<p>En mati\u00e8re de sant\u00e9, Philippe joint assur\u00e9ment les gestes \u00e0 la parole. Dans ses temps libres, il s\u2019adonne \u00e0 des activit\u00e9s dynamiques, comme le CrossFit, le ski alpin et, surtout, courir apr\u00e8s la source d\u2019\u00e9nergie brute que sont ses trois enfants.<\/p>\n","protected":false},"excerpt":{"rendered":"<p>L\u2019entraide, la sant\u00e9 et le bien-\u00eatre ont toujours \u00e9t\u00e9 au c\u0153ur de tout ce qu\u2019entreprend Philippe&nbsp;Houle. Apr\u00e8s avoir obtenu un baccalaur\u00e9at en kin\u00e9siologie, Philippe a commenc\u00e9 sa carri\u00e8re en pr\u00e9vention des blessures, en conditionnement physique et en r\u00e9adaptation, amor\u00e7ant ainsi son parcours dans le continuum des soins de sant\u00e9.&nbsp; C\u2019est son int\u00e9r\u00eat marqu\u00e9 pour la [&hellip;]<\/p>\n","protected":false},"author":138,"featured_media":0,"parent":5961,"menu_order":0,"comment_status":"closed","ping_status":"closed","template":"","meta":{"_acf_changed":false,"bdl_company_name":[],"bdl_item_external_link":[],"editor_notices":[],"footnotes":""},"class_list":["post-6045","page","type-page","status-publish","hentry"],"yoast_head":"<!-- This site is optimized with the Yoast SEO plugin v21.9.1 - https:\/\/yoast.com\/wordpress\/plugins\/seo\/ -->\n<title>Philippe Houle - MCC Canada French<\/title>\n<meta name=\"robots\" content=\"index, follow, max-snippet:-1, max-image-preview:large, max-video-preview:-1\" \/>\n<link rel=\"canonical\" href=\"https:\/\/www.merck.ca\/fr\/apercu-de-lentreprise\/equipe-de-direction\/philippe-houle\/\" \/>\n<meta property=\"og:locale\" content=\"en_US\" \/>\n<meta property=\"og:type\" content=\"article\" \/>\n<meta property=\"og:title\" content=\"Philippe Houle - MCC Canada French\" \/>\n<meta property=\"og:description\" content=\"L\u2019entraide, la sant\u00e9 et le bien-\u00eatre ont toujours \u00e9t\u00e9 au c\u0153ur de tout ce qu\u2019entreprend Philippe&nbsp;Houle. Apr\u00e8s avoir obtenu un baccalaur\u00e9at en kin\u00e9siologie, Philippe a commenc\u00e9 sa carri\u00e8re en pr\u00e9vention des blessures, en conditionnement physique et en r\u00e9adaptation, amor\u00e7ant ainsi son parcours dans le continuum des soins de sant\u00e9.&nbsp; C\u2019est son int\u00e9r\u00eat marqu\u00e9 pour la [&hellip;]\" \/>\n<meta property=\"og:url\" content=\"https:\/\/www.merck.ca\/fr\/apercu-de-lentreprise\/equipe-de-direction\/philippe-houle\/\" \/>\n<meta property=\"og:site_name\" content=\"MCC Canada French\" \/>\n<meta property=\"article:modified_time\" content=\"2025-09-30T15:14:47+00:00\" \/>\n<meta name=\"twitter:card\" content=\"summary_large_image\" \/>\n<meta name=\"twitter:label1\" content=\"Est. reading time\" \/>\n\t<meta name=\"twitter:data1\" content=\"1 minute\" \/>\n<script type=\"application\/ld+json\" class=\"yoast-schema-graph\">{\"@context\":\"https:\/\/schema.org\",\"@graph\":[{\"@type\":\"WebPage\",\"@id\":\"https:\/\/www.merck.ca\/fr\/apercu-de-lentreprise\/equipe-de-direction\/philippe-houle\/\",\"url\":\"https:\/\/www.merck.ca\/fr\/apercu-de-lentreprise\/equipe-de-direction\/philippe-houle\/\",\"name\":\"Philippe Houle - MCC Canada French\",\"isPartOf\":{\"@id\":\"https:\/\/www.merck.ca\/fr\/#website\"},\"datePublished\":\"2023-10-10T16:17:30+00:00\",\"dateModified\":\"2025-09-30T15:14:47+00:00\",\"breadcrumb\":{\"@id\":\"https:\/\/www.merck.ca\/fr\/apercu-de-lentreprise\/equipe-de-direction\/philippe-houle\/#breadcrumb\"},\"inLanguage\":\"en-US\",\"potentialAction\":[{\"@type\":\"ReadAction\",\"target\":[\"https:\/\/www.merck.ca\/fr\/apercu-de-lentreprise\/equipe-de-direction\/philippe-houle\/\"]}]},{\"@type\":\"BreadcrumbList\",\"@id\":\"https:\/\/www.merck.ca\/fr\/apercu-de-lentreprise\/equipe-de-direction\/philippe-houle\/#breadcrumb\",\"itemListElement\":[{\"@type\":\"ListItem\",\"position\":1,\"name\":\"Aper\u00e7u de l\u2019entreprise\",\"item\":\"https:\/\/www.merck.ca\/fr\/apercu-de-lentreprise\/\"},{\"@type\":\"ListItem\",\"position\":2,\"name\":\"\u00c9quipe de direction\",\"item\":\"https:\/\/www.merck.ca\/fr\/apercu-de-lentreprise\/equipe-de-direction\/\"},{\"@type\":\"ListItem\",\"position\":3,\"name\":\"Philippe Houle\"}]},{\"@type\":\"WebSite\",\"@id\":\"https:\/\/www.merck.ca\/fr\/#website\",\"url\":\"https:\/\/www.merck.ca\/fr\/\",\"name\":\"MCC Canada French\",\"description\":\"Merck.ca\",\"potentialAction\":[{\"@type\":\"SearchAction\",\"target\":{\"@type\":\"EntryPoint\",\"urlTemplate\":\"https:\/\/www.merck.ca\/fr\/?s={search_term_string}\"},\"query-input\":\"required name=search_term_string\"}],\"inLanguage\":\"en-US\"}]}<\/script>\n<!-- \/ Yoast SEO plugin. -->","yoast_head_json":{"title":"Philippe Houle - MCC Canada French","robots":{"index":"index","follow":"follow","max-snippet":"max-snippet:-1","max-image-preview":"max-image-preview:large","max-video-preview":"max-video-preview:-1"},"canonical":"https:\/\/www.merck.ca\/fr\/apercu-de-lentreprise\/equipe-de-direction\/philippe-houle\/","og_locale":"en_US","og_type":"article","og_title":"Philippe Houle - MCC Canada French","og_description":"L\u2019entraide, la sant\u00e9 et le bien-\u00eatre ont toujours \u00e9t\u00e9 au c\u0153ur de tout ce qu\u2019entreprend Philippe&nbsp;Houle. Apr\u00e8s avoir obtenu un baccalaur\u00e9at en kin\u00e9siologie, Philippe a commenc\u00e9 sa carri\u00e8re en pr\u00e9vention des blessures, en conditionnement physique et en r\u00e9adaptation, amor\u00e7ant ainsi son parcours dans le continuum des soins de sant\u00e9.&nbsp; C\u2019est son int\u00e9r\u00eat marqu\u00e9 pour la [&hellip;]","og_url":"https:\/\/www.merck.ca\/fr\/apercu-de-lentreprise\/equipe-de-direction\/philippe-houle\/","og_site_name":"MCC Canada French","article_modified_time":"2025-09-30T15:14:47+00:00","twitter_card":"summary_large_image","twitter_misc":{"Est. reading time":"1 minute"},"schema":{"@context":"https:\/\/schema.org","@graph":[{"@type":"WebPage","@id":"https:\/\/www.merck.ca\/fr\/apercu-de-lentreprise\/equipe-de-direction\/philippe-houle\/","url":"https:\/\/www.merck.ca\/fr\/apercu-de-lentreprise\/equipe-de-direction\/philippe-houle\/","name":"Philippe Houle - MCC Canada French","isPartOf":{"@id":"https:\/\/www.merck.ca\/fr\/#website"},"datePublished":"2023-10-10T16:17:30+00:00","dateModified":"2025-09-30T15:14:47+00:00","breadcrumb":{"@id":"https:\/\/www.merck.ca\/fr\/apercu-de-lentreprise\/equipe-de-direction\/philippe-houle\/#breadcrumb"},"inLanguage":"en-US","potentialAction":[{"@type":"ReadAction","target":["https:\/\/www.merck.ca\/fr\/apercu-de-lentreprise\/equipe-de-direction\/philippe-houle\/"]}]},{"@type":"BreadcrumbList","@id":"https:\/\/www.merck.ca\/fr\/apercu-de-lentreprise\/equipe-de-direction\/philippe-houle\/#breadcrumb","itemListElement":[{"@type":"ListItem","position":1,"name":"Aper\u00e7u de l\u2019entreprise","item":"https:\/\/www.merck.ca\/fr\/apercu-de-lentreprise\/"},{"@type":"ListItem","position":2,"name":"\u00c9quipe de direction","item":"https:\/\/www.merck.ca\/fr\/apercu-de-lentreprise\/equipe-de-direction\/"},{"@type":"ListItem","position":3,"name":"Philippe Houle"}]},{"@type":"WebSite","@id":"https:\/\/www.merck.ca\/fr\/#website","url":"https:\/\/www.merck.ca\/fr\/","name":"MCC Canada French","description":"Merck.ca","potentialAction":[{"@type":"SearchAction","target":{"@type":"EntryPoint","urlTemplate":"https:\/\/www.merck.ca\/fr\/?s={search_term_string}"},"query-input":"required name=search_term_string"}],"inLanguage":"en-US"}]}},"acf":[],"_links":{"self":[{"href":"https:\/\/www.merck.ca\/fr\/wp-json\/wp\/v2\/pages\/6045","targetHints":{"allow":["GET"]}}],"collection":[{"href":"https:\/\/www.merck.ca\/fr\/wp-json\/wp\/v2\/pages"}],"about":[{"href":"https:\/\/www.merck.ca\/fr\/wp-json\/wp\/v2\/types\/page"}],"author":[{"embeddable":true,"href":"https:\/\/www.merck.ca\/fr\/wp-json\/wp\/v2\/users\/138"}],"replies":[{"embeddable":true,"href":"https:\/\/www.merck.ca\/fr\/wp-json\/wp\/v2\/comments?post=6045"}],"version-history":[{"count":17,"href":"https:\/\/www.merck.ca\/fr\/wp-json\/wp\/v2\/pages\/6045\/revisions"}],"predecessor-version":[{"id":8166,"href":"https:\/\/www.merck.ca\/fr\/wp-json\/wp\/v2\/pages\/6045\/revisions\/8166"}],"up":[{"embeddable":true,"href":"https:\/\/www.merck.ca\/fr\/wp-json\/wp\/v2\/pages\/5961"}],"wp:attachment":[{"href":"https:\/\/www.merck.ca\/fr\/wp-json\/wp\/v2\/media?parent=6045"}],"curies":[{"name":"wp","href":"https:\/\/api.w.org\/{rel}","templated":true}]}}