{"id":5997,"date":"2023-10-10T16:02:32","date_gmt":"2023-10-10T16:02:32","guid":{"rendered":"https:\/\/www.merck.ca\/fr\/?page_id=5997"},"modified":"2025-07-21T12:55:12","modified_gmt":"2025-07-21T12:55:12","slug":"saliha-boumaza","status":"publish","type":"page","link":"https:\/\/www.merck.ca\/fr\/apercu-de-lentreprise\/equipe-de-direction\/saliha-boumaza\/","title":{"rendered":"Saliha Boumaza"},"content":{"rendered":"\n<div id=\"mco-b2-hero-block-block_2a10f9bd6b290a593351caacc854aa2a\" class=\"mco-b2-hero-block full mccberg-block\">\n    <div class=\"mco-b2-hero-block-wrapper\">\n        <div class=\"mco-b2-hero-block-image-section \">\n                            <div class=\"mco-b2-hero-block-image-container \">\n                    <picture >\n\t<source media=\"(max-width: 767px)\" data-srcset=\"https:\/\/www.merck.ca\/fr\/wp-content\/uploads\/sites\/83\/2024\/11\/01_Saliha_full.jpg?w=768\" srcset=\"https:\/\/www.merck.ca\/fr\/wp-content\/uploads\/sites\/83\/2024\/11\/01_Saliha_full.jpg?w=768\" >\n<source media=\"(min-width: 768px) and (max-width: 1199px)\" data-srcset=\"https:\/\/www.merck.ca\/fr\/wp-content\/uploads\/sites\/83\/2024\/11\/01_Saliha_full.jpg?h=768\" srcset=\"https:\/\/www.merck.ca\/fr\/wp-content\/uploads\/sites\/83\/2024\/11\/01_Saliha_full.jpg?h=768\" >\n<source media=\"(min-width: 1200px) and (max-width: 1919px)\" data-srcset=\"https:\/\/www.merck.ca\/fr\/wp-content\/uploads\/sites\/83\/2024\/11\/01_Saliha_full.jpg?w=1200\" srcset=\"https:\/\/www.merck.ca\/fr\/wp-content\/uploads\/sites\/83\/2024\/11\/01_Saliha_full.jpg?w=1200\" >\n<source media=\"(min-width: 1920px)\" data-srcset=\"https:\/\/www.merck.ca\/fr\/wp-content\/uploads\/sites\/83\/2024\/11\/01_Saliha_full.jpg?w=1920\" srcset=\"https:\/\/www.merck.ca\/fr\/wp-content\/uploads\/sites\/83\/2024\/11\/01_Saliha_full.jpg?w=1920\" >\n\t<img data-src=\"https:\/\/www.merck.ca\/fr\/wp-content\/uploads\/sites\/83\/2024\/11\/01_Saliha_full.jpg?w=1920\" alt=\"\" class=\"eager \" loading=\"eager\" \/>\n<\/picture>                                    <\/div>\n                        <div class=\"mco-b2-hero-block-image-container-two\">\n                            <\/div>\n        <\/div>\n\n        <div class=\"mco-b2-hero-block-content-section\">\n            <nav class=\"breadcrumbs wrapper text-descriptive\"aria-label=\"Breadcrumbs\"><\/nav>            \n                            <h1>Saliha Boumaza<\/h1>\n            \n                            <div class=\"mco-b2-hero-block-description\"><p><em>Directrice ex\u00e9cutive, GCTO<\/em><\/p>\n<\/div>\n            \n                    <\/div>\n    <\/div>\n\n    \n<\/div>\n\n\n\n<p>Saliha&nbsp;Boumaza est directrice ex\u00e9cutive, Recherche clinique chez Merck. Elle poss\u00e8de plus de 25&nbsp;ans d\u2019exp\u00e9rience en recherche clinique.<\/p>\n\n\n\n<p>Ce que Saliha pr\u00e9f\u00e8re de son travail, c\u2019est de forger des liens partout o\u00f9 elle va. N\u00e9e et ayant fait ses \u00e9tudes en France, mais citoyenne du monde d\u00e8s sa naissance, Saliha a d\u00e9cid\u00e9 de passer du temps au Canada pour acqu\u00e9rir de l\u2019exp\u00e9rience de travail \u00e0 l\u2019\u00e9tranger. Dix-huit ans plus tard, elle vit toujours au Canada, et son r\u00e9seau international a pris une expansion exponentielle.<\/p>\n\n\n\n<p>Mue par son d\u00e9sir d\u2019am\u00e9liorer la vie des patients et de leur famille, Saliha visait une carri\u00e8re dans le milieu de la sant\u00e9, ce qui l\u2019a men\u00e9e au doctorat en pharmacologie cardiovasculaire \u00e0 l\u2019Universit\u00e9 Pierre-et-Marie-Curie, \u00e0 Paris. Une fois dipl\u00f4m\u00e9e, elle a compris que la recherche clinique \u00e9tait le secteur o\u00f9 elle aurait le plus d\u2019impact sur la vie des gens et a entrepris sa longue carri\u00e8re dans le domaine \u00e0 titre d\u2019associ\u00e9e de recherche clinique. Maintenant directrice ex\u00e9cutive des Op\u00e9rations mondiales essais cliniques de Merck&nbsp;Canada, Saliha est fi\u00e8re de faire partie d\u2019un r\u00e9seau international d\u2019experts d\u2019Am\u00e9rique du Nord, d\u2019Europe, d\u2019Am\u00e9rique latine et d\u2019Asie-Pacifique au sein duquel on apprend les uns au contact des autres et visant tous le m\u00eame objectif&nbsp;: mettre l\u2019innovation \u00e0 profit pour cr\u00e9er un monde meilleur.<\/p>\n\n\n\n<p>Le lien profond qui unit Saliha au monde s\u2019observe \u00e9galement dans sa vie personnelle. Toujours en train de planifier la prochaine aventure de sa famille, elle cherche sans cesse \u00e0 \u00e9largir ses horizons et \u00e0 approfondir ses connaissances sur les diverses cultures.<\/p>\n","protected":false},"excerpt":{"rendered":"<p>Saliha&nbsp;Boumaza est directrice ex\u00e9cutive, Recherche clinique chez Merck. Elle poss\u00e8de plus de 25&nbsp;ans d\u2019exp\u00e9rience en recherche clinique. Ce que Saliha pr\u00e9f\u00e8re de son travail, c\u2019est de forger des liens partout o\u00f9 elle va. N\u00e9e et ayant fait ses \u00e9tudes en France, mais citoyenne du monde d\u00e8s sa naissance, Saliha a d\u00e9cid\u00e9 de passer du temps [&hellip;]<\/p>\n","protected":false},"author":138,"featured_media":0,"parent":5961,"menu_order":0,"comment_status":"closed","ping_status":"closed","template":"","meta":{"_acf_changed":false,"bdl_company_name":[],"bdl_item_external_link":[],"editor_notices":[],"footnotes":""},"class_list":["post-5997","page","type-page","status-publish","hentry"],"yoast_head":"<!-- This site is optimized with the Yoast SEO plugin v21.9.1 - https:\/\/yoast.com\/wordpress\/plugins\/seo\/ -->\n<title>Saliha Boumaza - MCC Canada French<\/title>\n<meta name=\"robots\" content=\"index, follow, max-snippet:-1, max-image-preview:large, max-video-preview:-1\" \/>\n<link rel=\"canonical\" href=\"https:\/\/www.merck.ca\/fr\/apercu-de-lentreprise\/equipe-de-direction\/saliha-boumaza\/\" \/>\n<meta property=\"og:locale\" content=\"en_US\" \/>\n<meta property=\"og:type\" content=\"article\" \/>\n<meta property=\"og:title\" content=\"Saliha Boumaza - MCC Canada French\" \/>\n<meta property=\"og:description\" content=\"Saliha&nbsp;Boumaza est directrice ex\u00e9cutive, Recherche clinique chez Merck. Elle poss\u00e8de plus de 25&nbsp;ans d\u2019exp\u00e9rience en recherche clinique. Ce que Saliha pr\u00e9f\u00e8re de son travail, c\u2019est de forger des liens partout o\u00f9 elle va. N\u00e9e et ayant fait ses \u00e9tudes en France, mais citoyenne du monde d\u00e8s sa naissance, Saliha a d\u00e9cid\u00e9 de passer du temps [&hellip;]\" \/>\n<meta property=\"og:url\" content=\"https:\/\/www.merck.ca\/fr\/apercu-de-lentreprise\/equipe-de-direction\/saliha-boumaza\/\" \/>\n<meta property=\"og:site_name\" content=\"MCC Canada French\" \/>\n<meta property=\"article:modified_time\" content=\"2025-07-21T12:55:12+00:00\" \/>\n<meta name=\"twitter:card\" content=\"summary_large_image\" \/>\n<meta name=\"twitter:label1\" content=\"Est. reading time\" \/>\n\t<meta name=\"twitter:data1\" content=\"2 minutes\" \/>\n<script type=\"application\/ld+json\" class=\"yoast-schema-graph\">{\"@context\":\"https:\/\/schema.org\",\"@graph\":[{\"@type\":\"WebPage\",\"@id\":\"https:\/\/www.merck.ca\/fr\/apercu-de-lentreprise\/equipe-de-direction\/saliha-boumaza\/\",\"url\":\"https:\/\/www.merck.ca\/fr\/apercu-de-lentreprise\/equipe-de-direction\/saliha-boumaza\/\",\"name\":\"Saliha Boumaza - MCC Canada French\",\"isPartOf\":{\"@id\":\"https:\/\/www.merck.ca\/fr\/#website\"},\"datePublished\":\"2023-10-10T16:02:32+00:00\",\"dateModified\":\"2025-07-21T12:55:12+00:00\",\"breadcrumb\":{\"@id\":\"https:\/\/www.merck.ca\/fr\/apercu-de-lentreprise\/equipe-de-direction\/saliha-boumaza\/#breadcrumb\"},\"inLanguage\":\"en-US\",\"potentialAction\":[{\"@type\":\"ReadAction\",\"target\":[\"https:\/\/www.merck.ca\/fr\/apercu-de-lentreprise\/equipe-de-direction\/saliha-boumaza\/\"]}]},{\"@type\":\"BreadcrumbList\",\"@id\":\"https:\/\/www.merck.ca\/fr\/apercu-de-lentreprise\/equipe-de-direction\/saliha-boumaza\/#breadcrumb\",\"itemListElement\":[{\"@type\":\"ListItem\",\"position\":1,\"name\":\"Aper\u00e7u de l\u2019entreprise\",\"item\":\"https:\/\/www.merck.ca\/fr\/apercu-de-lentreprise\/\"},{\"@type\":\"ListItem\",\"position\":2,\"name\":\"\u00c9quipe de direction\",\"item\":\"https:\/\/www.merck.ca\/fr\/apercu-de-lentreprise\/equipe-de-direction\/\"},{\"@type\":\"ListItem\",\"position\":3,\"name\":\"Saliha Boumaza\"}]},{\"@type\":\"WebSite\",\"@id\":\"https:\/\/www.merck.ca\/fr\/#website\",\"url\":\"https:\/\/www.merck.ca\/fr\/\",\"name\":\"MCC Canada French\",\"description\":\"Merck.ca\",\"potentialAction\":[{\"@type\":\"SearchAction\",\"target\":{\"@type\":\"EntryPoint\",\"urlTemplate\":\"https:\/\/www.merck.ca\/fr\/?s={search_term_string}\"},\"query-input\":\"required name=search_term_string\"}],\"inLanguage\":\"en-US\"}]}<\/script>\n<!-- \/ Yoast SEO plugin. -->","yoast_head_json":{"title":"Saliha Boumaza - MCC Canada French","robots":{"index":"index","follow":"follow","max-snippet":"max-snippet:-1","max-image-preview":"max-image-preview:large","max-video-preview":"max-video-preview:-1"},"canonical":"https:\/\/www.merck.ca\/fr\/apercu-de-lentreprise\/equipe-de-direction\/saliha-boumaza\/","og_locale":"en_US","og_type":"article","og_title":"Saliha Boumaza - MCC Canada French","og_description":"Saliha&nbsp;Boumaza est directrice ex\u00e9cutive, Recherche clinique chez Merck. Elle poss\u00e8de plus de 25&nbsp;ans d\u2019exp\u00e9rience en recherche clinique. Ce que Saliha pr\u00e9f\u00e8re de son travail, c\u2019est de forger des liens partout o\u00f9 elle va. N\u00e9e et ayant fait ses \u00e9tudes en France, mais citoyenne du monde d\u00e8s sa naissance, Saliha a d\u00e9cid\u00e9 de passer du temps [&hellip;]","og_url":"https:\/\/www.merck.ca\/fr\/apercu-de-lentreprise\/equipe-de-direction\/saliha-boumaza\/","og_site_name":"MCC Canada French","article_modified_time":"2025-07-21T12:55:12+00:00","twitter_card":"summary_large_image","twitter_misc":{"Est. reading time":"2 minutes"},"schema":{"@context":"https:\/\/schema.org","@graph":[{"@type":"WebPage","@id":"https:\/\/www.merck.ca\/fr\/apercu-de-lentreprise\/equipe-de-direction\/saliha-boumaza\/","url":"https:\/\/www.merck.ca\/fr\/apercu-de-lentreprise\/equipe-de-direction\/saliha-boumaza\/","name":"Saliha Boumaza - MCC Canada French","isPartOf":{"@id":"https:\/\/www.merck.ca\/fr\/#website"},"datePublished":"2023-10-10T16:02:32+00:00","dateModified":"2025-07-21T12:55:12+00:00","breadcrumb":{"@id":"https:\/\/www.merck.ca\/fr\/apercu-de-lentreprise\/equipe-de-direction\/saliha-boumaza\/#breadcrumb"},"inLanguage":"en-US","potentialAction":[{"@type":"ReadAction","target":["https:\/\/www.merck.ca\/fr\/apercu-de-lentreprise\/equipe-de-direction\/saliha-boumaza\/"]}]},{"@type":"BreadcrumbList","@id":"https:\/\/www.merck.ca\/fr\/apercu-de-lentreprise\/equipe-de-direction\/saliha-boumaza\/#breadcrumb","itemListElement":[{"@type":"ListItem","position":1,"name":"Aper\u00e7u de l\u2019entreprise","item":"https:\/\/www.merck.ca\/fr\/apercu-de-lentreprise\/"},{"@type":"ListItem","position":2,"name":"\u00c9quipe de direction","item":"https:\/\/www.merck.ca\/fr\/apercu-de-lentreprise\/equipe-de-direction\/"},{"@type":"ListItem","position":3,"name":"Saliha Boumaza"}]},{"@type":"WebSite","@id":"https:\/\/www.merck.ca\/fr\/#website","url":"https:\/\/www.merck.ca\/fr\/","name":"MCC Canada French","description":"Merck.ca","potentialAction":[{"@type":"SearchAction","target":{"@type":"EntryPoint","urlTemplate":"https:\/\/www.merck.ca\/fr\/?s={search_term_string}"},"query-input":"required name=search_term_string"}],"inLanguage":"en-US"}]}},"acf":[],"_links":{"self":[{"href":"https:\/\/www.merck.ca\/fr\/wp-json\/wp\/v2\/pages\/5997","targetHints":{"allow":["GET"]}}],"collection":[{"href":"https:\/\/www.merck.ca\/fr\/wp-json\/wp\/v2\/pages"}],"about":[{"href":"https:\/\/www.merck.ca\/fr\/wp-json\/wp\/v2\/types\/page"}],"author":[{"embeddable":true,"href":"https:\/\/www.merck.ca\/fr\/wp-json\/wp\/v2\/users\/138"}],"replies":[{"embeddable":true,"href":"https:\/\/www.merck.ca\/fr\/wp-json\/wp\/v2\/comments?post=5997"}],"version-history":[{"count":14,"href":"https:\/\/www.merck.ca\/fr\/wp-json\/wp\/v2\/pages\/5997\/revisions"}],"predecessor-version":[{"id":7915,"href":"https:\/\/www.merck.ca\/fr\/wp-json\/wp\/v2\/pages\/5997\/revisions\/7915"}],"up":[{"embeddable":true,"href":"https:\/\/www.merck.ca\/fr\/wp-json\/wp\/v2\/pages\/5961"}],"wp:attachment":[{"href":"https:\/\/www.merck.ca\/fr\/wp-json\/wp\/v2\/media?parent=5997"}],"curies":[{"name":"wp","href":"https:\/\/api.w.org\/{rel}","templated":true}]}}