{"id":5819,"date":"2023-08-03T19:47:58","date_gmt":"2023-08-03T19:47:58","guid":{"rendered":"https:\/\/www.merck.ca\/fr\/?page_id=5819"},"modified":"2025-03-19T13:26:05","modified_gmt":"2025-03-19T13:26:05","slug":"la-clinique-de-proximite-du-programme-devaluation-diagnostique-du-poumon-a-napanee-en-ontario","status":"publish","type":"page","link":"https:\/\/www.merck.ca\/fr\/newsroom\/la-clinique-de-proximite-du-programme-devaluation-diagnostique-du-poumon-a-napanee-en-ontario\/","title":{"rendered":"La clinique de proximit\u00e9 du Programme d\u2019\u00e9valuation diagnostique du poumon \u00e0 Napanee, en Ontario"},"content":{"rendered":"\n<h1 class=\"wp-block-heading\"><strong>La clinique de proximit\u00e9 du Programme d\u2019\u00e9valuation diagnostique du poumon \u00e0 Napanee, en Ontario, acc\u00e9l\u00e8re l\u2019\u00e9valuation et le diagnostic des patients atteints d\u2019un cancer du poumon<\/strong><\/h1>\n\n\n\n<p class=\"has-text-align-right\"><a href=\"https:\/\/www.merck.ca\/en\/press-release_world-lung-cancer-day_fr_final\/\" target=\"_blank\" rel=\"noreferrer noopener\"><svg xmlns=\"http:\/\/www.w3.org\/2000\/svg\" width=\"16\" height=\"16\" viewBox=\"0 0 16 16\">     <path fill=\"#00857C\" d=\"M2.556 3.894v9.326h10.888V3.894H15v9.326c0 .863-.7 1.555-1.556 1.555H2.556A1.555 1.555 0 0 1 1 13.22V3.894h1.556zM8.924.775v8.59L10.9 7.391l1.1 1.1-3.85 3.85-3.85-3.85 1.1-1.1 1.974 1.974V.775h1.551z\"> <\/path><\/svg> Download<\/a><\/p>\n\n\n\n<hr class=\"wp-block-separator has-css-opacity is-style-wide\"\/>\n\n\n\n<p class=\"has-text-align-center\"><em>Le laur\u00e9at du D\u00e9fi de l\u2019innovation contre le cancer du poumon de Merck&nbsp;Canada et de MaRS publie de nouvelles donn\u00e9es d\u00e9montrant une am\u00e9lioration importante de l\u2019acc\u00e8s rapide aux soins des patients chez qui l\u2019on soup\u00e7onne un cancer du poumon.<\/em><\/p>\n\n\n\n<p><strong>KIRKLAND, Qu\u00e9bec, le 2 ao\u00fbt&nbsp;2023<\/strong> &#8211; Merck&nbsp;Canada est fi\u00e8re de publier les nouvelles donn\u00e9es de l\u2019\u00e9quipe gagnante du Centre des sciences de la sant\u00e9 de Kingston, un peu plus de deux ans apr\u00e8s avoir mis au d\u00e9fi des innovateurs \u00e9tablis en Ontario de trouver des solutions qui contribuent \u00e0 faire \u00e9voluer le parcours des patients atteints d\u2019un cancer du poumon par l\u2019am\u00e9lioration de la rapidit\u00e9 des soins. Les donn\u00e9es r\u00e9v\u00e8lent la grande port\u00e9e de la solution gagnante du D\u00e9fi, dont l\u2019objectif est d\u2019\u00e9largir le Programme d\u2019\u00e9valuation diagnostique du poumon par la mise en place d\u2019une clinique de proximit\u00e9 bas\u00e9e au Lennox and Addington County General Hospital (LACGH) \u00e0 Napanee, en Ontario.<\/p>\n\n\n\n<p>Relevant du LACGH et administr\u00e9e par le Centre des sciences de la sant\u00e9 de Kingston, la clinique de proximit\u00e9 du Programme r\u00e9alise des \u00e9valuations rapides chez des patients du sud-est de l\u2019Ontario chez qui l\u2019on soup\u00e7onne un cancer du poumon. Gr\u00e2ce \u00e0 cette clinique de proximit\u00e9, les patients orient\u00e9s vers le Programme pour subir une \u00e9valuation en raison d\u2019un cancer du poumon soup\u00e7onn\u00e9 et qui habitent \u00e0 Napanee ou un peu plus \u00e0 l\u2019ouest de l\u2019Ontario peuvent maintenant obtenir une premi\u00e8re consultation avec un pneumologue au LACGH. Ils n\u2019ont plus besoin de se rendre au Centre des sciences de la sant\u00e9 de Kingston.<br><br>Depuis l\u2019ouverture de la clinique de proximit\u00e9 en novembre&nbsp;2021, le Programme a concr\u00e8tement am\u00e9lior\u00e9 l\u2019acc\u00e8s \u00e0 des soins sp\u00e9cialis\u00e9s contre le cancer du poumon d\u2019un nombre croissant de patients qui habitent dans la r\u00e9gion rurale du sud-est de l\u2019Ontario.<br><br><strong>Donn\u00e9es sur la port\u00e9e de la clinique de proximit\u00e9 du Programme d\u2019\u00e9valuation diagnostique du poumon&nbsp;: <\/strong><\/p>\n\n\n\n<ul class=\"wp-block-list\">\n<li>La clinique de proximit\u00e9 a accru la capacit\u00e9 d\u2019\u00e9valuation du Programme, permettant ainsi d\u2019offrir des services \u00e0 88&nbsp;patients de plus (soit 16&nbsp;% de tous les patients de la r\u00e9gion qui ont fait l\u2019objet d\u2019une \u00e9valuation dans le cadre du Programme).<\/li>\n\n\n\n<li>Le temps \u00e9coul\u00e9 entre l\u2019orientation des patients et l\u2019\u00e9valuation faite par un sp\u00e9cialiste a baiss\u00e9, pour passer d\u2019une moyenne de 22&nbsp;\u00e0 14&nbsp;jours.<\/li>\n\n\n\n<li>Le temps \u00e9coul\u00e9 entre l\u2019orientation des patients et le diagnostic s\u2019est am\u00e9lior\u00e9, pour passer d\u2019une moyenne de 42&nbsp;\u00e0 29&nbsp;jours chez tous les patients \u00e9valu\u00e9s dans le cadre du Programme, et de 40&nbsp;\u00e0 21&nbsp;jours chez les patients atteints d\u2019un cancer du poumon.<\/li>\n<\/ul>\n\n\n\n<p>Le cancer du poumon et des bronches est le type de cancer le plus courant au Canada, \u00e0 l\u2019exception des cancers de la peau sans pr\u00e9sence de m\u00e9lanome. Il constitue la principale cause de d\u00e9c\u00e8s attribuable \u00e0 un cancer \u00e0 l\u2019\u00e9chelle nationale<sup>1<\/sup>. Les sympt\u00f4mes du cancer du poumon passent souvent inaper\u00e7us aux premiers stades, et environ la moiti\u00e9 des cas de cancer du poumon sont diagnostiqu\u00e9s au stade&nbsp;4, ce qui r\u00e9duit encore plus les chances de survie<sup>2<\/sup>. En outre, les populations rurales peuvent avoir plus de difficult\u00e9 \u00e0 avoir acc\u00e8s aux syst\u00e8mes de sant\u00e9 et aux professionnels de la sant\u00e9. Les taux de mortalit\u00e9 et d\u2019incidence du cancer du poumon \u00e0 un stade avanc\u00e9 sont plus \u00e9lev\u00e9s chez les populations rurales que chez les populations urbaines<sup>3<\/sup>.<\/p>\n\n\n\n<p>\u00ab&nbsp;Nous devons accorder la priorit\u00e9 \u00e0 l\u2019acc\u00e8s des Ontariens atteints d\u2019un cancer du poumon \u00e0 des soins de grande qualit\u00e9 rapidement, en particulier les groupes de patients prioritaires, comme les populations rurales et d\u00e9favoris\u00e9es sur le plan socio-\u00e9conomique. Nos donn\u00e9es nous montrent qu\u2019il est possible d\u2019offrir des soins sp\u00e9cialis\u00e9s \u00e0 la collectivit\u00e9, et ce, pr\u00e8s du foyer des patients&nbsp;\u00bb, fait remarquer la D<sup>re<\/sup>&nbsp;Genevi\u00e8ve&nbsp;Digby, responsable clinique de la clinique de proximit\u00e9 du Programme d\u2019\u00e9valuation diagnostique du poumon. \u00ab&nbsp;Je suis fi\u00e8re de l\u2019\u00e9quipe du LACGH pour l\u2019effet transformateur que la clinique produit dans la r\u00e9gion.&nbsp;\u00bb<\/p>\n\n\n\n<p>\u00ab&nbsp;L\u2019\u00e9limination des obstacles qui peuvent dissuader les habitants de r\u00e9gions rurales d\u2019acc\u00e9der aux soins dont ils ont besoin et la capacit\u00e9 de d\u00e9tecter le cancer du poumon \u00e0 des stades plus pr\u00e9coces constituent d\u2019importants facteurs qui am\u00e9liorent les r\u00e9sultats chez les patients&nbsp;\u00bb, explique le D<sup>r<\/sup>&nbsp;Christopher&nbsp;Parker, pneumologue et responsable de la clinique de proximit\u00e9 du Programme d\u2019\u00e9valuation diagnostique du poumon. \u00ab&nbsp;Jusqu\u2019ici, nous r\u00e9ussissons \u00e0 combler l\u2019\u00e9cart qui s\u00e9pare le temps \u00e9coul\u00e9 entre l\u2019orientation des patients et le diagnostic de plus de deux semaines chez les patients atteints d\u2019un cancer du poumon. Nous allons continuer de saisir les occasions d\u2019innover et de mettre en \u0153uvre des solutions li\u00e9es aux syst\u00e8mes qui contribuent \u00e0 corriger les retards dans les soins contre le cancer du poumon.&nbsp;\u00bb<\/p>\n\n\n\n<p>\u00ab&nbsp;J\u2019esp\u00e8re que l\u2019effet constat\u00e9 jusqu\u2019ici \u00e0 la clinique de Napanee encouragera les \u00e9quipes en Ontario \u00e0 adopter et \u00e0 faire progresser leurs mod\u00e8les fond\u00e9s sur la collectivit\u00e9 pour mieux servir les groupes prioritaires de patients atteints d\u2019un cancer du poumon dans leur r\u00e9gion&nbsp;\u00bb, indique Krista&nbsp;Jones, responsable de la prestation de services chez MaRS Discovery District. \u00ab&nbsp;L\u2019Ontario regorge de talents exceptionnels en sciences de la vie et compte certains des innovateurs et des travailleurs de la sant\u00e9 les plus dou\u00e9s. Ce que la clinique de proximit\u00e9 du Programme d\u2019\u00e9valuation diagnostique du poumon a d\u00e9j\u00e0 r\u00e9ussi \u00e0 changer dans la collectivit\u00e9 locale en est la preuve. Je tiens \u00e0 remercier et \u00e0 f\u00e9liciter sinc\u00e8rement la D<sup>re<\/sup>&nbsp;Digby et son \u00e9quipe d\u2019avoir accept\u00e9 le d\u00e9fi de faire progresser des solutions novatrices applicables au parcours li\u00e9 au cancer du poumon. Il s\u2019agit d\u2019un excellent pas en avant pour les soins contre le cancer en Ontario qui montre l\u2019influence d\u00e9cisive des d\u00e9fis de l\u2019innovation comme celui que nous leur avons lanc\u00e9.&nbsp;\u00bb<\/p>\n\n\n\n<p>\u00ab&nbsp;Chaque jour compte lorsqu\u2019il s\u2019agit du cancer. Tous les patients devraient avoir acc\u00e8s \u00e0 des soins de grande qualit\u00e9 rapidement,&nbsp;\u00bb souligne Marwan&nbsp;Akar, directeur g\u00e9n\u00e9ral de Merck&nbsp;Canada. Nous sommes ravis du succ\u00e8s de la clinique de proximit\u00e9 du Programme d\u2019\u00e9valuation diagnostique du poumon qui d\u00e9coule de la prestation des soins sp\u00e9cialis\u00e9s prodigu\u00e9s par la D<sup>re<\/sup>&nbsp;Digby, le D<sup>r<\/sup>&nbsp;Parker et leur \u00e9quipe aux patients atteints d\u2019un cancer du poumon de collectivit\u00e9s mal desservies dans le sud-est de l\u2019Ontario.&nbsp;\u00bb<\/p>\n\n\n\n<p>Dans le cadre du D\u00e9fi de l\u2019innovation contre le cancer du poumon, la clinique a re\u00e7u le grand prix de 100&nbsp;000&nbsp;dollars canadiens offerts par Merck&nbsp;Canada et MaRS Discovery District, l\u2019objectif \u00e9tant de soutenir l\u2019expansion de la clinique du Centre des sciences de la sant\u00e9 de Kingston au LACGH. Pour obtenir de plus amples renseignements sur le D\u00e9fi de l\u2019innovation contre le cancer du poumon (lien en anglais)&nbsp;: <a href=\"https:\/\/challenges.marsdd.com\/challenge\/lungcancer\/\">https:\/\/challenges.marsdd.com\/challenge\/lungcancer\/<\/a>. <\/p>\n\n\n\n<p><strong>Donn\u00e9es suppl\u00e9mentaires de la clinique du Programme d\u2019\u00e9valuation diagnostique du poumon<\/strong><br>En&nbsp;2022, plus de 120&nbsp;patients ont fait l\u2019objet d\u2019une \u00e9valuation \u00e0 la nouvelle clinique du LACGH. En offrant un \u00e9tablissement suppl\u00e9mentaire pour l\u2019\u00e9valuation, la clinique de proximit\u00e9 du Programme a aussi accru la capacit\u00e9 clinique \u00e0 la clinique de Kingston. La distance de d\u00e9placement des patients a \u00e9t\u00e9 r\u00e9duite de 8&nbsp;856&nbsp;km, soit en moyenne 73,2&nbsp;km par patient. La r\u00e9duction des frais de d\u00e9placement et de stationnement a permis aux patients d\u2019\u00e9conomiser au total 5&nbsp;755,60&nbsp;$, soit en moyenne 47,60&nbsp;$ par patient. Au total, la distance de d\u00e9placement des m\u00e9decins de Kingston \u00e0 Napanee a \u00e9t\u00e9 r\u00e9duite de 5&nbsp;688&nbsp;km, ce qui repr\u00e9sente une \u00e9conomie totale d\u2019\u00e9missions de CO<sub>2<\/sub> d\u2019environ 1,9&nbsp;tonne.<\/p>\n\n\n\n<p><br><strong>\u00c0 propos de Merck<\/strong><br>Chez Merck, connue sous le nom de MSD \u00e0 l\u2019ext\u00e9rieur des \u00c9tats-Unis et du Canada, nous avons un but commun\u00a0: tirer parti des puissantes avanc\u00e9es scientifiques pour sauver et am\u00e9liorer des vies dans le monde entier. Depuis plus de 130\u00a0ans, nous donnons espoir \u00e0 l\u2019humanit\u00e9 en mettant au point des m\u00e9dicaments et des vaccins importants. Nous aspirons \u00e0 devenir la premi\u00e8re soci\u00e9t\u00e9 biopharmaceutique de recherche intensive au monde\u00a0\u2013 et nous sommes aujourd\u2019hui \u00e0 l\u2019avant-garde de la recherche, offrant des solutions de sant\u00e9 innovatrices qui font progresser la pr\u00e9vention et le traitement des maladies chez les humains et les animaux. Nous favorisons une main-d\u2019\u0153uvre diversifi\u00e9e et inclusive \u00e0 l\u2019\u00e9chelle mondiale et exer\u00e7ons nos activit\u00e9s de fa\u00e7on responsable, chaque jour, pour assurer un avenir s\u00fbr, durable et sain pour tous les gens et toutes les collectivit\u00e9s. Pour de plus amples renseignements \u00e0 propos de nos activit\u00e9s au Canada, visitez le site <a href=\"http:\/\/www.merck.ca\/fr\">www.merck.ca\/fr<\/a> et suivez-nous sur <a href=\"https:\/\/www.linkedin.com\/company\/merck\/\">LinkedIn<\/a> @MerckCanada_FR.<\/p>\n\n\n\n<p><strong>L\u2019engagement de Merck en mati\u00e8re d\u2019oncologie<\/strong><br>Pour cr\u00e9er un monde o\u00f9 les patients ne craignent plus un diagnostic de cancer, Merck s\u2019efforce d\u2019offrir des solutions innovatrices qui am\u00e9liorent la vie des patients et leur permettent de vivre plus longtemps. Des derni\u00e8res perc\u00e9es en immuno-oncologie \u00e0 notre p\u00e9pini\u00e8re de m\u00e9dicaments novateurs, nous travaillons tous les jours \u00e0 transformer le traitement du cancer et \u00e0 rendre ces solutions accessibles aux patients qui en ont le plus besoin. Sachant que cela va au-del\u00e0 de la m\u00e9decine, nous collaborons avec l\u2019ensemble de la communaut\u00e9 de l\u2019oncologie pour surmonter les obstacles qui se dressent sur le parcours du patient et d\u00e9couvrir comment les diff\u00e9rents points de contact recoupent les besoins et le mode de vie des patients. Nous abordons notre travail d\u2019un point de vue global qui va au-del\u00e0 du traitement, tirant parti de notre passion et de notre expertise pour contribuer \u00e0 am\u00e9liorer la vie des Canadiens.<\/p>\n\n\n\n<h2 class=\"wp-block-heading has-text-align-center has-medium-font-size\">###<\/h2>\n\n\n\n<p><strong>R\u00e9f\u00e9rences<\/strong><\/p>\n\n\n\n<hr class=\"wp-block-separator has-css-opacity is-style-wide\"\/>\n\n\n\n<p class=\"has-small-font-size\"><sup>1 <\/sup>Soci\u00e9t\u00e9 canadienne du cancer. Statistiques sur le cancer du poumon et des bronches. Consult\u00e9 le 5&nbsp;juillet&nbsp;2023. Accessible \u00e0&nbsp;: <a href=\"https:\/\/cancer.ca\/fr\/cancer-information\/cancer-types\/lung\/statistics\">https:\/\/cancer.ca\/fr\/cancer-information\/cancer-types\/lung\/statistics<\/a>.<br><sup>2 <\/sup>Soci\u00e9t\u00e9 canadienne du cancer. Statistiques canadiennes sur le cancer&nbsp;: Un rapport sp\u00e9cial de&nbsp;2020 sur le cancer du poumon. Consult\u00e9 le 5&nbsp;juillet&nbsp;2023. Accessible \u00e0&nbsp;: <a href=\"https:\/\/cdn.cancer.ca\/-\/media\/files\/cancer-information\/resources\/publications\/2020-canadian-cancer-statistics-special-report\/2020-canadian-cancer-statistics-special-report-fr.pdf?rev=4b89d1d582234f79876b433537153de1&amp;hash=97D04BA62BFA50A5817C1D137826F36B&amp;_ga=2.63993583.13992930.1625844051-1044845953.1625844051#:~:text=Lung%20cancer%20is%20projected%20to,of%20all%20types%20of%20cancer\">https:\/\/cdn.cancer.ca\/-\/media\/files\/cancer-information\/resources\/publications\/2020-canadian-cancer-statistics-special-report\/2020-canadian-cancer-statistics-special-report-fr.pdf?rev=4b89d1d582234f79876b433537153de1&amp;hash=97D04BA62BFA50A5817C1D137826F36B&amp;_ga=2.63993583.13992930.1625844051-1044845953.1625844051<\/a>.<br><sup>3 <\/sup>Jenkins&nbsp;WD, Matthews&nbsp;AK, Bailey&nbsp;A, <em>et al.<\/em> Rural areas are disproportionately impacted by smoking and lung cancer. Preventive medicine reports 2018. Consult\u00e9 le 5&nbsp;juillet&nbsp;2023. Accessible \u00e0&nbsp;: <a href=\"https:\/\/www.ncbi.nlm.nih.gov\/pmc\/articles\/PMC5984228\/.\">https:\/\/www.ncbi.nlm.nih.gov\/pmc\/articles\/PMC5984228\/.<\/a><br><br>CA-NON-02774<\/p>\n\n\n\n<p class=\"has-small-font-size\"><br><\/p>\n","protected":false},"excerpt":{"rendered":"<p>La clinique de proximit\u00e9 du Programme d\u2019\u00e9valuation diagnostique du poumon \u00e0 Napanee, en Ontario, acc\u00e9l\u00e8re l\u2019\u00e9valuation et le diagnostic des patients atteints d\u2019un cancer du poumon Download Le laur\u00e9at du D\u00e9fi de l\u2019innovation contre le cancer du poumon de Merck&nbsp;Canada et de MaRS publie de nouvelles donn\u00e9es d\u00e9montrant une am\u00e9lioration importante de l\u2019acc\u00e8s rapide aux [&hellip;]<\/p>\n","protected":false},"author":138,"featured_media":0,"parent":2059,"menu_order":0,"comment_status":"closed","ping_status":"closed","template":"","meta":{"_acf_changed":false,"bdl_company_name":[],"bdl_item_external_link":[],"editor_notices":[],"footnotes":""},"class_list":["post-5819","page","type-page","status-publish","hentry"],"yoast_head":"<!-- This site is optimized with the Yoast SEO plugin v21.9.1 - https:\/\/yoast.com\/wordpress\/plugins\/seo\/ -->\n<title>La clinique de proximit\u00e9 du Programme d\u2019\u00e9valuation diagnostique du poumon \u00e0 Napanee, en Ontario | Merck Canada<\/title>\n<meta name=\"description\" content=\"Le laur\u00e9at du D\u00e9fi de l\u2019innovation contre le cancer du poumon de Merck\u00a0Canada et de MaRS publie de nouvelles donn\u00e9es d\u00e9montrant une am\u00e9lioration importante de l\u2019acc\u00e8s rapide aux soins des patients chez qui l\u2019on soup\u00e7onne un cancer du poumon.\" \/>\n<meta name=\"robots\" content=\"index, follow, max-snippet:-1, max-image-preview:large, max-video-preview:-1\" \/>\n<link rel=\"canonical\" href=\"https:\/\/www.merck.ca\/fr\/newsroom\/la-clinique-de-proximite-du-programme-devaluation-diagnostique-du-poumon-a-napanee-en-ontario\/\" \/>\n<meta property=\"og:locale\" content=\"en_US\" \/>\n<meta property=\"og:type\" content=\"article\" \/>\n<meta property=\"og:title\" content=\"La clinique de proximit\u00e9 du Programme d\u2019\u00e9valuation diagnostique du poumon \u00e0 Napanee, en Ontario | Merck Canada\" \/>\n<meta property=\"og:description\" content=\"Le laur\u00e9at du D\u00e9fi de l\u2019innovation contre le cancer du poumon de Merck\u00a0Canada et de MaRS publie de nouvelles donn\u00e9es d\u00e9montrant une am\u00e9lioration importante de l\u2019acc\u00e8s rapide aux soins des patients chez qui l\u2019on soup\u00e7onne un cancer du poumon.\" \/>\n<meta property=\"og:url\" content=\"https:\/\/www.merck.ca\/fr\/newsroom\/la-clinique-de-proximite-du-programme-devaluation-diagnostique-du-poumon-a-napanee-en-ontario\/\" \/>\n<meta property=\"og:site_name\" content=\"MCC Canada French\" \/>\n<meta property=\"article:modified_time\" content=\"2025-03-19T13:26:05+00:00\" \/>\n<meta name=\"twitter:card\" content=\"summary_large_image\" \/>\n<meta name=\"twitter:label1\" content=\"Est. reading time\" \/>\n\t<meta name=\"twitter:data1\" content=\"8 minutes\" \/>\n<script type=\"application\/ld+json\" class=\"yoast-schema-graph\">{\"@context\":\"https:\/\/schema.org\",\"@graph\":[{\"@type\":\"WebPage\",\"@id\":\"https:\/\/www.merck.ca\/fr\/newsroom\/la-clinique-de-proximite-du-programme-devaluation-diagnostique-du-poumon-a-napanee-en-ontario\/\",\"url\":\"https:\/\/www.merck.ca\/fr\/newsroom\/la-clinique-de-proximite-du-programme-devaluation-diagnostique-du-poumon-a-napanee-en-ontario\/\",\"name\":\"La clinique de proximit\u00e9 du Programme d\u2019\u00e9valuation diagnostique du poumon \u00e0 Napanee, en Ontario | Merck Canada\",\"isPartOf\":{\"@id\":\"https:\/\/www.merck.ca\/fr\/#website\"},\"datePublished\":\"2023-08-03T19:47:58+00:00\",\"dateModified\":\"2025-03-19T13:26:05+00:00\",\"description\":\"Le laur\u00e9at du D\u00e9fi de l\u2019innovation contre le cancer du poumon de Merck\u00a0Canada et de MaRS publie de nouvelles donn\u00e9es d\u00e9montrant une am\u00e9lioration importante de l\u2019acc\u00e8s rapide aux soins des patients chez qui l\u2019on soup\u00e7onne un cancer du poumon.\",\"breadcrumb\":{\"@id\":\"https:\/\/www.merck.ca\/fr\/newsroom\/la-clinique-de-proximite-du-programme-devaluation-diagnostique-du-poumon-a-napanee-en-ontario\/#breadcrumb\"},\"inLanguage\":\"en-US\",\"potentialAction\":[{\"@type\":\"ReadAction\",\"target\":[\"https:\/\/www.merck.ca\/fr\/newsroom\/la-clinique-de-proximite-du-programme-devaluation-diagnostique-du-poumon-a-napanee-en-ontario\/\"]}]},{\"@type\":\"BreadcrumbList\",\"@id\":\"https:\/\/www.merck.ca\/fr\/newsroom\/la-clinique-de-proximite-du-programme-devaluation-diagnostique-du-poumon-a-napanee-en-ontario\/#breadcrumb\",\"itemListElement\":[{\"@type\":\"ListItem\",\"position\":1,\"name\":\"Salle de presse\",\"item\":\"https:\/\/www.merck.ca\/fr\/newsroom\/\"},{\"@type\":\"ListItem\",\"position\":2,\"name\":\"La clinique de proximit\u00e9 du Programme d\u2019\u00e9valuation diagnostique du poumon \u00e0 Napanee, en Ontario\"}]},{\"@type\":\"WebSite\",\"@id\":\"https:\/\/www.merck.ca\/fr\/#website\",\"url\":\"https:\/\/www.merck.ca\/fr\/\",\"name\":\"MCC Canada French\",\"description\":\"Merck.ca\",\"potentialAction\":[{\"@type\":\"SearchAction\",\"target\":{\"@type\":\"EntryPoint\",\"urlTemplate\":\"https:\/\/www.merck.ca\/fr\/?s={search_term_string}\"},\"query-input\":\"required name=search_term_string\"}],\"inLanguage\":\"en-US\"}]}<\/script>\n<!-- \/ Yoast SEO plugin. -->","yoast_head_json":{"title":"La clinique de proximit\u00e9 du Programme d\u2019\u00e9valuation diagnostique du poumon \u00e0 Napanee, en Ontario | Merck Canada","description":"Le laur\u00e9at du D\u00e9fi de l\u2019innovation contre le cancer du poumon de Merck\u00a0Canada et de MaRS publie de nouvelles donn\u00e9es d\u00e9montrant une am\u00e9lioration importante de l\u2019acc\u00e8s rapide aux soins des patients chez qui l\u2019on soup\u00e7onne un cancer du poumon.","robots":{"index":"index","follow":"follow","max-snippet":"max-snippet:-1","max-image-preview":"max-image-preview:large","max-video-preview":"max-video-preview:-1"},"canonical":"https:\/\/www.merck.ca\/fr\/newsroom\/la-clinique-de-proximite-du-programme-devaluation-diagnostique-du-poumon-a-napanee-en-ontario\/","og_locale":"en_US","og_type":"article","og_title":"La clinique de proximit\u00e9 du Programme d\u2019\u00e9valuation diagnostique du poumon \u00e0 Napanee, en Ontario | Merck Canada","og_description":"Le laur\u00e9at du D\u00e9fi de l\u2019innovation contre le cancer du poumon de Merck\u00a0Canada et de MaRS publie de nouvelles donn\u00e9es d\u00e9montrant une am\u00e9lioration importante de l\u2019acc\u00e8s rapide aux soins des patients chez qui l\u2019on soup\u00e7onne un cancer du poumon.","og_url":"https:\/\/www.merck.ca\/fr\/newsroom\/la-clinique-de-proximite-du-programme-devaluation-diagnostique-du-poumon-a-napanee-en-ontario\/","og_site_name":"MCC Canada French","article_modified_time":"2025-03-19T13:26:05+00:00","twitter_card":"summary_large_image","twitter_misc":{"Est. reading time":"8 minutes"},"schema":{"@context":"https:\/\/schema.org","@graph":[{"@type":"WebPage","@id":"https:\/\/www.merck.ca\/fr\/newsroom\/la-clinique-de-proximite-du-programme-devaluation-diagnostique-du-poumon-a-napanee-en-ontario\/","url":"https:\/\/www.merck.ca\/fr\/newsroom\/la-clinique-de-proximite-du-programme-devaluation-diagnostique-du-poumon-a-napanee-en-ontario\/","name":"La clinique de proximit\u00e9 du Programme d\u2019\u00e9valuation diagnostique du poumon \u00e0 Napanee, en Ontario | Merck Canada","isPartOf":{"@id":"https:\/\/www.merck.ca\/fr\/#website"},"datePublished":"2023-08-03T19:47:58+00:00","dateModified":"2025-03-19T13:26:05+00:00","description":"Le laur\u00e9at du D\u00e9fi de l\u2019innovation contre le cancer du poumon de Merck\u00a0Canada et de MaRS publie de nouvelles donn\u00e9es d\u00e9montrant une am\u00e9lioration importante de l\u2019acc\u00e8s rapide aux soins des patients chez qui l\u2019on soup\u00e7onne un cancer du poumon.","breadcrumb":{"@id":"https:\/\/www.merck.ca\/fr\/newsroom\/la-clinique-de-proximite-du-programme-devaluation-diagnostique-du-poumon-a-napanee-en-ontario\/#breadcrumb"},"inLanguage":"en-US","potentialAction":[{"@type":"ReadAction","target":["https:\/\/www.merck.ca\/fr\/newsroom\/la-clinique-de-proximite-du-programme-devaluation-diagnostique-du-poumon-a-napanee-en-ontario\/"]}]},{"@type":"BreadcrumbList","@id":"https:\/\/www.merck.ca\/fr\/newsroom\/la-clinique-de-proximite-du-programme-devaluation-diagnostique-du-poumon-a-napanee-en-ontario\/#breadcrumb","itemListElement":[{"@type":"ListItem","position":1,"name":"Salle de presse","item":"https:\/\/www.merck.ca\/fr\/newsroom\/"},{"@type":"ListItem","position":2,"name":"La clinique de proximit\u00e9 du Programme d\u2019\u00e9valuation diagnostique du poumon \u00e0 Napanee, en Ontario"}]},{"@type":"WebSite","@id":"https:\/\/www.merck.ca\/fr\/#website","url":"https:\/\/www.merck.ca\/fr\/","name":"MCC Canada French","description":"Merck.ca","potentialAction":[{"@type":"SearchAction","target":{"@type":"EntryPoint","urlTemplate":"https:\/\/www.merck.ca\/fr\/?s={search_term_string}"},"query-input":"required name=search_term_string"}],"inLanguage":"en-US"}]}},"acf":[],"_links":{"self":[{"href":"https:\/\/www.merck.ca\/fr\/wp-json\/wp\/v2\/pages\/5819","targetHints":{"allow":["GET"]}}],"collection":[{"href":"https:\/\/www.merck.ca\/fr\/wp-json\/wp\/v2\/pages"}],"about":[{"href":"https:\/\/www.merck.ca\/fr\/wp-json\/wp\/v2\/types\/page"}],"author":[{"embeddable":true,"href":"https:\/\/www.merck.ca\/fr\/wp-json\/wp\/v2\/users\/138"}],"replies":[{"embeddable":true,"href":"https:\/\/www.merck.ca\/fr\/wp-json\/wp\/v2\/comments?post=5819"}],"version-history":[{"count":6,"href":"https:\/\/www.merck.ca\/fr\/wp-json\/wp\/v2\/pages\/5819\/revisions"}],"predecessor-version":[{"id":7649,"href":"https:\/\/www.merck.ca\/fr\/wp-json\/wp\/v2\/pages\/5819\/revisions\/7649"}],"up":[{"embeddable":true,"href":"https:\/\/www.merck.ca\/fr\/wp-json\/wp\/v2\/pages\/2059"}],"wp:attachment":[{"href":"https:\/\/www.merck.ca\/fr\/wp-json\/wp\/v2\/media?parent=5819"}],"curies":[{"name":"wp","href":"https:\/\/api.w.org\/{rel}","templated":true}]}}