{"id":5179,"date":"2022-09-27T22:02:52","date_gmt":"2022-09-27T22:02:52","guid":{"rendered":"https:\/\/www.merck.ca\/fr\/?page_id=5179"},"modified":"2025-08-01T20:20:10","modified_gmt":"2025-08-01T20:20:10","slug":"ressources-a-lintention-des-demandeurs","status":"publish","type":"page","link":"https:\/\/www.merck.ca\/fr\/ressources-a-lintention-des-demandeurs\/","title":{"rendered":"Ressources \u00e0 l\u2019intention des demandeurs\ufffc"},"content":{"rendered":"\n<div id=\"mco-b2-hero-block-block_2b91cc71270d3a12ea21d8a5acd34110\" class=\"mco-b2-hero-block full mccberg-block\">\n    <div class=\"mco-b2-hero-block-wrapper\">\n        <div class=\"mco-b2-hero-block-image-section \">\n\n                            <div class=\"mco-b2-hero-block-image-container \">\n                    <picture >\n\t<source media=\"(max-width: 767px)\" data-srcset=\"https:\/\/www.merck.ca\/fr\/wp-content\/uploads\/sites\/83\/2025\/08\/AdobeStock_277285228_6182f2.jpeg?w=768\" srcset=\"https:\/\/www.merck.ca\/fr\/wp-content\/uploads\/sites\/83\/2025\/08\/AdobeStock_277285228_6182f2.jpeg?w=768\" >\n<source media=\"(min-width: 768px) and (max-width: 1199px)\" data-srcset=\"https:\/\/www.merck.ca\/fr\/wp-content\/uploads\/sites\/83\/2025\/08\/AdobeStock_277285228_6182f2.jpeg?h=768\" srcset=\"https:\/\/www.merck.ca\/fr\/wp-content\/uploads\/sites\/83\/2025\/08\/AdobeStock_277285228_6182f2.jpeg?h=768\" >\n<source media=\"(min-width: 1200px) and (max-width: 1919px)\" data-srcset=\"https:\/\/www.merck.ca\/fr\/wp-content\/uploads\/sites\/83\/2025\/08\/AdobeStock_277285228_6182f2.jpeg?w=1200\" srcset=\"https:\/\/www.merck.ca\/fr\/wp-content\/uploads\/sites\/83\/2025\/08\/AdobeStock_277285228_6182f2.jpeg?w=1200\" >\n<source media=\"(min-width: 1920px)\" data-srcset=\"https:\/\/www.merck.ca\/fr\/wp-content\/uploads\/sites\/83\/2025\/08\/AdobeStock_277285228_6182f2.jpeg?w=1920\" srcset=\"https:\/\/www.merck.ca\/fr\/wp-content\/uploads\/sites\/83\/2025\/08\/AdobeStock_277285228_6182f2.jpeg?w=1920\" >\n\t<img data-src=\"https:\/\/www.merck.ca\/fr\/wp-content\/uploads\/sites\/83\/2025\/08\/AdobeStock_277285228_6182f2.jpeg?w=1920\" alt=\"\" class=\"eager \" loading=\"eager\" \/>\n<\/picture>                                    <\/div>\n                        <div class=\"mco-b2-hero-block-image-container-two\">\n                            <\/div>\n        <\/div>\n\n        <div class=\"mco-b2-hero-block-content-section\">\n                        \n                            <h1>Ressources \u00e0 l\u2019intention des demandeurs<\/h1>\n            \n                            <div class=\"mco-b2-hero-block-description\"><p>Vous utilisez le syst\u00e8me de demande de commandite pour la premi\u00e8re fois? Vous ne savez pas si votre organisation ou vos activit\u00e9s sont admissibles au financement? Les ressources suivantes vous aideront au cours du processus de demande de commandite.<\/p>\n<\/div>\n            \n                    <\/div>\n    <\/div>\n\n    \n<\/div>\n\n\n\n<style>\n.gap0{gap:0em !important;}\n.cta-description{padding: 5px 25px;}\n.video {\n    padding: 1rem 5rem;\n}\n.green {\n    background: #00857c;\n    margin-bottom: 5rem;\n    padding: 2rem 5rem 3rem;\n    color: #fff;\n}\n.green ul li::before {\n    color: #fff !important;\n}\n<\/style>\n\n\n\n<div class=\"wp-block-columns gap0 is-layout-flex wp-container-core-columns-is-layout-9d6595d7 wp-block-columns-is-layout-flex\">\n<div class=\"wp-block-column is-layout-flow wp-block-column-is-layout-flow\">\n    <div id=\"mcc-cta-block-block_4c3d3e0eb5520e886d179966e51d2260\" class=\"mcc-cta-block mccberg-block justify-center positive\">\n                    <a\n                    class=\"mcc-cta-block-cta-btn btn primary\"\n                    href=\"https:\/\/www.merck.ca\/fr\/wp-content\/uploads\/sites\/83\/2025\/01\/Merck-Canada-Sponsorship-Portal-User-Guide-FR.pdf\"\n                    title=\"Guide de l\u2019utilisateur\"\n                    target=\"_blank\"\n\t                            >Guide de l\u2019utilisateur<\/a>\n        \n            <\/div>\n\n\n\n\n<p class=\"has-text-align-center cta-description\">Votre guide pour comprendre le processus de commandite de Merck Canada, y compris les diff\u00e9rentes \u00e9tapes, les \u00e9l\u00e9ments \u00e0 prendre en compte avant votre soumission, \u00e0 quoi s&#8217;attendre, ainsi qu&#8217;une FAQ<\/p>\n<\/div>\n\n\n\n<div class=\"wp-block-column is-layout-flow wp-block-column-is-layout-flow\">\n    <div id=\"mcc-cta-block-block_952c95484a4184ee874537ad35e465c5\" class=\"mcc-cta-block mccberg-block justify-center positive\">\n                    <a\n                    class=\"mcc-cta-block-cta-btn btn primary\"\n                    href=\"https:\/\/www.merck.ca\/fr\/wp-content\/uploads\/sites\/83\/2025\/01\/Merck-Canada-Sponsorship-Portal-Submission-Guide-FR.pdf\"\n                    title=\"Guide de soumission\"\n                    target=\"_blank\"\n\t                            >Guide de soumission<\/a>\n        \n            <\/div>\n\n\n\n\n<p class=\"has-text-align-center cta-description\">Votre guide pour utiliser le portail de commandite de Merck Canada, un tutoriel \u00e9tape par \u00e9tape sur la fa\u00e7on de soumettre votre demande<\/p>\n<\/div>\n\n\n\n<div class=\"wp-block-column is-layout-flow wp-block-column-is-layout-flow\">\n    <div id=\"mcc-cta-block-block_e144c20ef4f01f4a110ab378b34b276b\" class=\"mcc-cta-block mccberg-block justify-center positive\">\n                    <a\n                    class=\"mcc-cta-block-cta-btn btn primary\"\n                    href=\"https:\/\/merckcanadagfms.my.site.com\/sponsorship\/s\/login\/?language=fr_CA\"\n                    title=\"Soumettre une demande en ligne\"\n                    target=\"_self\"\n\t                            >Soumettre une demande en ligne<\/a>\n        \n            <\/div>\n\n<\/div>\n<\/div>\n\n\n\n<div class=\"wp-block-columns full green is-layout-flex wp-container-core-columns-is-layout-9d6595d7 wp-block-columns-is-layout-flex\">\n<div class=\"wp-block-column is-layout-flow wp-block-column-is-layout-flow\">\n<h4 class=\"wp-block-heading has-text-align-left\"><strong>Merck ne fournit pas de soutien quand la demande provient&nbsp;: <\/strong><\/h4>\n\n\n\n<ul class=\"wp-block-list\">\n<li>de tout individu;&nbsp;<\/li>\n\n\n\n<li>de toute soci\u00e9t\u00e9 d\u00e9tenue par un seul professionnel de la sant\u00e9 ou de tout individu;&nbsp;<\/li>\n\n\n\n<li>des organisations, campagnes et activit\u00e9s politiques;&nbsp;<\/li>\n\n\n\n<li>des organisations ou activit\u00e9s d\u2019aide mutuelle, syndicales ou de v\u00e9t\u00e9rans;&nbsp;<\/li>\n\n\n\n<li>des organismes religieux ou groupes dont les activit\u00e9s sont principalement d\u2019ordre confessionnel (les programmes ouverts \u00e0 la collectivit\u00e9 ou offrant un avantage pour la collectivit\u00e9 peuvent \u00eatre admissibles \u00e0 du financement);&nbsp;<\/li>\n\n\n\n<li>des organismes faisant de la discrimination en fonction de la race, du sexe, de l\u2019orientation sexuelle, de l\u2019\u00e9tat civil, de la religion, de l\u2019\u00e2ge, de la nationalit\u00e9 d\u2019origine, du statut de v\u00e9t\u00e9ran ou d\u2019un handicap ou tout autre motif de discrimination illicite.&nbsp;<\/li>\n<\/ul>\n<\/div>\n\n\n\n<div class=\"wp-block-column is-layout-flow wp-block-column-is-layout-flow\">\n<h4 class=\"wp-block-heading has-text-align-left\"><strong>Merck ne fournit pas de soutien pour&nbsp;: <\/strong><\/h4>\n\n\n\n<ul class=\"wp-block-list\">\n<li>inciter \u00e0 prescrire, recommander, fournir, administrer ou consommer nos produits dans le but de compenser des d\u00e9penses d\u2019affaires courantes ou normales;&nbsp;&nbsp;<\/li>\n\n\n\n<li>couvrir des d\u00e9penses en immobilisations, notamment pour la construction d\u2019installations ou la r\u00e9novation d\u2019un \u00e9tablissement existant; &nbsp;&nbsp;<\/li>\n\n\n\n<li>financer des services d\u00e9j\u00e0 couverts et rembours\u00e9s par les syst\u00e8mes de sant\u00e9 provinciaux ou f\u00e9d\u00e9raux ou des assureurs priv\u00e9s;&nbsp;<\/li>\n\n\n\n<li>soutenir des soins m\u00e9dicaux directs, y compris l\u2019achat de m\u00e9dicaments, de dispositifs ou de produits biologiques.<\/li>\n<\/ul>\n<\/div>\n\n\n\n<div class=\"wp-block-column is-layout-flow wp-block-column-is-layout-flow\">\n<h4 class=\"wp-block-heading has-text-align-left\"><strong>Vous aurez besoin des renseignements suivants pour remplir votre demande&nbsp;: <\/strong><\/h4>\n\n\n\n<ul class=\"wp-block-list\">\n<li>description de votre activit\u00e9 ou de votre \u00e9v\u00e9nement, y compris, la date, le lieu, etc.<\/li>\n\n\n\n<li>projet d\u2019ordre du jour des \u00e9v\u00e9nements<\/li>\n\n\n\n<li>ventilation budg\u00e9taire d\u00e9taill\u00e9e<\/li>\n<\/ul>\n<\/div>\n<\/div>\n","protected":false},"excerpt":{"rendered":"<p>Votre guide pour comprendre le processus de commandite de Merck Canada, y compris les diff\u00e9rentes \u00e9tapes, les \u00e9l\u00e9ments \u00e0 prendre en compte avant votre soumission, \u00e0 quoi s&#8217;attendre, ainsi qu&#8217;une FAQ Votre guide pour utiliser le portail de commandite de Merck Canada, un tutoriel \u00e9tape par \u00e9tape sur la fa\u00e7on de soumettre votre demande Merck [&hellip;]<\/p>\n","protected":false},"author":614,"featured_media":0,"parent":0,"menu_order":0,"comment_status":"closed","ping_status":"closed","template":"","meta":{"_acf_changed":false,"bdl_company_name":[],"bdl_item_external_link":[],"editor_notices":[],"footnotes":""},"class_list":["post-5179","page","type-page","status-publish","hentry"],"yoast_head":"<!-- This site is optimized with the Yoast SEO plugin v21.9.1 - https:\/\/yoast.com\/wordpress\/plugins\/seo\/ -->\n<title>Ressources \u00e0 l\u2019intention des demandeurs\ufffc - MCC Canada French<\/title>\n<meta name=\"description\" content=\"Chez Merck Canada, nous sommes inspir\u00e9s par une vision partag\u00e9e et une mission consistant \u00e0 sauver et am\u00e9liorer des vies. Voir notre mission, notre vision, nos valeurs et notre responsabilit\u00e9 d\u2019entreprise.\" \/>\n<meta name=\"robots\" content=\"index, follow, max-snippet:-1, max-image-preview:large, max-video-preview:-1\" \/>\n<link rel=\"canonical\" href=\"https:\/\/www.merck.ca\/fr\/ressources-a-lintention-des-demandeurs\/\" \/>\n<meta property=\"og:locale\" content=\"en_US\" \/>\n<meta property=\"og:type\" content=\"article\" \/>\n<meta property=\"og:title\" content=\"Ressources \u00e0 l\u2019intention des demandeurs\ufffc - MCC Canada French\" \/>\n<meta property=\"og:description\" content=\"Chez Merck Canada, nous sommes inspir\u00e9s par une vision partag\u00e9e et une mission consistant \u00e0 sauver et am\u00e9liorer des vies. Voir notre mission, notre vision, nos valeurs et notre responsabilit\u00e9 d\u2019entreprise.\" \/>\n<meta property=\"og:url\" content=\"https:\/\/www.merck.ca\/fr\/ressources-a-lintention-des-demandeurs\/\" \/>\n<meta property=\"og:site_name\" content=\"MCC Canada French\" \/>\n<meta property=\"article:modified_time\" content=\"2025-08-01T20:20:10+00:00\" \/>\n<meta name=\"twitter:card\" content=\"summary_large_image\" \/>\n<meta name=\"twitter:label1\" content=\"Est. reading time\" \/>\n\t<meta name=\"twitter:data1\" content=\"2 minutes\" \/>\n<script type=\"application\/ld+json\" class=\"yoast-schema-graph\">{\"@context\":\"https:\/\/schema.org\",\"@graph\":[{\"@type\":\"WebPage\",\"@id\":\"https:\/\/www.merck.ca\/fr\/ressources-a-lintention-des-demandeurs\/\",\"url\":\"https:\/\/www.merck.ca\/fr\/ressources-a-lintention-des-demandeurs\/\",\"name\":\"Ressources \u00e0 l\u2019intention des demandeurs\ufffc - MCC Canada French\",\"isPartOf\":{\"@id\":\"https:\/\/www.merck.ca\/fr\/#website\"},\"datePublished\":\"2022-09-27T22:02:52+00:00\",\"dateModified\":\"2025-08-01T20:20:10+00:00\",\"description\":\"Chez Merck Canada, nous sommes inspir\u00e9s par une vision partag\u00e9e et une mission consistant \u00e0 sauver et am\u00e9liorer des vies. Voir notre mission, notre vision, nos valeurs et notre responsabilit\u00e9 d\u2019entreprise.\",\"inLanguage\":\"en-US\",\"potentialAction\":[{\"@type\":\"ReadAction\",\"target\":[\"https:\/\/www.merck.ca\/fr\/ressources-a-lintention-des-demandeurs\/\"]}]},{\"@type\":\"WebSite\",\"@id\":\"https:\/\/www.merck.ca\/fr\/#website\",\"url\":\"https:\/\/www.merck.ca\/fr\/\",\"name\":\"MCC Canada French\",\"description\":\"Merck.ca\",\"potentialAction\":[{\"@type\":\"SearchAction\",\"target\":{\"@type\":\"EntryPoint\",\"urlTemplate\":\"https:\/\/www.merck.ca\/fr\/?s={search_term_string}\"},\"query-input\":\"required name=search_term_string\"}],\"inLanguage\":\"en-US\"}]}<\/script>\n<!-- \/ Yoast SEO plugin. -->","yoast_head_json":{"title":"Ressources \u00e0 l\u2019intention des demandeurs\ufffc - MCC Canada French","description":"Chez Merck Canada, nous sommes inspir\u00e9s par une vision partag\u00e9e et une mission consistant \u00e0 sauver et am\u00e9liorer des vies. Voir notre mission, notre vision, nos valeurs et notre responsabilit\u00e9 d\u2019entreprise.","robots":{"index":"index","follow":"follow","max-snippet":"max-snippet:-1","max-image-preview":"max-image-preview:large","max-video-preview":"max-video-preview:-1"},"canonical":"https:\/\/www.merck.ca\/fr\/ressources-a-lintention-des-demandeurs\/","og_locale":"en_US","og_type":"article","og_title":"Ressources \u00e0 l\u2019intention des demandeurs\ufffc - MCC Canada French","og_description":"Chez Merck Canada, nous sommes inspir\u00e9s par une vision partag\u00e9e et une mission consistant \u00e0 sauver et am\u00e9liorer des vies. Voir notre mission, notre vision, nos valeurs et notre responsabilit\u00e9 d\u2019entreprise.","og_url":"https:\/\/www.merck.ca\/fr\/ressources-a-lintention-des-demandeurs\/","og_site_name":"MCC Canada French","article_modified_time":"2025-08-01T20:20:10+00:00","twitter_card":"summary_large_image","twitter_misc":{"Est. reading time":"2 minutes"},"schema":{"@context":"https:\/\/schema.org","@graph":[{"@type":"WebPage","@id":"https:\/\/www.merck.ca\/fr\/ressources-a-lintention-des-demandeurs\/","url":"https:\/\/www.merck.ca\/fr\/ressources-a-lintention-des-demandeurs\/","name":"Ressources \u00e0 l\u2019intention des demandeurs\ufffc - MCC Canada French","isPartOf":{"@id":"https:\/\/www.merck.ca\/fr\/#website"},"datePublished":"2022-09-27T22:02:52+00:00","dateModified":"2025-08-01T20:20:10+00:00","description":"Chez Merck Canada, nous sommes inspir\u00e9s par une vision partag\u00e9e et une mission consistant \u00e0 sauver et am\u00e9liorer des vies. Voir notre mission, notre vision, nos valeurs et notre responsabilit\u00e9 d\u2019entreprise.","inLanguage":"en-US","potentialAction":[{"@type":"ReadAction","target":["https:\/\/www.merck.ca\/fr\/ressources-a-lintention-des-demandeurs\/"]}]},{"@type":"WebSite","@id":"https:\/\/www.merck.ca\/fr\/#website","url":"https:\/\/www.merck.ca\/fr\/","name":"MCC Canada French","description":"Merck.ca","potentialAction":[{"@type":"SearchAction","target":{"@type":"EntryPoint","urlTemplate":"https:\/\/www.merck.ca\/fr\/?s={search_term_string}"},"query-input":"required name=search_term_string"}],"inLanguage":"en-US"}]}},"acf":[],"_links":{"self":[{"href":"https:\/\/www.merck.ca\/fr\/wp-json\/wp\/v2\/pages\/5179","targetHints":{"allow":["GET"]}}],"collection":[{"href":"https:\/\/www.merck.ca\/fr\/wp-json\/wp\/v2\/pages"}],"about":[{"href":"https:\/\/www.merck.ca\/fr\/wp-json\/wp\/v2\/types\/page"}],"author":[{"embeddable":true,"href":"https:\/\/www.merck.ca\/fr\/wp-json\/wp\/v2\/users\/614"}],"replies":[{"embeddable":true,"href":"https:\/\/www.merck.ca\/fr\/wp-json\/wp\/v2\/comments?post=5179"}],"version-history":[{"count":18,"href":"https:\/\/www.merck.ca\/fr\/wp-json\/wp\/v2\/pages\/5179\/revisions"}],"predecessor-version":[{"id":8059,"href":"https:\/\/www.merck.ca\/fr\/wp-json\/wp\/v2\/pages\/5179\/revisions\/8059"}],"wp:attachment":[{"href":"https:\/\/www.merck.ca\/fr\/wp-json\/wp\/v2\/media?parent=5179"}],"curies":[{"name":"wp","href":"https:\/\/api.w.org\/{rel}","templated":true}]}}