{"id":4286,"date":"2022-04-22T04:07:11","date_gmt":"2022-04-22T04:07:11","guid":{"rendered":"https:\/\/www.merck.ca\/fr\/?page_id=4286"},"modified":"2026-02-23T17:47:54","modified_gmt":"2026-02-23T17:47:54","slug":"maladies-infectieuses","status":"publish","type":"page","link":"https:\/\/www.merck.ca\/fr\/recherche-et-produits\/maladies-infectieuses\/","title":{"rendered":"Maladies infectieuses"},"content":{"rendered":"\n<div id=\"mco-b2-hero-block-block_13353b5d38a42693c79b0d327aa3590f\" class=\"mco-b2-hero-block full mccberg-block\">\n    <div class=\"mco-b2-hero-block-wrapper\">\n        <div class=\"mco-b2-hero-block-image-section \">\n                            <div class=\"mco-b2-hero-block-image-container \">\n                    <picture >\n\t<source media=\"(max-width: 767px)\" data-srcset=\"https:\/\/www.merck.ca\/fr\/wp-content\/uploads\/sites\/83\/2021\/04\/Science-Visuals-Infectious-Disease-Virus-in-infected-organism-72469489-HI.jpg?w=768\" srcset=\"https:\/\/www.merck.ca\/fr\/wp-content\/uploads\/sites\/83\/2021\/04\/Science-Visuals-Infectious-Disease-Virus-in-infected-organism-72469489-HI.jpg?w=768\" >\n<source media=\"(min-width: 768px) and (max-width: 1199px)\" data-srcset=\"https:\/\/www.merck.ca\/fr\/wp-content\/uploads\/sites\/83\/2021\/04\/Science-Visuals-Infectious-Disease-Virus-in-infected-organism-72469489-HI.jpg?h=768\" srcset=\"https:\/\/www.merck.ca\/fr\/wp-content\/uploads\/sites\/83\/2021\/04\/Science-Visuals-Infectious-Disease-Virus-in-infected-organism-72469489-HI.jpg?h=768\" >\n<source media=\"(min-width: 1200px) and (max-width: 1919px)\" data-srcset=\"https:\/\/www.merck.ca\/fr\/wp-content\/uploads\/sites\/83\/2021\/04\/Science-Visuals-Infectious-Disease-Virus-in-infected-organism-72469489-HI.jpg?w=1200\" srcset=\"https:\/\/www.merck.ca\/fr\/wp-content\/uploads\/sites\/83\/2021\/04\/Science-Visuals-Infectious-Disease-Virus-in-infected-organism-72469489-HI.jpg?w=1200\" >\n<source media=\"(min-width: 1920px)\" data-srcset=\"https:\/\/www.merck.ca\/fr\/wp-content\/uploads\/sites\/83\/2021\/04\/Science-Visuals-Infectious-Disease-Virus-in-infected-organism-72469489-HI.jpg?w=1920\" srcset=\"https:\/\/www.merck.ca\/fr\/wp-content\/uploads\/sites\/83\/2021\/04\/Science-Visuals-Infectious-Disease-Virus-in-infected-organism-72469489-HI.jpg?w=1920\" >\n\t<img data-src=\"https:\/\/www.merck.ca\/fr\/wp-content\/uploads\/sites\/83\/2021\/04\/Science-Visuals-Infectious-Disease-Virus-in-infected-organism-72469489-HI.jpg?w=1920\" alt=\"\" class=\"eager \" loading=\"eager\" \/>\n<\/picture>                                    <\/div>\n                        <div class=\"mco-b2-hero-block-image-container-two\">\n                            <\/div>\n        <\/div>\n\n        <div class=\"mco-b2-hero-block-content-section\">\n            <nav class=\"breadcrumbs wrapper text-descriptive\"aria-label=\"Breadcrumbs\"><\/nav>            \n                            <h1>Maladies infectieuses<\/h1>\n            \n                            <div class=\"mco-b2-hero-block-description\"><p>Chaque ann\u00e9e, des millions de personnes meurent de maladies infectieuses.<\/p>\n<\/div>\n            \n                    <\/div>\n    <\/div>\n\n    \n<\/div>\n\n\n<div id=\"mco-title-block-block_9dd9c76966275b0cd91ce4779044d4e3\" \n\t class=\"mco-title-block mccberg-block aligncenter\" \n\t \t >\n\t<div class=\"wrapper\">\n\t\t<div class=\"mco-title-block-content\">\n\t\t\t\n\t\t\t<h2 class=\"mco-title-block-title\">Nos d\u00e9cennies de recherche sur les maladies infectieuses ont men\u00e9 \u00e0 des avanc\u00e9es scientifiques majeures.<\/h2>\n\n\t\t\t\t\t\t\t<p class=\"mco-title-block-description\"><p style=\"text-align: center\">Nous luttons contre les menaces mondiales en sant\u00e9 caus\u00e9es par les maladies infectieuses depuis plus de 100\u00a0ans. Qu\u2019il s\u2019agisse de la mise au point de l\u2019un des premiers antibiotiques, des premiers travaux dans le domaine des sciences sur le VIH ou de la lutte contre la COVID-19, nous avons toujours ax\u00e9 nos efforts sur la pr\u00e9vention et le traitement des maladies qui menacent les gens et les communaut\u00e9s partout dans le monde.<\/p>\n<p style=\"text-align: center\">Le monde compte sur nous pour proposer de nouvelles approches \u00e0 l\u2019\u00e9gard des maladies existantes, et notre travail est loin d\u2019\u00eatre termin\u00e9.<\/p>\n<\/p>\n\t\t\t\t\t\t\n\t\t\t\t\t<\/div>\n\t<\/div>\n<\/div>\n\n<div id=\"mco-title-block-block_87b4399a17205490c88c1b15ec8b81dc\" \n\t class=\"mco-title-block mccberg-block negative pull-up-stats mb-2 aligncenter\" \n\t \t >\n\t<div class=\"wrapper\">\n\t\t<div class=\"mco-title-block-content\">\n\t\t\t\n\t\t\t<h2 class=\"mco-title-block-title\">Notre travail dans le domaine des maladies infectieuses<\/h2>\n\n\t\t\t\t\t\t\n\t\t\t\t\t<\/div>\n\t<\/div>\n<\/div>\n\n\n<div class=\"wp-block-group\"><div class=\"wp-block-group__inner-container is-layout-flow wp-block-group-is-layout-flow\"><div id=\"stat-block-block_83363ae022fba79c04600da6121c4e5f\" class=\"stat-block mccberg-block\">\n    <div class=\"stat-block-content has-caption \">\n\n                <div class=\"stat-block-caption\"> <\/div>\n        \n        <div class=\"stat-block-statistic\">35<\/div>\n\n        <div class=\"stat-block-tablet-wrapper\">\n                        <p class=\"stat-block-description\">ann\u00e9es consacr\u00e9es \u00e0 la recherche pour aider \u00e0 combattre les d\u00e9fis de l\u2019\u00e9pid\u00e9mie du VIH<\/p>\n            \n                    <\/div>\n\n    <\/div>\n<\/div>\n\n<div id=\"stat-block-block_e335b7c56de5a71b51298b0f5ad80d09\" class=\"stat-block mccberg-block\">\n    <div class=\"stat-block-content has-caption \">\n\n                <div class=\"stat-block-caption\"> <\/div>\n        \n        <div class=\"stat-block-statistic\">1942<\/div>\n\n        <div class=\"stat-block-tablet-wrapper\">\n                        <p class=\"stat-block-description\">l\u2019ann\u00e9e o\u00f9 nous avons commenc\u00e9 \u00e0 produire la p\u00e9nicilline G<\/p>\n            \n                    <\/div>\n\n    <\/div>\n<\/div>\n\n<div id=\"stat-block-block_67dacdcd4b507c775e58899e9970f580\" class=\"stat-block mccberg-block\">\n    <div class=\"stat-block-content has-caption \">\n\n                <div class=\"stat-block-caption\">Plus de <\/div>\n        \n        <div class=\"stat-block-statistic\">70<\/div>\n\n        <div class=\"stat-block-tablet-wrapper\">\n                        <p class=\"stat-block-description\">programmes de gestion des anticrobiens lanc\u00e9s par les chercheurs et financ\u00e9s \u00e0 l&#8217;\u00e9chelle mondiale<\/p>\n            \n                    <\/div>\n\n    <\/div>\n<\/div><\/div><\/div>\n\n\n\n<div class=\"wp-block-columns border-top-1 is-layout-flex wp-container-core-columns-is-layout-9d6595d7 wp-block-columns-is-layout-flex\">\n<div class=\"wp-block-column is-layout-flow wp-block-column-is-layout-flow\" style=\"flex-basis:33.33%\">\n<h3 class=\"wp-block-heading\">VIH<\/h3>\n<\/div>\n\n\n\n<div class=\"wp-block-column is-layout-flow wp-block-column-is-layout-flow\" style=\"flex-basis:66.66%\">\n<p><strong>Notre h\u00e9ritage en mati\u00e8re de science novatrice sur le VIH se poursuit<\/strong><\/p>\n\n\n\n<p>Nous nous souvenons de l\u2019\u00e9poque o\u00f9 le VIH \u00e9tait l\u2019un des d\u00e9fis les plus redoutables de la soci\u00e9t\u00e9, lorsque des millions de personnes ont perdu la vie \u00e0 cause de l\u2019\u00e9pid\u00e9mie d\u00e9vastatrice de SIDA. Nos scientifiques ont entrepris une mission urgente visant \u00e0 d\u00e9couvrir et \u00e0 comprendre le virus, ce qui a men\u00e9 \u00e0 des recherches de pointe sur le VIH.<br><br>Nous sommes toujours motiv\u00e9s \u00e0 en faire plus. Nous repoussons les limites de la science sur le VIH parce que les besoins m\u00e9dicaux non combl\u00e9s persistent. L\u2019\u00e9radication du virus est notre objectif ultime.<\/p>\n<\/div>\n<\/div>\n\n\n\n<div class=\"wp-block-columns border-top-1 is-layout-flex wp-container-core-columns-is-layout-9d6595d7 wp-block-columns-is-layout-flex\">\n<div class=\"wp-block-column is-layout-flow wp-block-column-is-layout-flow\" style=\"flex-basis:33.33%\">\n<h3 class=\"wp-block-heading\">Antibiotiques<\/h3>\n<\/div>\n\n\n\n<div class=\"wp-block-column is-layout-flow wp-block-column-is-layout-flow\" style=\"flex-basis:66.66%\">\n<p><strong>Poursuivre la recherche et s\u2019efforcer d\u2019am\u00e9liorer l\u2019utilisation des antibiotiques<\/strong><\/p>\n\n\n\n<p>Nous poursuivons nos efforts, car nous savons que le monde en a besoin.<\/p>\n<\/div>\n<\/div>\n\n\n\n<div class=\"wp-block-columns border-top-1 is-layout-flex wp-container-core-columns-is-layout-9d6595d7 wp-block-columns-is-layout-flex\">\n<div class=\"wp-block-column is-layout-flow wp-block-column-is-layout-flow\" style=\"flex-basis:33.33%\">\n<h3 class=\"wp-block-heading\">Ebola<\/h3>\n<\/div>\n\n\n\n<div class=\"wp-block-column is-layout-flow wp-block-column-is-layout-flow\" style=\"flex-basis:66.66%\">\n<p><strong>Rejoindre un partenariat pour combattre un virus mortel<\/strong><\/p>\n\n\n\n<p>Depuis l\u2019\u00e9mergence du virus Ebola en&nbsp;1976, les \u00e9closions p\u00e9riodiques constituent un probl\u00e8me de sant\u00e9 \u00e0 l\u2019\u00e9chelle mondiale. Nous sommes fiers de faire partie du partenariat public-priv\u00e9 mondial qui r\u00e9unit le gouvernement, l\u2019industrie, des groupes communautaires, des scientifiques, des travailleurs de la sant\u00e9 et des gens ordinaires pour aider \u00e0 combattre cette maladie mortelle.<\/p>\n<\/div>\n<\/div>\n\n\n\n<div style=\"height:50px\" aria-hidden=\"true\" class=\"wp-block-spacer\"><\/div>\n","protected":false},"excerpt":{"rendered":"<p>VIH Notre h\u00e9ritage en mati\u00e8re de science novatrice sur le VIH se poursuit Nous nous souvenons de l\u2019\u00e9poque o\u00f9 le VIH \u00e9tait l\u2019un des d\u00e9fis les plus redoutables de la soci\u00e9t\u00e9, lorsque des millions de personnes ont perdu la vie \u00e0 cause de l\u2019\u00e9pid\u00e9mie d\u00e9vastatrice de SIDA. Nos scientifiques ont entrepris une mission urgente visant [&hellip;]<\/p>\n","protected":false},"author":614,"featured_media":0,"parent":4233,"menu_order":0,"comment_status":"closed","ping_status":"closed","template":"","meta":{"_acf_changed":false,"bdl_company_name":[],"bdl_item_external_link":[],"editor_notices":[],"footnotes":""},"class_list":["post-4286","page","type-page","status-publish","hentry"],"yoast_head":"<!-- This site is optimized with the Yoast SEO plugin v21.9.1 - https:\/\/yoast.com\/wordpress\/plugins\/seo\/ -->\n<title>Maladies infectieuses | Merck Canada<\/title>\n<meta name=\"description\" content=\"D\u00e9couvrez comment Merck\u00a0Canada contribue \u00e0 am\u00e9liorer la vie des personnes atteintes de maladies infectieuses.\" \/>\n<meta name=\"robots\" content=\"index, follow, max-snippet:-1, max-image-preview:large, max-video-preview:-1\" \/>\n<link rel=\"canonical\" href=\"https:\/\/www.merck.ca\/fr\/recherche-et-produits\/maladies-infectieuses\/\" \/>\n<meta property=\"og:locale\" content=\"en_US\" \/>\n<meta property=\"og:type\" content=\"article\" \/>\n<meta property=\"og:title\" content=\"Maladies infectieuses | Merck Canada\" \/>\n<meta property=\"og:description\" content=\"D\u00e9couvrez comment Merck\u00a0Canada contribue \u00e0 am\u00e9liorer la vie des personnes atteintes de maladies infectieuses.\" \/>\n<meta property=\"og:url\" content=\"https:\/\/www.merck.ca\/fr\/recherche-et-produits\/maladies-infectieuses\/\" \/>\n<meta property=\"og:site_name\" content=\"MCC Canada French\" \/>\n<meta property=\"article:modified_time\" content=\"2026-02-23T17:47:54+00:00\" \/>\n<meta name=\"twitter:card\" content=\"summary_large_image\" \/>\n<meta name=\"twitter:label1\" content=\"Est. reading time\" \/>\n\t<meta name=\"twitter:data1\" content=\"1 minute\" \/>\n<script type=\"application\/ld+json\" class=\"yoast-schema-graph\">{\"@context\":\"https:\/\/schema.org\",\"@graph\":[{\"@type\":\"WebPage\",\"@id\":\"https:\/\/www.merck.ca\/fr\/recherche-et-produits\/maladies-infectieuses\/\",\"url\":\"https:\/\/www.merck.ca\/fr\/recherche-et-produits\/maladies-infectieuses\/\",\"name\":\"Maladies infectieuses | Merck Canada\",\"isPartOf\":{\"@id\":\"https:\/\/www.merck.ca\/fr\/#website\"},\"datePublished\":\"2022-04-22T04:07:11+00:00\",\"dateModified\":\"2026-02-23T17:47:54+00:00\",\"description\":\"D\u00e9couvrez comment Merck\u00a0Canada contribue \u00e0 am\u00e9liorer la vie des personnes atteintes de maladies infectieuses.\",\"breadcrumb\":{\"@id\":\"https:\/\/www.merck.ca\/fr\/recherche-et-produits\/maladies-infectieuses\/#breadcrumb\"},\"inLanguage\":\"en-US\",\"potentialAction\":[{\"@type\":\"ReadAction\",\"target\":[\"https:\/\/www.merck.ca\/fr\/recherche-et-produits\/maladies-infectieuses\/\"]}]},{\"@type\":\"BreadcrumbList\",\"@id\":\"https:\/\/www.merck.ca\/fr\/recherche-et-produits\/maladies-infectieuses\/#breadcrumb\",\"itemListElement\":[{\"@type\":\"ListItem\",\"position\":1,\"name\":\"Recherche et produits\",\"item\":\"https:\/\/www.merck.ca\/fr\/recherche-et-produits\/\"},{\"@type\":\"ListItem\",\"position\":2,\"name\":\"Maladies infectieuses\"}]},{\"@type\":\"WebSite\",\"@id\":\"https:\/\/www.merck.ca\/fr\/#website\",\"url\":\"https:\/\/www.merck.ca\/fr\/\",\"name\":\"MCC Canada French\",\"description\":\"Merck.ca\",\"potentialAction\":[{\"@type\":\"SearchAction\",\"target\":{\"@type\":\"EntryPoint\",\"urlTemplate\":\"https:\/\/www.merck.ca\/fr\/?s={search_term_string}\"},\"query-input\":\"required name=search_term_string\"}],\"inLanguage\":\"en-US\"}]}<\/script>\n<!-- \/ Yoast SEO plugin. -->","yoast_head_json":{"title":"Maladies infectieuses | Merck Canada","description":"D\u00e9couvrez comment Merck\u00a0Canada contribue \u00e0 am\u00e9liorer la vie des personnes atteintes de maladies infectieuses.","robots":{"index":"index","follow":"follow","max-snippet":"max-snippet:-1","max-image-preview":"max-image-preview:large","max-video-preview":"max-video-preview:-1"},"canonical":"https:\/\/www.merck.ca\/fr\/recherche-et-produits\/maladies-infectieuses\/","og_locale":"en_US","og_type":"article","og_title":"Maladies infectieuses | Merck Canada","og_description":"D\u00e9couvrez comment Merck\u00a0Canada contribue \u00e0 am\u00e9liorer la vie des personnes atteintes de maladies infectieuses.","og_url":"https:\/\/www.merck.ca\/fr\/recherche-et-produits\/maladies-infectieuses\/","og_site_name":"MCC Canada French","article_modified_time":"2026-02-23T17:47:54+00:00","twitter_card":"summary_large_image","twitter_misc":{"Est. reading time":"1 minute"},"schema":{"@context":"https:\/\/schema.org","@graph":[{"@type":"WebPage","@id":"https:\/\/www.merck.ca\/fr\/recherche-et-produits\/maladies-infectieuses\/","url":"https:\/\/www.merck.ca\/fr\/recherche-et-produits\/maladies-infectieuses\/","name":"Maladies infectieuses | Merck Canada","isPartOf":{"@id":"https:\/\/www.merck.ca\/fr\/#website"},"datePublished":"2022-04-22T04:07:11+00:00","dateModified":"2026-02-23T17:47:54+00:00","description":"D\u00e9couvrez comment Merck\u00a0Canada contribue \u00e0 am\u00e9liorer la vie des personnes atteintes de maladies infectieuses.","breadcrumb":{"@id":"https:\/\/www.merck.ca\/fr\/recherche-et-produits\/maladies-infectieuses\/#breadcrumb"},"inLanguage":"en-US","potentialAction":[{"@type":"ReadAction","target":["https:\/\/www.merck.ca\/fr\/recherche-et-produits\/maladies-infectieuses\/"]}]},{"@type":"BreadcrumbList","@id":"https:\/\/www.merck.ca\/fr\/recherche-et-produits\/maladies-infectieuses\/#breadcrumb","itemListElement":[{"@type":"ListItem","position":1,"name":"Recherche et produits","item":"https:\/\/www.merck.ca\/fr\/recherche-et-produits\/"},{"@type":"ListItem","position":2,"name":"Maladies infectieuses"}]},{"@type":"WebSite","@id":"https:\/\/www.merck.ca\/fr\/#website","url":"https:\/\/www.merck.ca\/fr\/","name":"MCC Canada French","description":"Merck.ca","potentialAction":[{"@type":"SearchAction","target":{"@type":"EntryPoint","urlTemplate":"https:\/\/www.merck.ca\/fr\/?s={search_term_string}"},"query-input":"required name=search_term_string"}],"inLanguage":"en-US"}]}},"acf":[],"_links":{"self":[{"href":"https:\/\/www.merck.ca\/fr\/wp-json\/wp\/v2\/pages\/4286","targetHints":{"allow":["GET"]}}],"collection":[{"href":"https:\/\/www.merck.ca\/fr\/wp-json\/wp\/v2\/pages"}],"about":[{"href":"https:\/\/www.merck.ca\/fr\/wp-json\/wp\/v2\/types\/page"}],"author":[{"embeddable":true,"href":"https:\/\/www.merck.ca\/fr\/wp-json\/wp\/v2\/users\/614"}],"replies":[{"embeddable":true,"href":"https:\/\/www.merck.ca\/fr\/wp-json\/wp\/v2\/comments?post=4286"}],"version-history":[{"count":30,"href":"https:\/\/www.merck.ca\/fr\/wp-json\/wp\/v2\/pages\/4286\/revisions"}],"predecessor-version":[{"id":8512,"href":"https:\/\/www.merck.ca\/fr\/wp-json\/wp\/v2\/pages\/4286\/revisions\/8512"}],"up":[{"embeddable":true,"href":"https:\/\/www.merck.ca\/fr\/wp-json\/wp\/v2\/pages\/4233"}],"wp:attachment":[{"href":"https:\/\/www.merck.ca\/fr\/wp-json\/wp\/v2\/media?parent=4286"}],"curies":[{"name":"wp","href":"https:\/\/api.w.org\/{rel}","templated":true}]}}