{"id":3951,"date":"2021-10-26T13:32:38","date_gmt":"2021-10-26T13:32:38","guid":{"rendered":"https:\/\/www.merck.ca\/fr\/?page_id=3951"},"modified":"2021-10-26T13:32:39","modified_gmt":"2021-10-26T13:32:39","slug":"direction","status":"publish","type":"page","link":"https:\/\/www.merck.ca\/fr\/direction\/","title":{"rendered":"Direction"},"content":{"rendered":"\n<div class=\"wp-block-cover alignwide has-background-dim-20 has-background-dim is-position-center-center\" style=\"min-height:250px;aspect-ratio:unset;\"><img loading=\"lazy\" decoding=\"async\" width=\"778\" height=\"519\" class=\"wp-block-cover__image-background wp-image-1505\" alt=\"\" src=\"https:\/\/vip2-msd.com\/canada\/wp-content\/uploads\/sites\/20\/2020\/12\/merck-teal.jpg\" style=\"object-position:51% 50%\" data-object-fit=\"cover\" data-object-position=\"51% 50%\"\/><div class=\"wp-block-cover__inner-container is-layout-flow wp-block-cover-is-layout-flow\">\n<p class=\"has-text-align-center has-text-color has-huge-font-size\" style=\"color:#fffffa;line-height:1.1\"><strong>Leadership<\/strong><\/p>\n<\/div><\/div>\n\n\n\n<div style=\"height:50px\" aria-hidden=\"true\" class=\"wp-block-spacer\"><\/div>\n\n\n\n<div class=\"wp-block-columns is-layout-flex wp-container-core-columns-is-layout-9d6595d7 wp-block-columns-is-layout-flex\">\n<div class=\"wp-block-column is-layout-flow wp-block-column-is-layout-flow\" style=\"flex-basis:33.33%\">\n<figure class=\"wp-block-image size-large\"><img decoding=\"async\" src=\"https:\/\/vip2-msd.com\/canada\/wp-content\/uploads\/sites\/20\/2021\/10\/Merck-President-Marwan.jpg\" alt=\"\" class=\"wp-image-3465\"\/><\/figure>\n<\/div>\n\n\n\n<div class=\"wp-block-column is-layout-flow wp-block-column-is-layout-flow\" style=\"flex-basis:66.66%\">\n<h3 class=\"wp-block-heading\"><strong>Marwan Akar<\/strong><br>Pr\u00e9sident et directeur g\u00e9n\u00e9ral, Merck Canada<\/h3>\n\n\n\n<p>Marwan Akar est pr\u00e9sident et directeur g\u00e9n\u00e9ral de Merck Canada.<\/p>\n\n\n\n<p>M. Akar s\u2019est joint \u00e0 Merck en 1997 et a auparavant occup\u00e9 le poste de directeur g\u00e9n\u00e9ral pour l\u2019\u00c9gypte et, plus r\u00e9cemment, pour la Russie et de l\u2019Eurasie.<\/p>\n\n\n\n<p>M. Akar a commenc\u00e9 sa carri\u00e8re chez Merck dans le secteur de la fabrication et a dirig\u00e9 de nombreux projets de transfert de technologies partout dans le monde. Il s\u2019est ensuite orient\u00e9 vers le d\u00e9veloppement commercial, en se concentrant sur les march\u00e9s \u00e9mergents.<\/p>\n\n\n\n<p>M. Akar a travaill\u00e9 ou v\u00e9cu aux \u00c9tats-Unis, en Europe, au Moyen-Orient, en Afrique et en Russie. . Sa carri\u00e8re diversifi\u00e9e et son exp\u00e9rience internationale lui ont donn\u00e9 une vue d\u2019ensemble des syst\u00e8mes de soins de sant\u00e9 dans le monde et du r\u00f4le que le secteur pharmaceutique y joue. Cette exp\u00e9rience lui a permis d\u2019acqu\u00e9rir les comp\u00e9tences en direction d\u2019entreprise n\u00e9cessaires pour favoriser un v\u00e9ritable changement transformationnel.<\/p>\n\n\n\n<p>M. Akar est titulaire d\u2019un baccalaur\u00e9at et d\u2019une ma\u00eetrise en g\u00e9nie chimique de l\u2019Universit\u00e9 du Maryland et d\u2019un MBA de l\u2019Imperial College de Londres.<\/p>\n<\/div>\n<\/div>\n","protected":false},"excerpt":{"rendered":"<p>Marwan AkarPr\u00e9sident et directeur g\u00e9n\u00e9ral, Merck Canada Marwan Akar est pr\u00e9sident et directeur g\u00e9n\u00e9ral de Merck Canada. M. Akar s\u2019est joint \u00e0 Merck en 1997 et a auparavant occup\u00e9 le poste de directeur g\u00e9n\u00e9ral pour l\u2019\u00c9gypte et, plus r\u00e9cemment, pour la Russie et de l\u2019Eurasie. M. Akar a commenc\u00e9 sa carri\u00e8re chez Merck dans le [&hellip;]<\/p>\n","protected":false},"author":614,"featured_media":0,"parent":0,"menu_order":0,"comment_status":"closed","ping_status":"closed","template":"","meta":{"_acf_changed":false,"bdl_company_name":[],"bdl_item_external_link":[],"editor_notices":[],"footnotes":""},"class_list":["post-3951","page","type-page","status-publish","hentry"],"yoast_head":"<!-- This site is optimized with the Yoast SEO plugin v21.9.1 - https:\/\/yoast.com\/wordpress\/plugins\/seo\/ -->\n<title>Direction - MCC Canada French<\/title>\n<meta name=\"robots\" content=\"index, follow, max-snippet:-1, max-image-preview:large, max-video-preview:-1\" \/>\n<link rel=\"canonical\" href=\"https:\/\/www.merck.ca\/fr\/direction\/\" \/>\n<meta property=\"og:locale\" content=\"en_US\" \/>\n<meta property=\"og:type\" content=\"article\" \/>\n<meta property=\"og:title\" content=\"Direction - MCC Canada French\" \/>\n<meta property=\"og:description\" content=\"Marwan AkarPr\u00e9sident et directeur g\u00e9n\u00e9ral, Merck Canada Marwan Akar est pr\u00e9sident et directeur g\u00e9n\u00e9ral de Merck Canada. M. Akar s\u2019est joint \u00e0 Merck en 1997 et a auparavant occup\u00e9 le poste de directeur g\u00e9n\u00e9ral pour l\u2019\u00c9gypte et, plus r\u00e9cemment, pour la Russie et de l\u2019Eurasie. M. Akar a commenc\u00e9 sa carri\u00e8re chez Merck dans le [&hellip;]\" \/>\n<meta property=\"og:url\" content=\"https:\/\/www.merck.ca\/fr\/direction\/\" \/>\n<meta property=\"og:site_name\" content=\"MCC Canada French\" \/>\n<meta property=\"article:modified_time\" content=\"2021-10-26T13:32:39+00:00\" \/>\n<meta property=\"og:image\" content=\"https:\/\/vip2-msd.com\/canada\/wp-content\/uploads\/sites\/20\/2020\/12\/merck-teal.jpg\" \/>\n<meta name=\"twitter:card\" content=\"summary_large_image\" \/>\n<meta name=\"twitter:label1\" content=\"Est. reading time\" \/>\n\t<meta name=\"twitter:data1\" content=\"1 minute\" \/>\n<script type=\"application\/ld+json\" class=\"yoast-schema-graph\">{\"@context\":\"https:\/\/schema.org\",\"@graph\":[{\"@type\":\"WebPage\",\"@id\":\"https:\/\/www.merck.ca\/fr\/direction\/\",\"url\":\"https:\/\/www.merck.ca\/fr\/direction\/\",\"name\":\"Direction - MCC Canada French\",\"isPartOf\":{\"@id\":\"https:\/\/www.merck.ca\/fr\/#website\"},\"datePublished\":\"2021-10-26T13:32:38+00:00\",\"dateModified\":\"2021-10-26T13:32:39+00:00\",\"inLanguage\":\"en-US\",\"potentialAction\":[{\"@type\":\"ReadAction\",\"target\":[\"https:\/\/www.merck.ca\/fr\/direction\/\"]}]},{\"@type\":\"WebSite\",\"@id\":\"https:\/\/www.merck.ca\/fr\/#website\",\"url\":\"https:\/\/www.merck.ca\/fr\/\",\"name\":\"MCC Canada French\",\"description\":\"Merck.ca\",\"potentialAction\":[{\"@type\":\"SearchAction\",\"target\":{\"@type\":\"EntryPoint\",\"urlTemplate\":\"https:\/\/www.merck.ca\/fr\/?s={search_term_string}\"},\"query-input\":\"required name=search_term_string\"}],\"inLanguage\":\"en-US\"}]}<\/script>\n<!-- \/ Yoast SEO plugin. -->","yoast_head_json":{"title":"Direction - MCC Canada French","robots":{"index":"index","follow":"follow","max-snippet":"max-snippet:-1","max-image-preview":"max-image-preview:large","max-video-preview":"max-video-preview:-1"},"canonical":"https:\/\/www.merck.ca\/fr\/direction\/","og_locale":"en_US","og_type":"article","og_title":"Direction - MCC Canada French","og_description":"Marwan AkarPr\u00e9sident et directeur g\u00e9n\u00e9ral, Merck Canada Marwan Akar est pr\u00e9sident et directeur g\u00e9n\u00e9ral de Merck Canada. M. Akar s\u2019est joint \u00e0 Merck en 1997 et a auparavant occup\u00e9 le poste de directeur g\u00e9n\u00e9ral pour l\u2019\u00c9gypte et, plus r\u00e9cemment, pour la Russie et de l\u2019Eurasie. M. Akar a commenc\u00e9 sa carri\u00e8re chez Merck dans le [&hellip;]","og_url":"https:\/\/www.merck.ca\/fr\/direction\/","og_site_name":"MCC Canada French","article_modified_time":"2021-10-26T13:32:39+00:00","og_image":[{"url":"https:\/\/vip2-msd.com\/canada\/wp-content\/uploads\/sites\/20\/2020\/12\/merck-teal.jpg"}],"twitter_card":"summary_large_image","twitter_misc":{"Est. reading time":"1 minute"},"schema":{"@context":"https:\/\/schema.org","@graph":[{"@type":"WebPage","@id":"https:\/\/www.merck.ca\/fr\/direction\/","url":"https:\/\/www.merck.ca\/fr\/direction\/","name":"Direction - MCC Canada French","isPartOf":{"@id":"https:\/\/www.merck.ca\/fr\/#website"},"datePublished":"2021-10-26T13:32:38+00:00","dateModified":"2021-10-26T13:32:39+00:00","inLanguage":"en-US","potentialAction":[{"@type":"ReadAction","target":["https:\/\/www.merck.ca\/fr\/direction\/"]}]},{"@type":"WebSite","@id":"https:\/\/www.merck.ca\/fr\/#website","url":"https:\/\/www.merck.ca\/fr\/","name":"MCC Canada French","description":"Merck.ca","potentialAction":[{"@type":"SearchAction","target":{"@type":"EntryPoint","urlTemplate":"https:\/\/www.merck.ca\/fr\/?s={search_term_string}"},"query-input":"required name=search_term_string"}],"inLanguage":"en-US"}]}},"acf":[],"_links":{"self":[{"href":"https:\/\/www.merck.ca\/fr\/wp-json\/wp\/v2\/pages\/3951","targetHints":{"allow":["GET"]}}],"collection":[{"href":"https:\/\/www.merck.ca\/fr\/wp-json\/wp\/v2\/pages"}],"about":[{"href":"https:\/\/www.merck.ca\/fr\/wp-json\/wp\/v2\/types\/page"}],"author":[{"embeddable":true,"href":"https:\/\/www.merck.ca\/fr\/wp-json\/wp\/v2\/users\/614"}],"replies":[{"embeddable":true,"href":"https:\/\/www.merck.ca\/fr\/wp-json\/wp\/v2\/comments?post=3951"}],"version-history":[{"count":6,"href":"https:\/\/www.merck.ca\/fr\/wp-json\/wp\/v2\/pages\/3951\/revisions"}],"predecessor-version":[{"id":3957,"href":"https:\/\/www.merck.ca\/fr\/wp-json\/wp\/v2\/pages\/3951\/revisions\/3957"}],"wp:attachment":[{"href":"https:\/\/www.merck.ca\/fr\/wp-json\/wp\/v2\/media?parent=3951"}],"curies":[{"name":"wp","href":"https:\/\/api.w.org\/{rel}","templated":true}]}}