{"id":2059,"date":"2021-04-07T20:43:43","date_gmt":"2021-04-07T20:43:43","guid":{"rendered":"https:\/\/vip2-msd.com\/canada\/?page_id=2059"},"modified":"2026-04-06T18:32:59","modified_gmt":"2026-04-06T18:32:59","slug":"newsroom","status":"publish","type":"page","link":"https:\/\/www.merck.ca\/fr\/newsroom\/","title":{"rendered":"Salle de presse"},"content":{"rendered":"\n<div id=\"mco-b2-hero-block-block_b81c6c55fb9835d8f6cca0b1b880bc86\" class=\"mco-b2-hero-block full mccberg-block\">\n    <div class=\"mco-b2-hero-block-wrapper\">\n        <div class=\"mco-b2-hero-block-image-section \">\n\n                            <div class=\"mco-b2-hero-block-image-container \">\n                    <picture >\n\t<source media=\"(max-width: 767px)\" data-srcset=\"https:\/\/www.merck.ca\/fr\/wp-content\/uploads\/sites\/83\/2022\/04\/iStock-1219980553-1.png?w=768\" srcset=\"https:\/\/www.merck.ca\/fr\/wp-content\/uploads\/sites\/83\/2022\/04\/iStock-1219980553-1.png?w=768\" >\n<source media=\"(min-width: 768px) and (max-width: 1199px)\" data-srcset=\"https:\/\/www.merck.ca\/fr\/wp-content\/uploads\/sites\/83\/2022\/04\/iStock-1219980553-1.png?h=768\" srcset=\"https:\/\/www.merck.ca\/fr\/wp-content\/uploads\/sites\/83\/2022\/04\/iStock-1219980553-1.png?h=768\" >\n<source media=\"(min-width: 1200px) and (max-width: 1919px)\" data-srcset=\"https:\/\/www.merck.ca\/fr\/wp-content\/uploads\/sites\/83\/2022\/04\/iStock-1219980553-1.png?w=1200\" srcset=\"https:\/\/www.merck.ca\/fr\/wp-content\/uploads\/sites\/83\/2022\/04\/iStock-1219980553-1.png?w=1200\" >\n<source media=\"(min-width: 1920px)\" data-srcset=\"https:\/\/www.merck.ca\/fr\/wp-content\/uploads\/sites\/83\/2022\/04\/iStock-1219980553-1.png?w=1920\" srcset=\"https:\/\/www.merck.ca\/fr\/wp-content\/uploads\/sites\/83\/2022\/04\/iStock-1219980553-1.png?w=1920\" >\n\t<img data-src=\"https:\/\/www.merck.ca\/fr\/wp-content\/uploads\/sites\/83\/2022\/04\/iStock-1219980553-1.png?w=1920\" alt=\"Online news on a smartphone and laptop, Woman reading news or articles in a mobile phone screen application at home. Newspaper and portal on internet.\" class=\"eager \" loading=\"eager\" \/>\n<\/picture>                                    <\/div>\n                        <div class=\"mco-b2-hero-block-image-container-two\">\n                            <\/div>\n        <\/div>\n\n        <div class=\"mco-b2-hero-block-content-section\">\n                        \n                            <h1>Salle de presse<\/h1>\n            \n                            <div class=\"mco-b2-hero-block-description\"><p>Nos derni\u00e8res nouvelles, annonces et ressources multim\u00e9dias<\/p>\n<\/div>\n            \n                    <\/div>\n    <\/div>\n\n    \n<\/div>\n\n\n\n<h2 class=\"wp-block-heading\" id=\"block-caf9d98e-4451-4fd2-9a62-7e44175fbbc3\" style=\"font-size:44px\"><strong><strong>Derni\u00e8res nouvelles<\/strong><\/strong><\/h2>\n\n\n\n<div class=\"wp-block-columns is-layout-flex wp-container-core-columns-is-layout-9d6595d7 wp-block-columns-is-layout-flex\">\n<div class=\"wp-block-column is-layout-flow wp-block-column-is-layout-flow\" style=\"flex-basis:33.33%\">\n<p>&nbsp;Le 24&nbsp;mars 2026<\/p>\n<\/div>\n\n\n\n<div class=\"wp-block-column is-layout-flow wp-block-column-is-layout-flow\" style=\"flex-basis:70%\">\n<p><strong><strong><strong><strong><strong><strong><strong><strong><strong><strong><strong><strong><strong><a href=\"https:\/\/www.merck.ca\/fr\/newsroom-fr\/nouvelles-inscriptions-de-produits-a-la-liste-de-medicaments-provinciale-destinees-aux-canadiens-atteints-dhypertension-arterielle-pulmonaire\/\">Nouvelles inscriptions de produits \u00e0 la liste de m\u00e9dicaments provinciale destin\u00e9es aux Canadiens atteints d\u2019hypertension art\u00e9rielle pulmonaire<\/a><\/strong><br><\/strong><\/strong><\/strong><\/strong><\/strong><br><\/strong><\/strong><\/strong><\/strong><\/strong><\/strong><\/strong><\/p>\n<\/div>\n<\/div>\n\n\n\n<div class=\"wp-block-columns is-layout-flex wp-container-core-columns-is-layout-9d6595d7 wp-block-columns-is-layout-flex\">\n<div class=\"wp-block-column is-layout-flow wp-block-column-is-layout-flow\" style=\"flex-basis:33.33%\">\n<p>&nbsp;Le 18&nbsp;mars 2026<\/p>\n<\/div>\n\n\n\n<div class=\"wp-block-column is-layout-flow wp-block-column-is-layout-flow\" style=\"flex-basis:70%\">\n<p><strong><strong><strong><strong><strong><strong><strong><strong><strong><strong><strong><a href=\"https:\/\/www.merck.ca\/fr\/newsroom-fr\/merck-canada-obtient-la-certification-parite-de-niveau-or-de-la-gouvernance-au-feminin\/\"><strong>Merck Canada obtient la Certification Parit\u00e9 de niveau or de La Gouvernance au F\u00e9minin <\/strong><\/a><\/strong><\/strong><\/strong><\/strong><br><\/strong><\/strong><\/strong><\/strong><\/strong><\/strong><\/strong><\/p>\n<\/div>\n<\/div>\n\n\n\n<div class=\"wp-block-columns is-layout-flex wp-container-core-columns-is-layout-9d6595d7 wp-block-columns-is-layout-flex\">\n<div class=\"wp-block-column is-layout-flow wp-block-column-is-layout-flow\" style=\"flex-basis:33.33%\">\n<p>&nbsp;Le 13&nbsp;mars 2026<\/p>\n<\/div>\n\n\n\n<div class=\"wp-block-column is-layout-flow wp-block-column-is-layout-flow\" style=\"flex-basis:70%\">\n<p><strong><strong><strong><strong><strong><strong><strong><strong><strong><strong><a href=\"https:\/\/www.merck.ca\/fr\/newsroom-fr\/merck-digital-sciences-studio-prend-de-lampleur-avec-une-deuxieme-cohorte-visant-a-faire-progresser-lindustrie-biopharmaceutique-et-la-sante-numerique-en-amerique-du-nord\/\">Merck Digital Sciences Studio prend de l\u2019ampleur avec une deuxi\u00e8me cohorte visant \u00e0 faire progresser l\u2019industrie biopharmaceutique et la sant\u00e9 num\u00e9rique en Am\u00e9rique du Nord<\/a><\/strong><\/strong><\/strong><br><\/strong><\/strong><\/strong><\/strong><\/strong><\/strong><\/strong><\/p>\n<\/div>\n<\/div>\n\n\n\n<div class=\"wp-block-columns is-layout-flex wp-container-core-columns-is-layout-9d6595d7 wp-block-columns-is-layout-flex\">\n<div class=\"wp-block-column is-layout-flow wp-block-column-is-layout-flow\" style=\"flex-basis:33.33%\">\n<p>&nbsp;Le 17&nbsp;f\u00e9vrier 2026<\/p>\n<\/div>\n\n\n\n<div class=\"wp-block-column is-layout-flow wp-block-column-is-layout-flow\" style=\"flex-basis:70%\">\n<p><strong><strong><strong><strong><strong><strong><strong><strong><a href=\"https:\/\/www.merck.ca\/fr\/newsroom-fr\/sante-canada-approuve-keytruda-sc-une-preparation-sous-cutanee-du-pembrolizumab-pour-plusieurs-indications-liees-au-cancer\/\"><strong>Sant\u00e9 Canada&nbsp;approuve KEYTRUDA&nbsp;SC\u2122, une pr\u00e9paration sous-cutan\u00e9e du pembrolizumab pour plusieurs indications li\u00e9es au cancer<\/strong><\/a><\/strong><br><\/strong><\/strong><\/strong><\/strong><\/strong><\/strong><\/strong><\/p>\n<\/div>\n<\/div>\n\n\n\n<div class=\"wp-block-columns is-layout-flex wp-container-core-columns-is-layout-9d6595d7 wp-block-columns-is-layout-flex\">\n<div class=\"wp-block-column is-layout-flow wp-block-column-is-layout-flow\" style=\"flex-basis:33.33%\">\n<p>&nbsp;Le 5&nbsp;f\u00e9vrier 2026<\/p>\n<\/div>\n\n\n\n<div class=\"wp-block-column is-layout-flow wp-block-column-is-layout-flow\" style=\"flex-basis:70%\">\n<p><strong><strong><strong><strong><strong><strong><strong><strong><a href=\"https:\/\/www.merck.ca\/fr\/newsroom-fr\/merck-annonce-lapprobation-par-sante-canada-denflonsia-pour-la-prevention-de-linfection-par-le-vrs-chez-les-nouveau-nes-et-les-nourrissons\/\">Merck annonce l\u2019approbation par Sant\u00e9&nbsp;Canada d\u2019ENFLONSIA\u00ae pour la pr\u00e9vention de l\u2019infection par le VRS chez les nouveau-n\u00e9s et les nourrissons<\/a><\/strong><br><\/strong><\/strong><\/strong><\/strong><\/strong><\/strong><\/strong><\/p>\n<\/div>\n<\/div>\n\n\n\n<div class=\"wp-block-columns is-layout-flex wp-container-core-columns-is-layout-9d6595d7 wp-block-columns-is-layout-flex\">\n<div class=\"wp-block-column is-layout-flow wp-block-column-is-layout-flow\" style=\"flex-basis:33.33%\">\n<p>&nbsp;Le 8&nbsp;d\u00e9cembre 2025<\/p>\n<\/div>\n\n\n\n<div class=\"wp-block-column is-layout-flow wp-block-column-is-layout-flow\" style=\"flex-basis:70%\">\n<p><strong><a href=\"https:\/\/www.merck.ca\/fr\/newsroom-fr\/la-saskatchewan-ajoute-capvaxive-a-son-programme-dimmunisation-pour-les-adultes-finance-par-les-fonds-publics\/\"><strong><strong><strong><strong><strong><strong><strong><strong><strong>La Saskatchewan ajoute CAPVAXIVE<sup>\u00ae<\/sup> \u00e0 son programme d\u2019immunisation pour les adultes financ\u00e9 par les fonds publics<\/strong><\/strong><\/strong><br><\/strong><\/strong><\/strong><\/strong><\/strong><\/strong><\/a><\/strong><\/p>\n<\/div>\n<\/div>\n\n\n\n<div class=\"wp-block-columns is-layout-flex wp-container-core-columns-is-layout-9d6595d7 wp-block-columns-is-layout-flex\">\n<div class=\"wp-block-column is-layout-flow wp-block-column-is-layout-flow\" style=\"flex-basis:33.33%\">\n<p>&nbsp;Le 20&nbsp;novembre 2025<\/p>\n<\/div>\n\n\n\n<div class=\"wp-block-column is-layout-flow wp-block-column-is-layout-flow\" style=\"flex-basis:70%\">\n<p><strong><a href=\"https:\/\/www.merck.ca\/fr\/newsroom-fr\/merck-canada-et-lalliance-pancanadienne-pharmaceutique-app-concluent-avec-succes-les-negociations-relatives-a-winrevair-sotatercept\/\"><strong><strong><strong><strong><strong><strong><strong><strong>Merck&nbsp;Canada et l\u2019Alliance pancanadienne pharmaceutique (APP) concluent avec succ\u00e8s les n\u00e9gociations relatives \u00e0 WINREVAIR<sup>\u00ae<\/sup> (sotatercept)<\/strong><\/strong><br><\/strong><\/strong><\/strong><\/strong><\/strong><\/strong><\/a><\/strong><\/p>\n<\/div>\n<\/div>\n\n\n\n<div class=\"wp-block-columns is-layout-flex wp-container-core-columns-is-layout-9d6595d7 wp-block-columns-is-layout-flex\">\n<div class=\"wp-block-column is-layout-flow wp-block-column-is-layout-flow\" style=\"flex-basis:33.33%\">\n<p>&nbsp;Le 5&nbsp;novembre 2025<\/p>\n<\/div>\n\n\n\n<div class=\"wp-block-column is-layout-flow wp-block-column-is-layout-flow\" style=\"flex-basis:70%\">\n<p><strong><a href=\"https:\/\/www.merck.ca\/fr\/newsroom-fr\/le-quebec-etend-le-financement-public-a-capvaxive\/\"><strong><strong><strong><strong><strong><strong><strong>Le Qu\u00e9bec \u00e9tend le financement public \u00e0 CAPVAXIVE<sup>\u00ae<\/sup><\/strong><br><\/strong><\/strong><\/strong><\/strong><\/strong><\/strong><\/a><\/strong><\/p>\n<\/div>\n<\/div>\n\n\n\n<div class=\"wp-block-columns is-layout-flex wp-container-core-columns-is-layout-9d6595d7 wp-block-columns-is-layout-flex\">\n<div class=\"wp-block-column is-layout-flow wp-block-column-is-layout-flow\" style=\"flex-basis:33.33%\">\n<p>&nbsp;Le 13 ao\u00fbt 2025<\/p>\n<\/div>\n\n\n\n<div class=\"wp-block-column is-layout-flow wp-block-column-is-layout-flow\" style=\"flex-basis:70%\">\n<p><strong><a href=\"https:\/\/www.merck.ca\/fr\/newsroom-fr\/sante-canada-approuve-keytruda-pour-les-patients-atteints-dun-carcinome-epidermoide-de-la-tete-et-du-cou-localement-avance-et-resecable-positif-pour-le-pd-l1-scp-comme-traitemen\/\"><strong><strong><strong><strong><strong><strong>Sant\u00e9&nbsp;Canada approuve KEYTRUDA<sup>\u00ae<\/sup>&nbsp;pour les patients atteints d\u2019un carcinome \u00e9pidermo\u00efde de la t\u00eate et du cou localement avanc\u00e9 et r\u00e9s\u00e9cable positif pour le PD-L1 (SCP), comme traitement n\u00e9oadjuvant, puis comme traitement adjuvant en association avec une radioth\u00e9rapie avec ou sans cisplatine, puis en monoth\u00e9rapie.<\/strong><\/strong><\/strong><\/strong><\/strong><\/strong><\/a><\/strong><\/p>\n<\/div>\n<\/div>\n\n\n\n<div class=\"wp-block-columns is-layout-flex wp-container-core-columns-is-layout-9d6595d7 wp-block-columns-is-layout-flex\">\n<div class=\"wp-block-column is-layout-flow wp-block-column-is-layout-flow\" style=\"flex-basis:33.33%\">\n<p>&nbsp;Le 17&nbsp;juillet&nbsp;2025<\/p>\n<\/div>\n\n\n\n<div class=\"wp-block-column is-layout-flow wp-block-column-is-layout-flow\" style=\"flex-basis:70%\">\n<p><strong><a href=\"https:\/\/www.merck.ca\/fr\/newsroom-fr\/sante-canada-approuve-keytruda-comme-traitement-des-adultes-atteintes-dun-cancer-du-col-de-luterus-de-stade-iii-a-iva-selon-les-criteres-2014-de-la-figo-en-asso\/\"><strong><strong><strong><strong><strong>Sant\u00e9 Canada approuve KEYTRUDA<sup>\u00ae<\/sup>&nbsp;comme traitement des adultes atteintes d\u2019un cancer du col de l\u2019ut\u00e9rus de stade&nbsp;III \u00e0&nbsp;IVA selon les crit\u00e8res&nbsp;2014 de la FIGO, en association avec une chimioradioth\u00e9rapie<sup>1<\/sup><\/strong><\/strong><\/strong><\/strong><\/strong><\/a><\/strong><\/p>\n<\/div>\n<\/div>\n\n\n\n<div class=\"wp-block-columns is-layout-flex wp-container-core-columns-is-layout-9d6595d7 wp-block-columns-is-layout-flex\">\n<div class=\"wp-block-column is-layout-flow wp-block-column-is-layout-flow\" style=\"flex-basis:33.33%\">\n<p>&nbsp;Le 11&nbsp;juillet 2025<\/p>\n<\/div>\n\n\n\n<div class=\"wp-block-column is-layout-flow wp-block-column-is-layout-flow\" style=\"flex-basis:70%\">\n<p><strong><a href=\"https:\/\/www.merck.ca\/fr\/newsroom-fr\/declaration-de-merck-canada-sur-les-recommandations-posologiques-relatives-a-gardasil9\/\"><strong><strong><strong><strong>D\u00e9claration de Merck&nbsp;Canada sur les recommandations posologiques relatives \u00e0 GARDASIL<sup>\u00ae<\/sup>9<\/strong><\/strong><\/strong><\/strong><\/a><\/strong><\/p>\n<\/div>\n<\/div>\n\n\n\n<div class=\"wp-block-columns is-layout-flex wp-container-core-columns-is-layout-9d6595d7 wp-block-columns-is-layout-flex\">\n<div class=\"wp-block-column is-layout-flow wp-block-column-is-layout-flow\" style=\"flex-basis:33.33%\">\n<p>Le 20&nbsp;juin&nbsp;2025<\/p>\n<\/div>\n\n\n\n<div class=\"wp-block-column is-layout-flow wp-block-column-is-layout-flow\" style=\"flex-basis:70%\">\n<p><strong><a href=\"https:\/\/www.merck.ca\/fr\/newsroom-fr\/le-merck-digital-sciences-studio-ouvre-ses-portes-au-canada-pour-accelerer-linnovation-biopharmaceutique\/\"><strong><strong><strong>Le Merck Digital Sciences Studio ouvre ses portes au Canada pour acc\u00e9l\u00e9rer l\u2019innovation biopharmaceutique<\/strong><\/strong><\/strong><\/a><\/strong><\/p>\n<\/div>\n<\/div>\n\n\n\n<div class=\"wp-block-columns is-layout-flex wp-container-core-columns-is-layout-9d6595d7 wp-block-columns-is-layout-flex\">\n<div class=\"wp-block-column is-layout-flow wp-block-column-is-layout-flow\" style=\"flex-basis:33.33%\">\n<p>Le 19&nbsp;juin 2024<\/p>\n<\/div>\n\n\n\n<div class=\"wp-block-column is-layout-flow wp-block-column-is-layout-flow\" style=\"flex-basis:70%\">\n<p><strong><a href=\"https:\/\/www.merck.ca\/fr\/newsroom\/merck-canada-encourage-les-canadiens-a-mettre-en-pratique-lapproche-intime-avec-ta-peau\/\">MERCK CANADA ENCOURAGE LES CANADIENS \u00c0 METTRE EN PRATIQUE L\u2019APPROCHE INTIME AVEC TA PEAU<sup>\u2122<\/sup><\/a><\/strong><\/p>\n<\/div>\n<\/div>\n\n\n\n<div class=\"wp-block-columns is-layout-flex wp-container-core-columns-is-layout-9d6595d7 wp-block-columns-is-layout-flex\">\n<div class=\"wp-block-column is-layout-flow wp-block-column-is-layout-flow\" style=\"flex-basis:33.33%\">\n<p>Le 5&nbsp;mars 2024<\/p>\n<\/div>\n\n\n\n<div class=\"wp-block-column is-layout-flow wp-block-column-is-layout-flow\" style=\"flex-basis:70%\">\n<p><strong><a href=\"https:\/\/www.merck.ca\/fr\/newsroom\/merck-canada-lance-une-bourse-detudes-pour-etudiants-autochtones\/\">Merck Canada lance une bourse d&#8217;\u00e9tudes pour \u00e9tudiants autochtones<\/a><\/strong><\/p>\n<\/div>\n<\/div>\n\n\n\n<hr class=\"wp-block-separator has-alpha-channel-opacity is-style-wide\" id=\"block-1631c351-e7da-477f-9948-67cb1c4aa66b\"\/>\n\n\n\n<h2 class=\"wp-block-heading\" id=\"block-caf9d98e-4451-4fd2-9a62-7e44175fbbc3\" style=\"font-size:44px\"><strong><strong><strong>Communiquer avec notre \u00e9quipe des m\u00e9dias<\/strong><\/strong><\/strong><\/h2>\n\n\n\n<h5 class=\"wp-block-heading\" id=\"block-50034a14-fa04-483c-9a7f-44450450d7a9\">Les journalistes qui font une demande de renseignements pour les m\u00e9dias doivent composer le <a href=\"tel:18009063725\" target=\"_blank\" rel=\"noreferrer noopener\">1 833 90MERCK (1 833 906-3725)<\/a><\/h5>\n\n\n\n<p class=\"has-small-font-size\">Cette page Web vise \u00e0 fournir aux membres des m\u00e9dias un acc\u00e8s rapide et facile aux renseignements r\u00e9cents sur Merck&nbsp;Canada. Pour de plus amples renseignements sur Merck&nbsp;Canada, veuillez consulter la page <a href=\"https:\/\/www.merck.ca\/fr\/newsroom\/\">No<\/a><a href=\"https:\/\/www.merck.ca\/fr\/about-us\/\">tre entreprise<\/a>.<\/p>\n","protected":false},"excerpt":{"rendered":"<p>Derni\u00e8res nouvelles &nbsp;Le 24&nbsp;mars 2026 Nouvelles inscriptions de produits \u00e0 la liste de m\u00e9dicaments provinciale destin\u00e9es aux Canadiens atteints d\u2019hypertension art\u00e9rielle pulmonaire &nbsp;Le 18&nbsp;mars 2026 Merck Canada obtient la Certification Parit\u00e9 de niveau or de La Gouvernance au F\u00e9minin &nbsp;Le 13&nbsp;mars 2026 Merck Digital Sciences Studio prend de l\u2019ampleur avec une deuxi\u00e8me cohorte visant \u00e0 [&hellip;]<\/p>\n","protected":false},"author":207,"featured_media":0,"parent":0,"menu_order":0,"comment_status":"closed","ping_status":"closed","template":"","meta":{"_acf_changed":false,"bdl_company_name":[],"bdl_item_external_link":[],"editor_notices":[],"footnotes":""},"class_list":["post-2059","page","type-page","status-publish","hentry"],"yoast_head":"<!-- This site is optimized with the Yoast SEO plugin v21.9.1 - https:\/\/yoast.com\/wordpress\/plugins\/seo\/ -->\n<title>Salle de presse | Merck Canada<\/title>\n<meta name=\"description\" content=\"Merck\u00a0Canada dans l\u2019actualit\u00e9 Jetez un coup d\u2019\u0153il aux communiqu\u00e9s de presse et recevez de l\u2019information sur les produits et les d\u00e9clarations de Merck\u00a0Canada.\" \/>\n<meta name=\"robots\" content=\"index, follow, max-snippet:-1, max-image-preview:large, max-video-preview:-1\" \/>\n<link rel=\"canonical\" href=\"https:\/\/www.merck.ca\/fr\/newsroom\/\" \/>\n<meta property=\"og:locale\" content=\"en_US\" \/>\n<meta property=\"og:type\" content=\"article\" \/>\n<meta property=\"og:title\" content=\"Salle de presse | Merck Canada\" \/>\n<meta property=\"og:description\" content=\"Merck\u00a0Canada dans l\u2019actualit\u00e9 Jetez un coup d\u2019\u0153il aux communiqu\u00e9s de presse et recevez de l\u2019information sur les produits et les d\u00e9clarations de Merck\u00a0Canada.\" \/>\n<meta property=\"og:url\" content=\"https:\/\/www.merck.ca\/fr\/newsroom\/\" \/>\n<meta property=\"og:site_name\" content=\"MCC Canada French\" \/>\n<meta property=\"article:modified_time\" content=\"2026-04-06T18:32:59+00:00\" \/>\n<meta name=\"twitter:card\" content=\"summary_large_image\" \/>\n<meta name=\"twitter:label1\" content=\"Est. reading time\" \/>\n\t<meta name=\"twitter:data1\" content=\"2 minutes\" \/>\n<script type=\"application\/ld+json\" class=\"yoast-schema-graph\">{\"@context\":\"https:\/\/schema.org\",\"@graph\":[{\"@type\":\"WebPage\",\"@id\":\"https:\/\/www.merck.ca\/fr\/newsroom\/\",\"url\":\"https:\/\/www.merck.ca\/fr\/newsroom\/\",\"name\":\"Salle de presse | Merck Canada\",\"isPartOf\":{\"@id\":\"https:\/\/www.merck.ca\/fr\/#website\"},\"datePublished\":\"2021-04-07T20:43:43+00:00\",\"dateModified\":\"2026-04-06T18:32:59+00:00\",\"description\":\"Merck\u00a0Canada dans l\u2019actualit\u00e9 Jetez un coup d\u2019\u0153il aux communiqu\u00e9s de presse et recevez de l\u2019information sur les produits et les d\u00e9clarations de Merck\u00a0Canada.\",\"inLanguage\":\"en-US\",\"potentialAction\":[{\"@type\":\"ReadAction\",\"target\":[\"https:\/\/www.merck.ca\/fr\/newsroom\/\"]}]},{\"@type\":\"WebSite\",\"@id\":\"https:\/\/www.merck.ca\/fr\/#website\",\"url\":\"https:\/\/www.merck.ca\/fr\/\",\"name\":\"MCC Canada French\",\"description\":\"Merck.ca\",\"potentialAction\":[{\"@type\":\"SearchAction\",\"target\":{\"@type\":\"EntryPoint\",\"urlTemplate\":\"https:\/\/www.merck.ca\/fr\/?s={search_term_string}\"},\"query-input\":\"required name=search_term_string\"}],\"inLanguage\":\"en-US\"}]}<\/script>\n<!-- \/ Yoast SEO plugin. -->","yoast_head_json":{"title":"Salle de presse | Merck Canada","description":"Merck\u00a0Canada dans l\u2019actualit\u00e9 Jetez un coup d\u2019\u0153il aux communiqu\u00e9s de presse et recevez de l\u2019information sur les produits et les d\u00e9clarations de Merck\u00a0Canada.","robots":{"index":"index","follow":"follow","max-snippet":"max-snippet:-1","max-image-preview":"max-image-preview:large","max-video-preview":"max-video-preview:-1"},"canonical":"https:\/\/www.merck.ca\/fr\/newsroom\/","og_locale":"en_US","og_type":"article","og_title":"Salle de presse | Merck Canada","og_description":"Merck\u00a0Canada dans l\u2019actualit\u00e9 Jetez un coup d\u2019\u0153il aux communiqu\u00e9s de presse et recevez de l\u2019information sur les produits et les d\u00e9clarations de Merck\u00a0Canada.","og_url":"https:\/\/www.merck.ca\/fr\/newsroom\/","og_site_name":"MCC Canada French","article_modified_time":"2026-04-06T18:32:59+00:00","twitter_card":"summary_large_image","twitter_misc":{"Est. reading time":"2 minutes"},"schema":{"@context":"https:\/\/schema.org","@graph":[{"@type":"WebPage","@id":"https:\/\/www.merck.ca\/fr\/newsroom\/","url":"https:\/\/www.merck.ca\/fr\/newsroom\/","name":"Salle de presse | Merck Canada","isPartOf":{"@id":"https:\/\/www.merck.ca\/fr\/#website"},"datePublished":"2021-04-07T20:43:43+00:00","dateModified":"2026-04-06T18:32:59+00:00","description":"Merck\u00a0Canada dans l\u2019actualit\u00e9 Jetez un coup d\u2019\u0153il aux communiqu\u00e9s de presse et recevez de l\u2019information sur les produits et les d\u00e9clarations de Merck\u00a0Canada.","inLanguage":"en-US","potentialAction":[{"@type":"ReadAction","target":["https:\/\/www.merck.ca\/fr\/newsroom\/"]}]},{"@type":"WebSite","@id":"https:\/\/www.merck.ca\/fr\/#website","url":"https:\/\/www.merck.ca\/fr\/","name":"MCC Canada French","description":"Merck.ca","potentialAction":[{"@type":"SearchAction","target":{"@type":"EntryPoint","urlTemplate":"https:\/\/www.merck.ca\/fr\/?s={search_term_string}"},"query-input":"required name=search_term_string"}],"inLanguage":"en-US"}]}},"acf":[],"_links":{"self":[{"href":"https:\/\/www.merck.ca\/fr\/wp-json\/wp\/v2\/pages\/2059","targetHints":{"allow":["GET"]}}],"collection":[{"href":"https:\/\/www.merck.ca\/fr\/wp-json\/wp\/v2\/pages"}],"about":[{"href":"https:\/\/www.merck.ca\/fr\/wp-json\/wp\/v2\/types\/page"}],"author":[{"embeddable":true,"href":"https:\/\/www.merck.ca\/fr\/wp-json\/wp\/v2\/users\/207"}],"replies":[{"embeddable":true,"href":"https:\/\/www.merck.ca\/fr\/wp-json\/wp\/v2\/comments?post=2059"}],"version-history":[{"count":191,"href":"https:\/\/www.merck.ca\/fr\/wp-json\/wp\/v2\/pages\/2059\/revisions"}],"predecessor-version":[{"id":8609,"href":"https:\/\/www.merck.ca\/fr\/wp-json\/wp\/v2\/pages\/2059\/revisions\/8609"}],"wp:attachment":[{"href":"https:\/\/www.merck.ca\/fr\/wp-json\/wp\/v2\/media?parent=2059"}],"curies":[{"name":"wp","href":"https:\/\/api.w.org\/{rel}","templated":true}]}}